{"id":3423613,"date":"2025-10-09T22:51:43","date_gmt":"2025-10-10T02:51:43","guid":{"rendered":"https:\/\/stoic-curie.212-227-153-4.plesk.page\/product\/anschluss-guidi-fuer-erdkabel-3\/"},"modified":"2026-02-24T23:35:02","modified_gmt":"2026-02-24T23:35:02","slug":"anschluss-guidi-fuer-erdkabel-3","status":"publish","type":"product","link":"https:\/\/stoic-curie.212-227-153-4.plesk.page\/de\/product\/anschluss-guidi-fuer-erdkabel-3\/","title":{"rendered":"Anschluss Guidi f\u00fcr Erdkabel 3&#8243;"},"content":{"rendered":"<p>Anschluss Guidi f\u00fcr Erdkabel 3&#8243; &#8211; <\/p>\n<p>Messingscheibe mit geerdetem Kabelanschluss. Verhindert galvanische Korrosionssch\u00e4den an Messingfiltern und Abflussk\u00f6pfen.<\/p>\n","protected":false},"excerpt":{"rendered":"<p>Anschluss Guidi f\u00fcr Erdkabel 3&#8243; &#8211; Messingscheibe mit geerdetem Kabelanschluss. Verhindert galvanische Korrosionssch\u00e4den an Messingfiltern und Abflussk\u00f6pfen.<\/p>\n","protected":false},"featured_media":5941191,"comment_status":"closed","ping_status":"closed","template":"","meta":[],"product_brand":[2995],"product_cat":[1370],"product_tag":[],"class_list":{"0":"post-3423613","1":"product","2":"type-product","3":"status-publish","4":"has-post-thumbnail","6":"product_brand-guidi-marine-de","7":"product_cat-einlaufsiebe-und-seeventile","9":"first","10":"instock","11":"shipping-taxable","12":"purchasable","13":"product-type-simple"},"_links":{"self":[{"href":"https:\/\/stoic-curie.212-227-153-4.plesk.page\/de\/wp-json\/wp\/v2\/product\/3423613","targetHints":{"allow":["GET"]}}],"collection":[{"href":"https:\/\/stoic-curie.212-227-153-4.plesk.page\/de\/wp-json\/wp\/v2\/product"}],"about":[{"href":"https:\/\/stoic-curie.212-227-153-4.plesk.page\/de\/wp-json\/wp\/v2\/types\/product"}],"replies":[{"embeddable":true,"href":"https:\/\/stoic-curie.212-227-153-4.plesk.page\/de\/wp-json\/wp\/v2\/comments?post=3423613"}],"version-history":[{"count":0,"href":"https:\/\/stoic-curie.212-227-153-4.plesk.page\/de\/wp-json\/wp\/v2\/product\/3423613\/revisions"}],"wp:featuredmedia":[{"embeddable":true,"href":"https:\/\/stoic-curie.212-227-153-4.plesk.page\/de\/wp-json\/wp\/v2\/media\/5941191"}],"wp:attachment":[{"href":"https:\/\/stoic-curie.212-227-153-4.plesk.page\/de\/wp-json\/wp\/v2\/media?parent=3423613"}],"wp:term":[{"taxonomy":"product_brand","embeddable":true,"href":"https:\/\/stoic-curie.212-227-153-4.plesk.page\/de\/wp-json\/wp\/v2\/product_brand?post=3423613"},{"taxonomy":"product_cat","embeddable":true,"href":"https:\/\/stoic-curie.212-227-153-4.plesk.page\/de\/wp-json\/wp\/v2\/product_cat?post=3423613"},{"taxonomy":"product_tag","embeddable":true,"href":"https:\/\/stoic-curie.212-227-153-4.plesk.page\/de\/wp-json\/wp\/v2\/product_tag?post=3423613"}],"curies":[{"name":"wp","href":"https:\/\/api.w.org\/{rel}","templated":true}]}}