{"id":3423647,"date":"2025-10-09T22:51:44","date_gmt":"2025-10-10T02:51:44","guid":{"rendered":"https:\/\/stoic-curie.212-227-153-4.plesk.page\/product\/angelrutenhalter-weiss-h250mm-d45mm\/"},"modified":"2026-02-24T23:35:02","modified_gmt":"2026-02-24T23:35:02","slug":"angelrutenhalter-weiss-h250mm-d45mm","status":"publish","type":"product","link":"https:\/\/stoic-curie.212-227-153-4.plesk.page\/de\/product\/angelrutenhalter-weiss-h250mm-d45mm\/","title":{"rendered":"Angelrutenhalter Wei\u00df H250mm D45mm"},"content":{"rendered":"<p>Angelrutenhalter Wei\u00df H250mm D45mm &#8211; <\/p>\n<p>Verst\u00e4rkter Nylonk\u00f6rper mit verstellbarem Rutenhalter. Kann entweder als Basis- oder Schienenmontage verwendet werden.<\/p>\n","protected":false},"excerpt":{"rendered":"<p>Angelrutenhalter Wei\u00df H250mm D45mm &#8211; Verst\u00e4rkter Nylonk\u00f6rper mit verstellbarem Rutenhalter. Kann entweder als Basis- oder Schienenmontage verwendet werden.<\/p>\n","protected":false},"featured_media":5943296,"comment_status":"closed","ping_status":"closed","template":"","meta":[],"product_brand":[3490],"product_cat":[1393,1556],"product_tag":[],"class_list":{"0":"post-3423647","1":"product","2":"type-product","3":"status-publish","4":"has-post-thumbnail","6":"product_brand-trem-de","7":"product_cat-angelrutenhalter","8":"product_cat-angelzubehoer","10":"first","11":"instock","12":"shipping-taxable","13":"purchasable","14":"product-type-simple"},"_links":{"self":[{"href":"https:\/\/stoic-curie.212-227-153-4.plesk.page\/de\/wp-json\/wp\/v2\/product\/3423647","targetHints":{"allow":["GET"]}}],"collection":[{"href":"https:\/\/stoic-curie.212-227-153-4.plesk.page\/de\/wp-json\/wp\/v2\/product"}],"about":[{"href":"https:\/\/stoic-curie.212-227-153-4.plesk.page\/de\/wp-json\/wp\/v2\/types\/product"}],"replies":[{"embeddable":true,"href":"https:\/\/stoic-curie.212-227-153-4.plesk.page\/de\/wp-json\/wp\/v2\/comments?post=3423647"}],"version-history":[{"count":0,"href":"https:\/\/stoic-curie.212-227-153-4.plesk.page\/de\/wp-json\/wp\/v2\/product\/3423647\/revisions"}],"wp:featuredmedia":[{"embeddable":true,"href":"https:\/\/stoic-curie.212-227-153-4.plesk.page\/de\/wp-json\/wp\/v2\/media\/5943296"}],"wp:attachment":[{"href":"https:\/\/stoic-curie.212-227-153-4.plesk.page\/de\/wp-json\/wp\/v2\/media?parent=3423647"}],"wp:term":[{"taxonomy":"product_brand","embeddable":true,"href":"https:\/\/stoic-curie.212-227-153-4.plesk.page\/de\/wp-json\/wp\/v2\/product_brand?post=3423647"},{"taxonomy":"product_cat","embeddable":true,"href":"https:\/\/stoic-curie.212-227-153-4.plesk.page\/de\/wp-json\/wp\/v2\/product_cat?post=3423647"},{"taxonomy":"product_tag","embeddable":true,"href":"https:\/\/stoic-curie.212-227-153-4.plesk.page\/de\/wp-json\/wp\/v2\/product_tag?post=3423647"}],"curies":[{"name":"wp","href":"https:\/\/api.w.org\/{rel}","templated":true}]}}