{"id":3423655,"date":"2025-10-09T22:51:44","date_gmt":"2025-10-10T02:51:44","guid":{"rendered":"https:\/\/stoic-curie.212-227-153-4.plesk.page\/product\/versteckte-sicherheitsleitern-31-stufen-versenkte-schrauben\/"},"modified":"2026-02-24T23:35:02","modified_gmt":"2026-02-24T23:35:02","slug":"versteckte-sicherheitsleitern-31-stufen-versenkte-schrauben","status":"publish","type":"product","link":"https:\/\/stoic-curie.212-227-153-4.plesk.page\/de\/product\/versteckte-sicherheitsleitern-31-stufen-versenkte-schrauben\/","title":{"rendered":"Versteckte Sicherheitsleitern 3+1 Stufen Versenkte Schrauben"},"content":{"rendered":"<p>Versteckte Sicherheitsleitern 3+1 Stufen Versenkte Schrauben &#8211; <\/p>\n<p>Versteckte Notfall-Bootsleitern aus Nylon mit einer Struktur und 3 hochfesten Thermopolymer-Stufen sowie einem Griff. Sie m\u00fcssen \u00fcber der Wasserlinie in ein versenktes, wasserdichtes Thermopolymer-Geh\u00e4use installiert werden. Sehr einfach zu bedienen: Die Person \u00fcber Bord zieht den Verriegelungsring, um die Leiter herauszulassen.<\/p>\n","protected":false},"excerpt":{"rendered":"<p>Versteckte Sicherheitsleitern 3+1 Stufen Versenkte Schrauben &#8211; Versteckte Notfall-Bootsleitern aus Nylon mit einer Struktur und 3 hochfesten Thermopolymer-Stufen sowie einem<\/p>\n","protected":false},"featured_media":5943636,"comment_status":"closed","ping_status":"closed","template":"","meta":[],"product_brand":[2860],"product_cat":[1331,1318],"product_tag":[],"class_list":{"0":"post-3423655","1":"product","2":"type-product","3":"status-publish","4":"has-post-thumbnail","6":"product_brand-ceredi-de","7":"product_cat-bootsleitern","8":"product_cat-sicherheitszubehoer","10":"first","11":"instock","12":"shipping-taxable","13":"purchasable","14":"product-type-simple"},"_links":{"self":[{"href":"https:\/\/stoic-curie.212-227-153-4.plesk.page\/de\/wp-json\/wp\/v2\/product\/3423655","targetHints":{"allow":["GET"]}}],"collection":[{"href":"https:\/\/stoic-curie.212-227-153-4.plesk.page\/de\/wp-json\/wp\/v2\/product"}],"about":[{"href":"https:\/\/stoic-curie.212-227-153-4.plesk.page\/de\/wp-json\/wp\/v2\/types\/product"}],"replies":[{"embeddable":true,"href":"https:\/\/stoic-curie.212-227-153-4.plesk.page\/de\/wp-json\/wp\/v2\/comments?post=3423655"}],"version-history":[{"count":0,"href":"https:\/\/stoic-curie.212-227-153-4.plesk.page\/de\/wp-json\/wp\/v2\/product\/3423655\/revisions"}],"wp:featuredmedia":[{"embeddable":true,"href":"https:\/\/stoic-curie.212-227-153-4.plesk.page\/de\/wp-json\/wp\/v2\/media\/5943636"}],"wp:attachment":[{"href":"https:\/\/stoic-curie.212-227-153-4.plesk.page\/de\/wp-json\/wp\/v2\/media?parent=3423655"}],"wp:term":[{"taxonomy":"product_brand","embeddable":true,"href":"https:\/\/stoic-curie.212-227-153-4.plesk.page\/de\/wp-json\/wp\/v2\/product_brand?post=3423655"},{"taxonomy":"product_cat","embeddable":true,"href":"https:\/\/stoic-curie.212-227-153-4.plesk.page\/de\/wp-json\/wp\/v2\/product_cat?post=3423655"},{"taxonomy":"product_tag","embeddable":true,"href":"https:\/\/stoic-curie.212-227-153-4.plesk.page\/de\/wp-json\/wp\/v2\/product_tag?post=3423655"}],"curies":[{"name":"wp","href":"https:\/\/api.w.org\/{rel}","templated":true}]}}