{"id":3423669,"date":"2025-10-09T22:51:45","date_gmt":"2025-10-10T02:51:45","guid":{"rendered":"https:\/\/stoic-curie.212-227-153-4.plesk.page\/product\/kraftstoffdeckbefuellungen-aus-verstaerktem-kunststoff-mit-chromkappe-durchmesser-50-mm\/"},"modified":"2026-02-24T23:35:02","modified_gmt":"2026-02-24T23:35:02","slug":"kraftstoffdeckbefuellungen-aus-verstaerktem-kunststoff-mit-chromkappe-durchmesser-50-mm","status":"publish","type":"product","link":"https:\/\/stoic-curie.212-227-153-4.plesk.page\/de\/product\/kraftstoffdeckbefuellungen-aus-verstaerktem-kunststoff-mit-chromkappe-durchmesser-50-mm\/","title":{"rendered":"Kraftstoffdeckbef\u00fcllungen aus verst\u00e4rktem Kunststoff mit Chromkappe, Durchmesser 50 mm"},"content":{"rendered":"<p>Kraftstoffdeckbef\u00fcllungen aus verst\u00e4rktem Kunststoff mit Chromkappe, Durchmesser 50 mm &#8211; <\/p>\n<p>Verst\u00e4rkter Kunststoffdeck mit ergonomisch gestaltetem, gezacktem verchromtem Deckel.<\/p>\n","protected":false},"excerpt":{"rendered":"<p>Kraftstoffdeckbef\u00fcllungen aus verst\u00e4rktem Kunststoff mit Chromkappe, Durchmesser 50 mm &#8211; Verst\u00e4rkter Kunststoffdeck mit ergonomisch gestaltetem, gezacktem verchromtem Deckel.<\/p>\n","protected":false},"featured_media":5941282,"comment_status":"closed","ping_status":"closed","template":"","meta":[],"product_brand":[2855],"product_cat":[1514],"product_tag":[],"class_list":{"0":"post-3423669","1":"product","2":"type-product","3":"status-publish","4":"has-post-thumbnail","6":"product_brand-can-marine-de","7":"product_cat-kraftstoffeinfueller","9":"first","10":"instock","11":"shipping-taxable","12":"purchasable","13":"product-type-simple"},"_links":{"self":[{"href":"https:\/\/stoic-curie.212-227-153-4.plesk.page\/de\/wp-json\/wp\/v2\/product\/3423669","targetHints":{"allow":["GET"]}}],"collection":[{"href":"https:\/\/stoic-curie.212-227-153-4.plesk.page\/de\/wp-json\/wp\/v2\/product"}],"about":[{"href":"https:\/\/stoic-curie.212-227-153-4.plesk.page\/de\/wp-json\/wp\/v2\/types\/product"}],"replies":[{"embeddable":true,"href":"https:\/\/stoic-curie.212-227-153-4.plesk.page\/de\/wp-json\/wp\/v2\/comments?post=3423669"}],"version-history":[{"count":0,"href":"https:\/\/stoic-curie.212-227-153-4.plesk.page\/de\/wp-json\/wp\/v2\/product\/3423669\/revisions"}],"wp:featuredmedia":[{"embeddable":true,"href":"https:\/\/stoic-curie.212-227-153-4.plesk.page\/de\/wp-json\/wp\/v2\/media\/5941282"}],"wp:attachment":[{"href":"https:\/\/stoic-curie.212-227-153-4.plesk.page\/de\/wp-json\/wp\/v2\/media?parent=3423669"}],"wp:term":[{"taxonomy":"product_brand","embeddable":true,"href":"https:\/\/stoic-curie.212-227-153-4.plesk.page\/de\/wp-json\/wp\/v2\/product_brand?post=3423669"},{"taxonomy":"product_cat","embeddable":true,"href":"https:\/\/stoic-curie.212-227-153-4.plesk.page\/de\/wp-json\/wp\/v2\/product_cat?post=3423669"},{"taxonomy":"product_tag","embeddable":true,"href":"https:\/\/stoic-curie.212-227-153-4.plesk.page\/de\/wp-json\/wp\/v2\/product_tag?post=3423669"}],"curies":[{"name":"wp","href":"https:\/\/api.w.org\/{rel}","templated":true}]}}