{"id":3423704,"date":"2025-10-09T22:51:46","date_gmt":"2025-10-10T02:51:46","guid":{"rendered":"https:\/\/stoic-curie.212-227-153-4.plesk.page\/product\/untere-aluminiumplatte-fuer-quecksilber-und-mercruiser-d90-x-h23mm-76214-q5\/"},"modified":"2026-02-24T23:35:02","modified_gmt":"2026-02-24T23:35:02","slug":"untere-aluminiumplatte-fuer-quecksilber-und-mercruiser-d90-x-h23mm-76214-q5","status":"publish","type":"product","link":"https:\/\/stoic-curie.212-227-153-4.plesk.page\/de\/product\/untere-aluminiumplatte-fuer-quecksilber-und-mercruiser-d90-x-h23mm-76214-q5\/","title":{"rendered":"Untere Aluminiumplatte f\u00fcr Quecksilber und Mercruiser D90 x H23mm 76214 Q5"},"content":{"rendered":"<p>Untere Aluminiumplatte f\u00fcr Quecksilber und Mercruiser D90 x H23mm 76214 Q5 &#8211; <\/p>\n<p>Martyr Aluminium M2 Legierungsanoden f\u00fcr Mercruiser Au\u00dfenbordmotoren. <br \/>\u2022 Sch\u00fctzen 50 % l\u00e4nger als herk\u00f6mmliche Zinkanoden <br \/>\u2022 Wiegen 50 % weniger als herk\u00f6mmliche Zinkanoden<\/p>\n","protected":false},"excerpt":{"rendered":"<p>Untere Aluminiumplatte f\u00fcr Quecksilber und Mercruiser D90 x H23mm 76214 Q5 &#8211; Martyr Aluminium M2 Legierungsanoden f\u00fcr Mercruiser Au\u00dfenbordmotoren. \u2022<\/p>\n","protected":false},"featured_media":5943644,"comment_status":"closed","ping_status":"closed","template":"","meta":[],"product_brand":[3125],"product_cat":[1543],"product_tag":[],"class_list":{"0":"post-3423704","1":"product","2":"type-product","3":"status-publish","4":"has-post-thumbnail","6":"product_brand-martyr-de","7":"product_cat-marine-ersatzteile-fuer-mercruiser","9":"first","10":"instock","11":"shipping-taxable","12":"purchasable","13":"product-type-simple"},"_links":{"self":[{"href":"https:\/\/stoic-curie.212-227-153-4.plesk.page\/de\/wp-json\/wp\/v2\/product\/3423704","targetHints":{"allow":["GET"]}}],"collection":[{"href":"https:\/\/stoic-curie.212-227-153-4.plesk.page\/de\/wp-json\/wp\/v2\/product"}],"about":[{"href":"https:\/\/stoic-curie.212-227-153-4.plesk.page\/de\/wp-json\/wp\/v2\/types\/product"}],"replies":[{"embeddable":true,"href":"https:\/\/stoic-curie.212-227-153-4.plesk.page\/de\/wp-json\/wp\/v2\/comments?post=3423704"}],"version-history":[{"count":0,"href":"https:\/\/stoic-curie.212-227-153-4.plesk.page\/de\/wp-json\/wp\/v2\/product\/3423704\/revisions"}],"wp:featuredmedia":[{"embeddable":true,"href":"https:\/\/stoic-curie.212-227-153-4.plesk.page\/de\/wp-json\/wp\/v2\/media\/5943644"}],"wp:attachment":[{"href":"https:\/\/stoic-curie.212-227-153-4.plesk.page\/de\/wp-json\/wp\/v2\/media?parent=3423704"}],"wp:term":[{"taxonomy":"product_brand","embeddable":true,"href":"https:\/\/stoic-curie.212-227-153-4.plesk.page\/de\/wp-json\/wp\/v2\/product_brand?post=3423704"},{"taxonomy":"product_cat","embeddable":true,"href":"https:\/\/stoic-curie.212-227-153-4.plesk.page\/de\/wp-json\/wp\/v2\/product_cat?post=3423704"},{"taxonomy":"product_tag","embeddable":true,"href":"https:\/\/stoic-curie.212-227-153-4.plesk.page\/de\/wp-json\/wp\/v2\/product_tag?post=3423704"}],"curies":[{"name":"wp","href":"https:\/\/api.w.org\/{rel}","templated":true}]}}