{"id":3423705,"date":"2025-10-09T22:51:47","date_gmt":"2025-10-10T02:51:47","guid":{"rendered":"https:\/\/stoic-curie.212-227-153-4.plesk.page\/product\/aluminium-trimmbalken-mercury-195-x-50-x-h11-mm-818298-q1\/"},"modified":"2026-02-24T23:35:02","modified_gmt":"2026-02-24T23:35:02","slug":"aluminium-trimmbalken-mercury-195-x-50-x-h11-mm-818298-q1","status":"publish","type":"product","link":"https:\/\/stoic-curie.212-227-153-4.plesk.page\/de\/product\/aluminium-trimmbalken-mercury-195-x-50-x-h11-mm-818298-q1\/","title":{"rendered":"Aluminium Trimmbalken Mercury 195 x 50 x H11 mm 818298 Q1"},"content":{"rendered":"<p>Aluminium Trimmbalken Mercury 195 x 50 x H11 mm 818298 Q1 &#8211; <\/p>\n<p>Martyr Aluminium M2 Legierungsanoden f\u00fcr Mercury Au\u00dfenbordmotoren. \u00e2\u0080\u00a2 Sch\u00fctzt 50% l\u00e4nger als herk\u00f6mmliche Zinkanoden \u00e2\u0080\u00a2 Wiegt 50% weniger als herk\u00f6mmliche Zinkanoden <\/p>\n","protected":false},"excerpt":{"rendered":"<p>Aluminium Trimmbalken Mercury 195 x 50 x H11 mm 818298 Q1 &#8211; Martyr Aluminium M2 Legierungsanoden f\u00fcr Mercury Au\u00dfenbordmotoren. \u00e2\u0080\u00a2<\/p>\n","protected":false},"featured_media":5943645,"comment_status":"closed","ping_status":"closed","template":"","meta":[],"product_brand":[3125],"product_cat":[1528],"product_tag":[],"class_list":{"0":"post-3423705","1":"product","2":"type-product","3":"status-publish","4":"has-post-thumbnail","6":"product_brand-martyr-de","7":"product_cat-marine-ersatzteile-fuer-mercury-und-mariner","9":"first","10":"instock","11":"shipping-taxable","12":"purchasable","13":"product-type-simple"},"_links":{"self":[{"href":"https:\/\/stoic-curie.212-227-153-4.plesk.page\/de\/wp-json\/wp\/v2\/product\/3423705","targetHints":{"allow":["GET"]}}],"collection":[{"href":"https:\/\/stoic-curie.212-227-153-4.plesk.page\/de\/wp-json\/wp\/v2\/product"}],"about":[{"href":"https:\/\/stoic-curie.212-227-153-4.plesk.page\/de\/wp-json\/wp\/v2\/types\/product"}],"replies":[{"embeddable":true,"href":"https:\/\/stoic-curie.212-227-153-4.plesk.page\/de\/wp-json\/wp\/v2\/comments?post=3423705"}],"version-history":[{"count":0,"href":"https:\/\/stoic-curie.212-227-153-4.plesk.page\/de\/wp-json\/wp\/v2\/product\/3423705\/revisions"}],"wp:featuredmedia":[{"embeddable":true,"href":"https:\/\/stoic-curie.212-227-153-4.plesk.page\/de\/wp-json\/wp\/v2\/media\/5943645"}],"wp:attachment":[{"href":"https:\/\/stoic-curie.212-227-153-4.plesk.page\/de\/wp-json\/wp\/v2\/media?parent=3423705"}],"wp:term":[{"taxonomy":"product_brand","embeddable":true,"href":"https:\/\/stoic-curie.212-227-153-4.plesk.page\/de\/wp-json\/wp\/v2\/product_brand?post=3423705"},{"taxonomy":"product_cat","embeddable":true,"href":"https:\/\/stoic-curie.212-227-153-4.plesk.page\/de\/wp-json\/wp\/v2\/product_cat?post=3423705"},{"taxonomy":"product_tag","embeddable":true,"href":"https:\/\/stoic-curie.212-227-153-4.plesk.page\/de\/wp-json\/wp\/v2\/product_tag?post=3423705"}],"curies":[{"name":"wp","href":"https:\/\/api.w.org\/{rel}","templated":true}]}}