{"id":3423727,"date":"2025-10-09T22:51:47","date_gmt":"2025-10-10T02:51:47","guid":{"rendered":"https:\/\/stoic-curie.212-227-153-4.plesk.page\/product\/aluminiumwuerfel-fuer-johnson-evinrude-40-x-40-x-h25mm-436745\/"},"modified":"2026-02-24T23:35:02","modified_gmt":"2026-02-24T23:35:02","slug":"aluminiumwuerfel-fuer-johnson-evinrude-40-x-40-x-h25mm-436745","status":"publish","type":"product","link":"https:\/\/stoic-curie.212-227-153-4.plesk.page\/de\/product\/aluminiumwuerfel-fuer-johnson-evinrude-40-x-40-x-h25mm-436745\/","title":{"rendered":"Aluminiumw\u00fcrfel f\u00fcr Johnson \/ Evinrude 40 x 40 x H25mm 436745"},"content":{"rendered":"<p>Aluminiumw\u00fcrfel f\u00fcr Johnson \/ Evinrude 40 x 40 x H25mm 436745 &#8211; <\/p>\n<p>Martyr Aluminium M2 Legierungsanoden f\u00fcr Johnson\/Evinrude Au\u00dfenbordmotoren.<br \/>\u2022 Sch\u00fctzt 50 % l\u00e4nger als herk\u00f6mmliche Zinkanoden.<br \/>\u2022 Wiegt 50 % weniger als herk\u00f6mmliche Zinkanoden.<\/p>\n","protected":false},"excerpt":{"rendered":"<p>Aluminiumw\u00fcrfel f\u00fcr Johnson \/ Evinrude 40 x 40 x H25mm 436745 &#8211; Martyr Aluminium M2 Legierungsanoden f\u00fcr Johnson\/Evinrude Au\u00dfenbordmotoren.\u2022 Sch\u00fctzt<\/p>\n","protected":false},"featured_media":5943652,"comment_status":"closed","ping_status":"closed","template":"","meta":[],"product_brand":[3125],"product_cat":[1534],"product_tag":[],"class_list":{"0":"post-3423727","1":"product","2":"type-product","3":"status-publish","4":"has-post-thumbnail","6":"product_brand-martyr-de","7":"product_cat-marine-ersatzteile-fuer-johnson-und-evinrude","9":"first","10":"instock","11":"shipping-taxable","12":"purchasable","13":"product-type-simple"},"_links":{"self":[{"href":"https:\/\/stoic-curie.212-227-153-4.plesk.page\/de\/wp-json\/wp\/v2\/product\/3423727","targetHints":{"allow":["GET"]}}],"collection":[{"href":"https:\/\/stoic-curie.212-227-153-4.plesk.page\/de\/wp-json\/wp\/v2\/product"}],"about":[{"href":"https:\/\/stoic-curie.212-227-153-4.plesk.page\/de\/wp-json\/wp\/v2\/types\/product"}],"replies":[{"embeddable":true,"href":"https:\/\/stoic-curie.212-227-153-4.plesk.page\/de\/wp-json\/wp\/v2\/comments?post=3423727"}],"version-history":[{"count":0,"href":"https:\/\/stoic-curie.212-227-153-4.plesk.page\/de\/wp-json\/wp\/v2\/product\/3423727\/revisions"}],"wp:featuredmedia":[{"embeddable":true,"href":"https:\/\/stoic-curie.212-227-153-4.plesk.page\/de\/wp-json\/wp\/v2\/media\/5943652"}],"wp:attachment":[{"href":"https:\/\/stoic-curie.212-227-153-4.plesk.page\/de\/wp-json\/wp\/v2\/media?parent=3423727"}],"wp:term":[{"taxonomy":"product_brand","embeddable":true,"href":"https:\/\/stoic-curie.212-227-153-4.plesk.page\/de\/wp-json\/wp\/v2\/product_brand?post=3423727"},{"taxonomy":"product_cat","embeddable":true,"href":"https:\/\/stoic-curie.212-227-153-4.plesk.page\/de\/wp-json\/wp\/v2\/product_cat?post=3423727"},{"taxonomy":"product_tag","embeddable":true,"href":"https:\/\/stoic-curie.212-227-153-4.plesk.page\/de\/wp-json\/wp\/v2\/product_tag?post=3423727"}],"curies":[{"name":"wp","href":"https:\/\/api.w.org\/{rel}","templated":true}]}}