{"id":3423830,"date":"2025-10-09T22:51:52","date_gmt":"2025-10-10T02:51:52","guid":{"rendered":"https:\/\/stoic-curie.212-227-153-4.plesk.page\/product\/dura-float-olive-signalboje-orange-175x135mm\/"},"modified":"2026-02-24T23:35:02","modified_gmt":"2026-02-24T23:35:02","slug":"dura-float-olive-signalboje-orange-175x135mm","status":"publish","type":"product","link":"https:\/\/stoic-curie.212-227-153-4.plesk.page\/de\/product\/dura-float-olive-signalboje-orange-175x135mm\/","title":{"rendered":"Dura Float Olive Signalboje Orange 175x135mm"},"content":{"rendered":"<p>Dura Float Olive Signalboje Orange 175x135mm &#8211; <\/p>\n<p>Verst\u00e4rktes Kunststoffsignalboje, gef\u00fcllt mit geschlossenem Zellenschaum. Sehr stabil, nahezu unzerst\u00f6rbar und unsinkbar. Lochdurchmesser 30 mm.<\/p>\n","protected":false},"excerpt":{"rendered":"<p>Dura Float Olive Signalboje Orange 175x135mm &#8211; Verst\u00e4rktes Kunststoffsignalboje, gef\u00fcllt mit geschlossenem Zellenschaum. Sehr stabil, nahezu unzerst\u00f6rbar und unsinkbar. Lochdurchmesser<\/p>\n","protected":false},"featured_media":5943693,"comment_status":"closed","ping_status":"closed","template":"","meta":[],"product_brand":[2855],"product_cat":[1563],"product_tag":[],"class_list":{"0":"post-3423830","1":"product","2":"type-product","3":"status-publish","4":"has-post-thumbnail","6":"product_brand-can-marine-de","7":"product_cat-anlege-und-signalbojen","9":"first","10":"instock","11":"shipping-taxable","12":"purchasable","13":"product-type-simple"},"_links":{"self":[{"href":"https:\/\/stoic-curie.212-227-153-4.plesk.page\/de\/wp-json\/wp\/v2\/product\/3423830","targetHints":{"allow":["GET"]}}],"collection":[{"href":"https:\/\/stoic-curie.212-227-153-4.plesk.page\/de\/wp-json\/wp\/v2\/product"}],"about":[{"href":"https:\/\/stoic-curie.212-227-153-4.plesk.page\/de\/wp-json\/wp\/v2\/types\/product"}],"replies":[{"embeddable":true,"href":"https:\/\/stoic-curie.212-227-153-4.plesk.page\/de\/wp-json\/wp\/v2\/comments?post=3423830"}],"version-history":[{"count":0,"href":"https:\/\/stoic-curie.212-227-153-4.plesk.page\/de\/wp-json\/wp\/v2\/product\/3423830\/revisions"}],"wp:featuredmedia":[{"embeddable":true,"href":"https:\/\/stoic-curie.212-227-153-4.plesk.page\/de\/wp-json\/wp\/v2\/media\/5943693"}],"wp:attachment":[{"href":"https:\/\/stoic-curie.212-227-153-4.plesk.page\/de\/wp-json\/wp\/v2\/media?parent=3423830"}],"wp:term":[{"taxonomy":"product_brand","embeddable":true,"href":"https:\/\/stoic-curie.212-227-153-4.plesk.page\/de\/wp-json\/wp\/v2\/product_brand?post=3423830"},{"taxonomy":"product_cat","embeddable":true,"href":"https:\/\/stoic-curie.212-227-153-4.plesk.page\/de\/wp-json\/wp\/v2\/product_cat?post=3423830"},{"taxonomy":"product_tag","embeddable":true,"href":"https:\/\/stoic-curie.212-227-153-4.plesk.page\/de\/wp-json\/wp\/v2\/product_tag?post=3423830"}],"curies":[{"name":"wp","href":"https:\/\/api.w.org\/{rel}","templated":true}]}}