{"id":3423953,"date":"2025-10-09T22:51:56","date_gmt":"2025-10-10T02:51:56","guid":{"rendered":"https:\/\/stoic-curie.212-227-153-4.plesk.page\/product\/digitaler-elektronischer-schalter-laguna-12-24v\/"},"modified":"2026-02-24T23:35:02","modified_gmt":"2026-02-24T23:35:02","slug":"digitaler-elektronischer-schalter-laguna-12-24v","status":"publish","type":"product","link":"https:\/\/stoic-curie.212-227-153-4.plesk.page\/de\/product\/digitaler-elektronischer-schalter-laguna-12-24v\/","title":{"rendered":"Digitaler elektronischer Schalter Laguna 12-24V"},"content":{"rendered":"<p>Digitaler elektronischer Schalter Laguna 12-24V &#8211; <\/p>\n<p>12\/24V Laguna digitale elektronische Schaltung, die Wasser in der Bilge erkennt und automatisch mit einer programmierten Verz\u00f6gerung aktiviert wird, um Fehlstarts aufgrund von spritzendem Wasser oder Schmutz zu vermeiden. Vollst\u00e4ndig abgedichtet und korrosionsbest\u00e4ndig.<\/p>\n","protected":false},"excerpt":{"rendered":"<p>Digitaler elektronischer Schalter Laguna 12-24V &#8211; 12\/24V Laguna digitale elektronische Schaltung, die Wasser in der Bilge erkennt und automatisch mit<\/p>\n","protected":false},"featured_media":5943707,"comment_status":"closed","ping_status":"closed","template":"","meta":[],"product_brand":[3140],"product_cat":[1372],"product_tag":[],"class_list":{"0":"post-3423953","1":"product","2":"type-product","3":"status-publish","4":"has-post-thumbnail","6":"product_brand-matromarine-de","7":"product_cat-elektrische-bilgepumpen","9":"first","10":"instock","11":"shipping-taxable","12":"purchasable","13":"product-type-simple"},"_links":{"self":[{"href":"https:\/\/stoic-curie.212-227-153-4.plesk.page\/de\/wp-json\/wp\/v2\/product\/3423953","targetHints":{"allow":["GET"]}}],"collection":[{"href":"https:\/\/stoic-curie.212-227-153-4.plesk.page\/de\/wp-json\/wp\/v2\/product"}],"about":[{"href":"https:\/\/stoic-curie.212-227-153-4.plesk.page\/de\/wp-json\/wp\/v2\/types\/product"}],"replies":[{"embeddable":true,"href":"https:\/\/stoic-curie.212-227-153-4.plesk.page\/de\/wp-json\/wp\/v2\/comments?post=3423953"}],"version-history":[{"count":0,"href":"https:\/\/stoic-curie.212-227-153-4.plesk.page\/de\/wp-json\/wp\/v2\/product\/3423953\/revisions"}],"wp:featuredmedia":[{"embeddable":true,"href":"https:\/\/stoic-curie.212-227-153-4.plesk.page\/de\/wp-json\/wp\/v2\/media\/5943707"}],"wp:attachment":[{"href":"https:\/\/stoic-curie.212-227-153-4.plesk.page\/de\/wp-json\/wp\/v2\/media?parent=3423953"}],"wp:term":[{"taxonomy":"product_brand","embeddable":true,"href":"https:\/\/stoic-curie.212-227-153-4.plesk.page\/de\/wp-json\/wp\/v2\/product_brand?post=3423953"},{"taxonomy":"product_cat","embeddable":true,"href":"https:\/\/stoic-curie.212-227-153-4.plesk.page\/de\/wp-json\/wp\/v2\/product_cat?post=3423953"},{"taxonomy":"product_tag","embeddable":true,"href":"https:\/\/stoic-curie.212-227-153-4.plesk.page\/de\/wp-json\/wp\/v2\/product_tag?post=3423953"}],"curies":[{"name":"wp","href":"https:\/\/api.w.org\/{rel}","templated":true}]}}