{"id":3423987,"date":"2025-10-09T22:51:58","date_gmt":"2025-10-10T02:51:58","guid":{"rendered":"https:\/\/stoic-curie.212-227-153-4.plesk.page\/product\/griffin-10-mikron-filterelement-volvo-857633-yamaha-ymm2e22701-racor-s3227-s3228ul\/"},"modified":"2026-02-24T23:35:02","modified_gmt":"2026-02-24T23:35:02","slug":"griffin-10-mikron-filterelement-volvo-857633-yamaha-ymm2e22701-racor-s3227-s3228ul","status":"publish","type":"product","link":"https:\/\/stoic-curie.212-227-153-4.plesk.page\/de\/product\/griffin-10-mikron-filterelement-volvo-857633-yamaha-ymm2e22701-racor-s3227-s3228ul\/","title":{"rendered":"Griffin 10-Mikron-Filterelement Volvo 857633 \/ Yamaha YMM2E22701 \/ Racor S3227-S3228UL"},"content":{"rendered":"<p>Griffin 10-Mikron-Filterelement Volvo 857633 \/ Yamaha YMM2E22701 \/ Racor S3227-S3228UL &#8211; <\/p>\n<p>10 Mikron Filterelement f\u00fcr Au\u00dfenbord- und Innenbordmotoren Benzinfilter. MICROBLOC-Technologie (99,8 % Effektivit\u00e4t bei der Trennung von Wasser und Benzin). Qualit\u00e4t wie Originalteile, kann Filterelemente von Racor &#8211; Mercury\/Mercruiser &#8211; Volvo Penta &#8211; Yamaha ersetzen.<\/p>\n","protected":false},"excerpt":{"rendered":"<p>Griffin 10-Mikron-Filterelement Volvo 857633 \/ Yamaha YMM2E22701 \/ Racor S3227-S3228UL &#8211; 10 Mikron Filterelement f\u00fcr Au\u00dfenbord- und Innenbordmotoren Benzinfilter. MICROBLOC-Technologie<\/p>\n","protected":false},"featured_media":5943715,"comment_status":"closed","ping_status":"closed","template":"","meta":[],"product_brand":[2985],"product_cat":[1510,1542,1544],"product_tag":[],"class_list":{"0":"post-3423987","1":"product","2":"type-product","3":"status-publish","4":"has-post-thumbnail","6":"product_brand-griffin-de","7":"product_cat-kraftstoff-wasser-trennfilter","8":"product_cat-marine-ersatzteile-fuer-volvo-penta","9":"product_cat-marine-ersatzteile-fuer-yamaha","11":"first","12":"instock","13":"shipping-taxable","14":"purchasable","15":"product-type-simple"},"_links":{"self":[{"href":"https:\/\/stoic-curie.212-227-153-4.plesk.page\/de\/wp-json\/wp\/v2\/product\/3423987","targetHints":{"allow":["GET"]}}],"collection":[{"href":"https:\/\/stoic-curie.212-227-153-4.plesk.page\/de\/wp-json\/wp\/v2\/product"}],"about":[{"href":"https:\/\/stoic-curie.212-227-153-4.plesk.page\/de\/wp-json\/wp\/v2\/types\/product"}],"replies":[{"embeddable":true,"href":"https:\/\/stoic-curie.212-227-153-4.plesk.page\/de\/wp-json\/wp\/v2\/comments?post=3423987"}],"version-history":[{"count":0,"href":"https:\/\/stoic-curie.212-227-153-4.plesk.page\/de\/wp-json\/wp\/v2\/product\/3423987\/revisions"}],"wp:featuredmedia":[{"embeddable":true,"href":"https:\/\/stoic-curie.212-227-153-4.plesk.page\/de\/wp-json\/wp\/v2\/media\/5943715"}],"wp:attachment":[{"href":"https:\/\/stoic-curie.212-227-153-4.plesk.page\/de\/wp-json\/wp\/v2\/media?parent=3423987"}],"wp:term":[{"taxonomy":"product_brand","embeddable":true,"href":"https:\/\/stoic-curie.212-227-153-4.plesk.page\/de\/wp-json\/wp\/v2\/product_brand?post=3423987"},{"taxonomy":"product_cat","embeddable":true,"href":"https:\/\/stoic-curie.212-227-153-4.plesk.page\/de\/wp-json\/wp\/v2\/product_cat?post=3423987"},{"taxonomy":"product_tag","embeddable":true,"href":"https:\/\/stoic-curie.212-227-153-4.plesk.page\/de\/wp-json\/wp\/v2\/product_tag?post=3423987"}],"curies":[{"name":"wp","href":"https:\/\/api.w.org\/{rel}","templated":true}]}}