{"id":3424014,"date":"2025-10-09T22:51:59","date_gmt":"2025-10-10T02:51:59","guid":{"rendered":"https:\/\/stoic-curie.212-227-153-4.plesk.page\/product\/edelstahl-basis-schraeg-fuer-fahnenmasten-d14mm\/"},"modified":"2026-02-24T23:35:02","modified_gmt":"2026-02-24T23:35:02","slug":"edelstahl-basis-schraeg-fuer-fahnenmasten-d14mm","status":"publish","type":"product","link":"https:\/\/stoic-curie.212-227-153-4.plesk.page\/de\/product\/edelstahl-basis-schraeg-fuer-fahnenmasten-d14mm\/","title":{"rendered":"Edelstahl-Basis schr\u00e4g f\u00fcr Fahnenmasten D14mm"},"content":{"rendered":"<p>Edelstahl-Basis schr\u00e4g f\u00fcr Fahnenmasten D14mm &#8211; <\/p>\n<p>Klassischer Edelstahl-Flaggenmast mit 2 Seil\u00f6sen. Wird mit einer Standard-Oberfl\u00e4chenmontage-Sockel erg\u00e4nzt.<\/p>\n","protected":false},"excerpt":{"rendered":"<p>Edelstahl-Basis schr\u00e4g f\u00fcr Fahnenmasten D14mm &#8211; Klassischer Edelstahl-Flaggenmast mit 2 Seil\u00f6sen. Wird mit einer Standard-Oberfl\u00e4chenmontage-Sockel erg\u00e4nzt.<\/p>\n","protected":false},"featured_media":5941897,"comment_status":"closed","ping_status":"closed","template":"","meta":[],"product_brand":[3490],"product_cat":[1394],"product_tag":[],"class_list":{"0":"post-3424014","1":"product","2":"type-product","3":"status-publish","4":"has-post-thumbnail","6":"product_brand-trem-de","7":"product_cat-flaggenstangen","9":"first","10":"instock","11":"shipping-taxable","12":"purchasable","13":"product-type-simple"},"_links":{"self":[{"href":"https:\/\/stoic-curie.212-227-153-4.plesk.page\/de\/wp-json\/wp\/v2\/product\/3424014","targetHints":{"allow":["GET"]}}],"collection":[{"href":"https:\/\/stoic-curie.212-227-153-4.plesk.page\/de\/wp-json\/wp\/v2\/product"}],"about":[{"href":"https:\/\/stoic-curie.212-227-153-4.plesk.page\/de\/wp-json\/wp\/v2\/types\/product"}],"replies":[{"embeddable":true,"href":"https:\/\/stoic-curie.212-227-153-4.plesk.page\/de\/wp-json\/wp\/v2\/comments?post=3424014"}],"version-history":[{"count":0,"href":"https:\/\/stoic-curie.212-227-153-4.plesk.page\/de\/wp-json\/wp\/v2\/product\/3424014\/revisions"}],"wp:featuredmedia":[{"embeddable":true,"href":"https:\/\/stoic-curie.212-227-153-4.plesk.page\/de\/wp-json\/wp\/v2\/media\/5941897"}],"wp:attachment":[{"href":"https:\/\/stoic-curie.212-227-153-4.plesk.page\/de\/wp-json\/wp\/v2\/media?parent=3424014"}],"wp:term":[{"taxonomy":"product_brand","embeddable":true,"href":"https:\/\/stoic-curie.212-227-153-4.plesk.page\/de\/wp-json\/wp\/v2\/product_brand?post=3424014"},{"taxonomy":"product_cat","embeddable":true,"href":"https:\/\/stoic-curie.212-227-153-4.plesk.page\/de\/wp-json\/wp\/v2\/product_cat?post=3424014"},{"taxonomy":"product_tag","embeddable":true,"href":"https:\/\/stoic-curie.212-227-153-4.plesk.page\/de\/wp-json\/wp\/v2\/product_tag?post=3424014"}],"curies":[{"name":"wp","href":"https:\/\/api.w.org\/{rel}","templated":true}]}}