{"id":3424035,"date":"2025-10-09T22:52:00","date_gmt":"2025-10-10T02:52:00","guid":{"rendered":"https:\/\/stoic-curie.212-227-153-4.plesk.page\/product\/edelstahl-basis-buendig-montiert-fuer-fahnenmasten-d20mm\/"},"modified":"2026-02-24T23:35:02","modified_gmt":"2026-02-24T23:35:02","slug":"edelstahl-basis-buendig-montiert-fuer-fahnenmasten-d20mm","status":"publish","type":"product","link":"https:\/\/stoic-curie.212-227-153-4.plesk.page\/de\/product\/edelstahl-basis-buendig-montiert-fuer-fahnenmasten-d20mm\/","title":{"rendered":"Edelstahl-Basis b\u00fcndig montiert f\u00fcr Fahnenmasten D20mm"},"content":{"rendered":"<p>Edelstahl-Basis b\u00fcndig montiert f\u00fcr Fahnenmasten D20mm &#8211; <\/p>\n<p>Klassischer Flaggenmast aus Edelstahl mit 2 Seil\u00f6sen. Kann mit einem Standard- oder Flusssockel erg\u00e4nzt werden.<\/p>\n","protected":false},"excerpt":{"rendered":"<p>Edelstahl-Basis b\u00fcndig montiert f\u00fcr Fahnenmasten D20mm &#8211; Klassischer Flaggenmast aus Edelstahl mit 2 Seil\u00f6sen. Kann mit einem Standard- oder Flusssockel<\/p>\n","protected":false},"featured_media":5943724,"comment_status":"closed","ping_status":"closed","template":"","meta":[],"product_brand":[3490],"product_cat":[1394],"product_tag":[],"class_list":{"0":"post-3424035","1":"product","2":"type-product","3":"status-publish","4":"has-post-thumbnail","6":"product_brand-trem-de","7":"product_cat-flaggenstangen","9":"first","10":"instock","11":"shipping-taxable","12":"purchasable","13":"product-type-simple"},"_links":{"self":[{"href":"https:\/\/stoic-curie.212-227-153-4.plesk.page\/de\/wp-json\/wp\/v2\/product\/3424035","targetHints":{"allow":["GET"]}}],"collection":[{"href":"https:\/\/stoic-curie.212-227-153-4.plesk.page\/de\/wp-json\/wp\/v2\/product"}],"about":[{"href":"https:\/\/stoic-curie.212-227-153-4.plesk.page\/de\/wp-json\/wp\/v2\/types\/product"}],"replies":[{"embeddable":true,"href":"https:\/\/stoic-curie.212-227-153-4.plesk.page\/de\/wp-json\/wp\/v2\/comments?post=3424035"}],"version-history":[{"count":0,"href":"https:\/\/stoic-curie.212-227-153-4.plesk.page\/de\/wp-json\/wp\/v2\/product\/3424035\/revisions"}],"wp:featuredmedia":[{"embeddable":true,"href":"https:\/\/stoic-curie.212-227-153-4.plesk.page\/de\/wp-json\/wp\/v2\/media\/5943724"}],"wp:attachment":[{"href":"https:\/\/stoic-curie.212-227-153-4.plesk.page\/de\/wp-json\/wp\/v2\/media?parent=3424035"}],"wp:term":[{"taxonomy":"product_brand","embeddable":true,"href":"https:\/\/stoic-curie.212-227-153-4.plesk.page\/de\/wp-json\/wp\/v2\/product_brand?post=3424035"},{"taxonomy":"product_cat","embeddable":true,"href":"https:\/\/stoic-curie.212-227-153-4.plesk.page\/de\/wp-json\/wp\/v2\/product_cat?post=3424035"},{"taxonomy":"product_tag","embeddable":true,"href":"https:\/\/stoic-curie.212-227-153-4.plesk.page\/de\/wp-json\/wp\/v2\/product_tag?post=3424035"}],"curies":[{"name":"wp","href":"https:\/\/api.w.org\/{rel}","templated":true}]}}