{"id":3424145,"date":"2025-10-09T22:52:04","date_gmt":"2025-10-10T02:52:04","guid":{"rendered":"https:\/\/stoic-curie.212-227-153-4.plesk.page\/product\/wasserschlaeuche-fuer-volvo-penta-876632\/"},"modified":"2026-02-24T23:35:03","modified_gmt":"2026-02-24T23:35:03","slug":"wasserschlaeuche-fuer-volvo-penta-876632","status":"publish","type":"product","link":"https:\/\/stoic-curie.212-227-153-4.plesk.page\/de\/product\/wasserschlaeuche-fuer-volvo-penta-876632\/","title":{"rendered":"Wasserschl\u00e4uche f\u00fcr Volvo Penta 876632"},"content":{"rendered":"<p>Wasserschl\u00e4uche f\u00fcr Volvo Penta 876632 &#8211; <\/p>\n<p>Formschlauch f\u00fcr Wasserzulauf aus Gummi f\u00fcr Volvo Penta-\u00dcbertragungen: DPA-A1-A2 \/ DP-B-B1 \/ DP-C-C1 \/ DP-E \/ DP-G DPX-A \/ DPX-S-S1 \/ DPX-R SPA-A1-A2 \/ SP-C-C1 \/ SP-E. Kann das Original-Ersatzteil ersetzen.<\/p>\n","protected":false},"excerpt":{"rendered":"<p>Wasserschl\u00e4uche f\u00fcr Volvo Penta 876632 &#8211; Formschlauch f\u00fcr Wasserzulauf aus Gummi f\u00fcr Volvo Penta-\u00dcbertragungen: DPA-A1-A2 \/ DP-B-B1 \/ DP-C-C1 \/<\/p>\n","protected":false},"featured_media":5943754,"comment_status":"closed","ping_status":"closed","template":"","meta":[],"product_brand":[3390],"product_cat":[1542],"product_tag":[],"class_list":{"0":"post-3424145","1":"product","2":"type-product","3":"status-publish","4":"has-post-thumbnail","6":"product_brand-sierra-marine-de","7":"product_cat-marine-ersatzteile-fuer-volvo-penta","9":"first","10":"instock","11":"shipping-taxable","12":"purchasable","13":"product-type-simple"},"_links":{"self":[{"href":"https:\/\/stoic-curie.212-227-153-4.plesk.page\/de\/wp-json\/wp\/v2\/product\/3424145","targetHints":{"allow":["GET"]}}],"collection":[{"href":"https:\/\/stoic-curie.212-227-153-4.plesk.page\/de\/wp-json\/wp\/v2\/product"}],"about":[{"href":"https:\/\/stoic-curie.212-227-153-4.plesk.page\/de\/wp-json\/wp\/v2\/types\/product"}],"replies":[{"embeddable":true,"href":"https:\/\/stoic-curie.212-227-153-4.plesk.page\/de\/wp-json\/wp\/v2\/comments?post=3424145"}],"version-history":[{"count":0,"href":"https:\/\/stoic-curie.212-227-153-4.plesk.page\/de\/wp-json\/wp\/v2\/product\/3424145\/revisions"}],"wp:featuredmedia":[{"embeddable":true,"href":"https:\/\/stoic-curie.212-227-153-4.plesk.page\/de\/wp-json\/wp\/v2\/media\/5943754"}],"wp:attachment":[{"href":"https:\/\/stoic-curie.212-227-153-4.plesk.page\/de\/wp-json\/wp\/v2\/media?parent=3424145"}],"wp:term":[{"taxonomy":"product_brand","embeddable":true,"href":"https:\/\/stoic-curie.212-227-153-4.plesk.page\/de\/wp-json\/wp\/v2\/product_brand?post=3424145"},{"taxonomy":"product_cat","embeddable":true,"href":"https:\/\/stoic-curie.212-227-153-4.plesk.page\/de\/wp-json\/wp\/v2\/product_cat?post=3424145"},{"taxonomy":"product_tag","embeddable":true,"href":"https:\/\/stoic-curie.212-227-153-4.plesk.page\/de\/wp-json\/wp\/v2\/product_tag?post=3424145"}],"curies":[{"name":"wp","href":"https:\/\/api.w.org\/{rel}","templated":true}]}}