{"id":3424156,"date":"2025-10-09T22:52:05","date_gmt":"2025-10-10T02:52:05","guid":{"rendered":"https:\/\/stoic-curie.212-227-153-4.plesk.page\/product\/dyneema-liros-pro-carbon-25-mm\/"},"modified":"2026-02-24T23:35:03","modified_gmt":"2026-02-24T23:35:03","slug":"dyneema-liros-pro-carbon-25-mm","status":"publish","type":"product","link":"https:\/\/stoic-curie.212-227-153-4.plesk.page\/de\/product\/dyneema-liros-pro-carbon-25-mm\/","title":{"rendered":"Dyneema Liros Pro Carbon 2,5 mm"},"content":{"rendered":"<p>Dyneema Liros Pro Carbon 2,5 mm &#8211; <\/p>\n<p>Das LIROS Heat-Stretch-System garantiert optimale Bruchlasten und Dehnungsmerkmale dieser Leine. Hervorragende Scheuerbest\u00e4ndigkeit, geringes Gewicht und die M\u00f6glichkeit zur Verflechtung machen diese Leine einzigartig f\u00fcr alle Rennboote jeder Gr\u00f6\u00dfe. Ideal als Ersatz f\u00fcr Stahlseile in technischen Anwendungen. <br \/> \u2022 Arbeitsdehnung <\/p>\n","protected":false},"excerpt":{"rendered":"<p>Dyneema Liros Pro Carbon 2,5 mm &#8211; Das LIROS Heat-Stretch-System garantiert optimale Bruchlasten und Dehnungsmerkmale dieser Leine. Hervorragende Scheuerbest\u00e4ndigkeit, geringes<\/p>\n","protected":false},"featured_media":5942075,"comment_status":"closed","ping_status":"closed","template":"","meta":[],"product_brand":[3065],"product_cat":[1480],"product_tag":[],"class_list":{"0":"post-3424156","1":"product","2":"type-product","3":"status-publish","4":"has-post-thumbnail","6":"product_brand-liros-de","7":"product_cat-dyneema-seil","9":"first","10":"instock","11":"shipping-taxable","12":"purchasable","13":"product-type-simple"},"_links":{"self":[{"href":"https:\/\/stoic-curie.212-227-153-4.plesk.page\/de\/wp-json\/wp\/v2\/product\/3424156","targetHints":{"allow":["GET"]}}],"collection":[{"href":"https:\/\/stoic-curie.212-227-153-4.plesk.page\/de\/wp-json\/wp\/v2\/product"}],"about":[{"href":"https:\/\/stoic-curie.212-227-153-4.plesk.page\/de\/wp-json\/wp\/v2\/types\/product"}],"replies":[{"embeddable":true,"href":"https:\/\/stoic-curie.212-227-153-4.plesk.page\/de\/wp-json\/wp\/v2\/comments?post=3424156"}],"version-history":[{"count":0,"href":"https:\/\/stoic-curie.212-227-153-4.plesk.page\/de\/wp-json\/wp\/v2\/product\/3424156\/revisions"}],"wp:featuredmedia":[{"embeddable":true,"href":"https:\/\/stoic-curie.212-227-153-4.plesk.page\/de\/wp-json\/wp\/v2\/media\/5942075"}],"wp:attachment":[{"href":"https:\/\/stoic-curie.212-227-153-4.plesk.page\/de\/wp-json\/wp\/v2\/media?parent=3424156"}],"wp:term":[{"taxonomy":"product_brand","embeddable":true,"href":"https:\/\/stoic-curie.212-227-153-4.plesk.page\/de\/wp-json\/wp\/v2\/product_brand?post=3424156"},{"taxonomy":"product_cat","embeddable":true,"href":"https:\/\/stoic-curie.212-227-153-4.plesk.page\/de\/wp-json\/wp\/v2\/product_cat?post=3424156"},{"taxonomy":"product_tag","embeddable":true,"href":"https:\/\/stoic-curie.212-227-153-4.plesk.page\/de\/wp-json\/wp\/v2\/product_tag?post=3424156"}],"curies":[{"name":"wp","href":"https:\/\/api.w.org\/{rel}","templated":true}]}}