{"id":3424229,"date":"2025-10-09T22:52:08","date_gmt":"2025-10-10T02:52:08","guid":{"rendered":"https:\/\/stoic-curie.212-227-153-4.plesk.page\/product\/liros-slide-protect-xtr-8-12mm\/"},"modified":"2026-02-24T23:35:03","modified_gmt":"2026-02-24T23:35:03","slug":"liros-slide-protect-xtr-8-12mm","status":"publish","type":"product","link":"https:\/\/stoic-curie.212-227-153-4.plesk.page\/de\/product\/liros-slide-protect-xtr-8-12mm\/","title":{"rendered":"Liros Slide Protect-xtr 8-12mm"},"content":{"rendered":"<p>Liros Slide Protect-xtr 8-12mm &#8211; <\/p>\n<p>LIROS Slide Protect-XTR bietet einen zus\u00e4tzlichen Schutz und sch\u00fctzt vor Abrieb an Wenden und Leinenf\u00fchrungen. Slide Protect-XTR ist nicht f\u00fcr Stopper oder Winden geeignet, da der niedrige Haltefaktor der H\u00fclle den geringsten Reibungswiderstand bietet.<\/p>\n<ul>\n<li>Haltefaktor 3<\/li>\n<li>sehr einfach zu splei\u00dfen<\/li>\n<li>beste Abrieb- und Schnittfestigkeit<\/li>\n<li>geeignet f\u00fcr Seil \u00d8 3-22 mm<\/li>\n<\/ul>\n<p>Material: Dyneema\u00c2\u00ae SK78 mit XTR-Beschichtung<\/p>\n","protected":false},"excerpt":{"rendered":"<p>Liros Slide Protect-xtr 8-12mm &#8211; LIROS Slide Protect-XTR bietet einen zus\u00e4tzlichen Schutz und sch\u00fctzt vor Abrieb an Wenden und Leinenf\u00fchrungen.<\/p>\n","protected":false},"featured_media":5942106,"comment_status":"closed","ping_status":"closed","template":"","meta":[],"product_brand":[3065],"product_cat":[1480,1326],"product_tag":[],"class_list":{"0":"post-3424229","1":"product","2":"type-product","3":"status-publish","4":"has-post-thumbnail","6":"product_brand-liros-de","7":"product_cat-dyneema-seil","8":"product_cat-splicing-werkzeuge","10":"first","11":"instock","12":"shipping-taxable","13":"purchasable","14":"product-type-simple"},"_links":{"self":[{"href":"https:\/\/stoic-curie.212-227-153-4.plesk.page\/de\/wp-json\/wp\/v2\/product\/3424229","targetHints":{"allow":["GET"]}}],"collection":[{"href":"https:\/\/stoic-curie.212-227-153-4.plesk.page\/de\/wp-json\/wp\/v2\/product"}],"about":[{"href":"https:\/\/stoic-curie.212-227-153-4.plesk.page\/de\/wp-json\/wp\/v2\/types\/product"}],"replies":[{"embeddable":true,"href":"https:\/\/stoic-curie.212-227-153-4.plesk.page\/de\/wp-json\/wp\/v2\/comments?post=3424229"}],"version-history":[{"count":0,"href":"https:\/\/stoic-curie.212-227-153-4.plesk.page\/de\/wp-json\/wp\/v2\/product\/3424229\/revisions"}],"wp:featuredmedia":[{"embeddable":true,"href":"https:\/\/stoic-curie.212-227-153-4.plesk.page\/de\/wp-json\/wp\/v2\/media\/5942106"}],"wp:attachment":[{"href":"https:\/\/stoic-curie.212-227-153-4.plesk.page\/de\/wp-json\/wp\/v2\/media?parent=3424229"}],"wp:term":[{"taxonomy":"product_brand","embeddable":true,"href":"https:\/\/stoic-curie.212-227-153-4.plesk.page\/de\/wp-json\/wp\/v2\/product_brand?post=3424229"},{"taxonomy":"product_cat","embeddable":true,"href":"https:\/\/stoic-curie.212-227-153-4.plesk.page\/de\/wp-json\/wp\/v2\/product_cat?post=3424229"},{"taxonomy":"product_tag","embeddable":true,"href":"https:\/\/stoic-curie.212-227-153-4.plesk.page\/de\/wp-json\/wp\/v2\/product_tag?post=3424229"}],"curies":[{"name":"wp","href":"https:\/\/api.w.org\/{rel}","templated":true}]}}