{"id":3424237,"date":"2025-10-09T22:52:08","date_gmt":"2025-10-10T02:52:08","guid":{"rendered":"https:\/\/stoic-curie.212-227-153-4.plesk.page\/product\/ventil-bravo-2005-62-x-h38mm-fuer-schlauchboote\/"},"modified":"2026-02-24T23:35:03","modified_gmt":"2026-02-24T23:35:03","slug":"ventil-bravo-2005-62-x-h38mm-fuer-schlauchboote","status":"publish","type":"product","link":"https:\/\/stoic-curie.212-227-153-4.plesk.page\/de\/product\/ventil-bravo-2005-62-x-h38mm-fuer-schlauchboote\/","title":{"rendered":"Ventil Bravo 2005, 62 x H38mm f\u00fcr Schlauchboote"},"content":{"rendered":"<p>Ventil Bravo 2005, 62 x H38mm f\u00fcr Schlauchboote &#8211; <\/p>\n<p>Kompakte Ventil mit ergonomischem Kopf f\u00fcr Hoch- und Niederdruck-Aufblasbares. Mit Druck\u00f6ffnung und Silikonlippen-Dichtung f\u00fcr maximale Abdichtung.<\/p>\n","protected":false},"excerpt":{"rendered":"<p>Ventil Bravo 2005, 62 x H38mm f\u00fcr Schlauchboote &#8211; Kompakte Ventil mit ergonomischem Kopf f\u00fcr Hoch- und Niederdruck-Aufblasbares. Mit Druck\u00f6ffnung<\/p>\n","protected":false},"featured_media":5943760,"comment_status":"closed","ping_status":"closed","template":"","meta":[],"product_brand":[2850],"product_cat":[1548,1552],"product_tag":[],"class_list":{"0":"post-3424237","1":"product","2":"type-product","3":"status-publish","4":"has-post-thumbnail","6":"product_brand-bravo-scoprega-de","7":"product_cat-schlauchboot-luftpumpen","8":"product_cat-zubehoer-fuer-schlauchboote","10":"first","11":"instock","12":"shipping-taxable","13":"purchasable","14":"product-type-simple"},"_links":{"self":[{"href":"https:\/\/stoic-curie.212-227-153-4.plesk.page\/de\/wp-json\/wp\/v2\/product\/3424237","targetHints":{"allow":["GET"]}}],"collection":[{"href":"https:\/\/stoic-curie.212-227-153-4.plesk.page\/de\/wp-json\/wp\/v2\/product"}],"about":[{"href":"https:\/\/stoic-curie.212-227-153-4.plesk.page\/de\/wp-json\/wp\/v2\/types\/product"}],"replies":[{"embeddable":true,"href":"https:\/\/stoic-curie.212-227-153-4.plesk.page\/de\/wp-json\/wp\/v2\/comments?post=3424237"}],"version-history":[{"count":0,"href":"https:\/\/stoic-curie.212-227-153-4.plesk.page\/de\/wp-json\/wp\/v2\/product\/3424237\/revisions"}],"wp:featuredmedia":[{"embeddable":true,"href":"https:\/\/stoic-curie.212-227-153-4.plesk.page\/de\/wp-json\/wp\/v2\/media\/5943760"}],"wp:attachment":[{"href":"https:\/\/stoic-curie.212-227-153-4.plesk.page\/de\/wp-json\/wp\/v2\/media?parent=3424237"}],"wp:term":[{"taxonomy":"product_brand","embeddable":true,"href":"https:\/\/stoic-curie.212-227-153-4.plesk.page\/de\/wp-json\/wp\/v2\/product_brand?post=3424237"},{"taxonomy":"product_cat","embeddable":true,"href":"https:\/\/stoic-curie.212-227-153-4.plesk.page\/de\/wp-json\/wp\/v2\/product_cat?post=3424237"},{"taxonomy":"product_tag","embeddable":true,"href":"https:\/\/stoic-curie.212-227-153-4.plesk.page\/de\/wp-json\/wp\/v2\/product_tag?post=3424237"}],"curies":[{"name":"wp","href":"https:\/\/api.w.org\/{rel}","templated":true}]}}