{"id":3424276,"date":"2025-10-09T22:52:10","date_gmt":"2025-10-10T02:52:10","guid":{"rendered":"https:\/\/stoic-curie.212-227-153-4.plesk.page\/product\/fendress-ueberschuhe-4243-marineblau\/"},"modified":"2026-02-24T23:35:03","modified_gmt":"2026-02-24T23:35:03","slug":"fendress-ueberschuhe-4243-marineblau","status":"publish","type":"product","link":"https:\/\/stoic-curie.212-227-153-4.plesk.page\/de\/product\/fendress-ueberschuhe-4243-marineblau\/","title":{"rendered":"Fendress \u00dcberschuhe 42<>43 Marineblau"},"content":{"rendered":"<p>Fendress \u00dcberschuhe 42<>43 Marineblau &#8211; <\/p>\n<p>Maschinenwaschbare \u00dcberschuhe aus 100% Acryl. Hergestellt aus demselben starken, aber weichen Stoff, der f\u00fcr Fenderbez\u00fcge verwendet wird. Ideal, um sich an Bord des Bootes zu bewegen, ohne die Schuhe auszuziehen und den Deckboden zu sch\u00fctzen.<\/p>\n","protected":false},"excerpt":{"rendered":"<p>Fendress \u00dcberschuhe 4243 Marineblau &#8211; Maschinenwaschbare \u00dcberschuhe aus 100% Acryl. Hergestellt aus demselben starken, aber weichen Stoff, der f\u00fcr Fenderbez\u00fcge<\/p>\n","protected":false},"featured_media":5943762,"comment_status":"closed","ping_status":"closed","template":"","meta":[],"product_brand":[2935],"product_cat":[1573],"product_tag":[],"class_list":{"0":"post-3424276","1":"product","2":"type-product","3":"status-publish","4":"has-post-thumbnail","6":"product_brand-fendress-de","7":"product_cat-nautische-schuhe","9":"first","10":"instock","11":"shipping-taxable","12":"purchasable","13":"product-type-simple"},"_links":{"self":[{"href":"https:\/\/stoic-curie.212-227-153-4.plesk.page\/de\/wp-json\/wp\/v2\/product\/3424276","targetHints":{"allow":["GET"]}}],"collection":[{"href":"https:\/\/stoic-curie.212-227-153-4.plesk.page\/de\/wp-json\/wp\/v2\/product"}],"about":[{"href":"https:\/\/stoic-curie.212-227-153-4.plesk.page\/de\/wp-json\/wp\/v2\/types\/product"}],"replies":[{"embeddable":true,"href":"https:\/\/stoic-curie.212-227-153-4.plesk.page\/de\/wp-json\/wp\/v2\/comments?post=3424276"}],"version-history":[{"count":0,"href":"https:\/\/stoic-curie.212-227-153-4.plesk.page\/de\/wp-json\/wp\/v2\/product\/3424276\/revisions"}],"wp:featuredmedia":[{"embeddable":true,"href":"https:\/\/stoic-curie.212-227-153-4.plesk.page\/de\/wp-json\/wp\/v2\/media\/5943762"}],"wp:attachment":[{"href":"https:\/\/stoic-curie.212-227-153-4.plesk.page\/de\/wp-json\/wp\/v2\/media?parent=3424276"}],"wp:term":[{"taxonomy":"product_brand","embeddable":true,"href":"https:\/\/stoic-curie.212-227-153-4.plesk.page\/de\/wp-json\/wp\/v2\/product_brand?post=3424276"},{"taxonomy":"product_cat","embeddable":true,"href":"https:\/\/stoic-curie.212-227-153-4.plesk.page\/de\/wp-json\/wp\/v2\/product_cat?post=3424276"},{"taxonomy":"product_tag","embeddable":true,"href":"https:\/\/stoic-curie.212-227-153-4.plesk.page\/de\/wp-json\/wp\/v2\/product_tag?post=3424276"}],"curies":[{"name":"wp","href":"https:\/\/api.w.org\/{rel}","templated":true}]}}