{"id":3424362,"date":"2025-10-09T22:52:13","date_gmt":"2025-10-10T02:52:13","guid":{"rendered":"https:\/\/stoic-curie.212-227-153-4.plesk.page\/product\/50-weisse-selbstklebende-etiketten-14-x-12-mm-fuer-marine-schalter\/"},"modified":"2026-02-24T23:35:03","modified_gmt":"2026-02-24T23:35:03","slug":"50-weisse-selbstklebende-etiketten-14-x-12-mm-fuer-marine-schalter","status":"publish","type":"product","link":"https:\/\/stoic-curie.212-227-153-4.plesk.page\/de\/product\/50-weisse-selbstklebende-etiketten-14-x-12-mm-fuer-marine-schalter\/","title":{"rendered":"50 wei\u00dfe selbstklebende Etiketten 14 x 12 mm f\u00fcr marine Schalter"},"content":{"rendered":"<p>50 wei\u00dfe selbstklebende Etiketten 14 x 12 mm f\u00fcr marine Schalter &#8211; <\/p>\n<p>Selbstklebende Etiketten f\u00fcr Schalter- und Bedienfeldfunktionen.<\/p>\n","protected":false},"excerpt":{"rendered":"<p>50 wei\u00dfe selbstklebende Etiketten 14 x 12 mm f\u00fcr marine Schalter &#8211; Selbstklebende Etiketten f\u00fcr Schalter- und Bedienfeldfunktionen.<\/p>\n","protected":false},"featured_media":5943777,"comment_status":"closed","ping_status":"closed","template":"","meta":[],"product_brand":[2830],"product_cat":[1459],"product_tag":[],"class_list":{"0":"post-3424362","1":"product","2":"type-product","3":"status-publish","4":"has-post-thumbnail","6":"product_brand-blue-sea-systems-de","7":"product_cat-elektrische-schaltpaneele","9":"first","10":"instock","11":"shipping-taxable","12":"purchasable","13":"product-type-simple"},"_links":{"self":[{"href":"https:\/\/stoic-curie.212-227-153-4.plesk.page\/de\/wp-json\/wp\/v2\/product\/3424362","targetHints":{"allow":["GET"]}}],"collection":[{"href":"https:\/\/stoic-curie.212-227-153-4.plesk.page\/de\/wp-json\/wp\/v2\/product"}],"about":[{"href":"https:\/\/stoic-curie.212-227-153-4.plesk.page\/de\/wp-json\/wp\/v2\/types\/product"}],"replies":[{"embeddable":true,"href":"https:\/\/stoic-curie.212-227-153-4.plesk.page\/de\/wp-json\/wp\/v2\/comments?post=3424362"}],"version-history":[{"count":0,"href":"https:\/\/stoic-curie.212-227-153-4.plesk.page\/de\/wp-json\/wp\/v2\/product\/3424362\/revisions"}],"wp:featuredmedia":[{"embeddable":true,"href":"https:\/\/stoic-curie.212-227-153-4.plesk.page\/de\/wp-json\/wp\/v2\/media\/5943777"}],"wp:attachment":[{"href":"https:\/\/stoic-curie.212-227-153-4.plesk.page\/de\/wp-json\/wp\/v2\/media?parent=3424362"}],"wp:term":[{"taxonomy":"product_brand","embeddable":true,"href":"https:\/\/stoic-curie.212-227-153-4.plesk.page\/de\/wp-json\/wp\/v2\/product_brand?post=3424362"},{"taxonomy":"product_cat","embeddable":true,"href":"https:\/\/stoic-curie.212-227-153-4.plesk.page\/de\/wp-json\/wp\/v2\/product_cat?post=3424362"},{"taxonomy":"product_tag","embeddable":true,"href":"https:\/\/stoic-curie.212-227-153-4.plesk.page\/de\/wp-json\/wp\/v2\/product_tag?post=3424362"}],"curies":[{"name":"wp","href":"https:\/\/api.w.org\/{rel}","templated":true}]}}