{"id":3424505,"date":"2025-10-09T22:52:19","date_gmt":"2025-10-10T02:52:19","guid":{"rendered":"https:\/\/stoic-curie.212-227-153-4.plesk.page\/product\/led-hoeflichkeitsleuchte-quick-patricia-rot-19-x-h21-mm\/"},"modified":"2026-02-24T23:35:03","modified_gmt":"2026-02-24T23:35:03","slug":"led-hoeflichkeitsleuchte-quick-patricia-rot-19-x-h21-mm","status":"publish","type":"product","link":"https:\/\/stoic-curie.212-227-153-4.plesk.page\/de\/product\/led-hoeflichkeitsleuchte-quick-patricia-rot-19-x-h21-mm\/","title":{"rendered":"LED-H\u00f6flichkeitsleuchte Quick Patricia Rot 19 x H21 mm"},"content":{"rendered":"<p>LED-H\u00f6flichkeitsleuchte Quick Patricia Rot 19 x H21 mm &#8211; <\/p>\n<p>UV-stabilisiertes, schockresistentes Technopolymer-Geh\u00e4use mit einer 0,24W IP65 LED-Courtesy-Leuchte f\u00fcr Innen- und Au\u00dfenbereiche. Fl\u00e4chenmontage mit Schrauben. Universelle Spannung von 9-32V mit dimmbarer LED, die vor \u00dcberspannungen und Verpolung gesch\u00fctzt ist.<\/p>\n","protected":false},"excerpt":{"rendered":"<p>LED-H\u00f6flichkeitsleuchte Quick Patricia Rot 19 x H21 mm &#8211; UV-stabilisiertes, schockresistentes Technopolymer-Geh\u00e4use mit einer 0,24W IP65 LED-Courtesy-Leuchte f\u00fcr Innen- und<\/p>\n","protected":false},"featured_media":5940840,"comment_status":"closed","ping_status":"closed","template":"","meta":[],"product_brand":[3280],"product_cat":[1452,1443],"product_tag":[],"class_list":{"0":"post-3424505","1":"product","2":"type-product","3":"status-publish","4":"has-post-thumbnail","6":"product_brand-quick-de","7":"product_cat-bootsbeleuchtung","8":"product_cat-bootshinweislichter","10":"first","11":"instock","12":"shipping-taxable","13":"purchasable","14":"product-type-simple"},"_links":{"self":[{"href":"https:\/\/stoic-curie.212-227-153-4.plesk.page\/de\/wp-json\/wp\/v2\/product\/3424505","targetHints":{"allow":["GET"]}}],"collection":[{"href":"https:\/\/stoic-curie.212-227-153-4.plesk.page\/de\/wp-json\/wp\/v2\/product"}],"about":[{"href":"https:\/\/stoic-curie.212-227-153-4.plesk.page\/de\/wp-json\/wp\/v2\/types\/product"}],"replies":[{"embeddable":true,"href":"https:\/\/stoic-curie.212-227-153-4.plesk.page\/de\/wp-json\/wp\/v2\/comments?post=3424505"}],"version-history":[{"count":0,"href":"https:\/\/stoic-curie.212-227-153-4.plesk.page\/de\/wp-json\/wp\/v2\/product\/3424505\/revisions"}],"wp:featuredmedia":[{"embeddable":true,"href":"https:\/\/stoic-curie.212-227-153-4.plesk.page\/de\/wp-json\/wp\/v2\/media\/5940840"}],"wp:attachment":[{"href":"https:\/\/stoic-curie.212-227-153-4.plesk.page\/de\/wp-json\/wp\/v2\/media?parent=3424505"}],"wp:term":[{"taxonomy":"product_brand","embeddable":true,"href":"https:\/\/stoic-curie.212-227-153-4.plesk.page\/de\/wp-json\/wp\/v2\/product_brand?post=3424505"},{"taxonomy":"product_cat","embeddable":true,"href":"https:\/\/stoic-curie.212-227-153-4.plesk.page\/de\/wp-json\/wp\/v2\/product_cat?post=3424505"},{"taxonomy":"product_tag","embeddable":true,"href":"https:\/\/stoic-curie.212-227-153-4.plesk.page\/de\/wp-json\/wp\/v2\/product_tag?post=3424505"}],"curies":[{"name":"wp","href":"https:\/\/api.w.org\/{rel}","templated":true}]}}