{"id":3424515,"date":"2025-10-09T22:52:20","date_gmt":"2025-10-10T02:52:20","guid":{"rendered":"https:\/\/stoic-curie.212-227-153-4.plesk.page\/product\/edelstahl-led-begruessungsleuchte-quick-tab-ip68-12-24v-68-x-14-x-h8mm-rot\/"},"modified":"2026-02-24T23:35:03","modified_gmt":"2026-02-24T23:35:03","slug":"edelstahl-led-begruessungsleuchte-quick-tab-ip68-12-24v-68-x-14-x-h8mm-rot","status":"publish","type":"product","link":"https:\/\/stoic-curie.212-227-153-4.plesk.page\/de\/product\/edelstahl-led-begruessungsleuchte-quick-tab-ip68-12-24v-68-x-14-x-h8mm-rot\/","title":{"rendered":"Edelstahl-LED-Begr\u00fc\u00dfungsleuchte Quick-Tab &#8211; IP68 12-24V 68 x 14 x H8mm Rot"},"content":{"rendered":"<p>Edelstahl-LED-Begr\u00fc\u00dfungsleuchte Quick-Tab &#8211; IP68 12-24V 68 x 14 x H8mm Rot &#8211; <\/p>\n<p>316 Edelstahl 0,5W IP66 LED-H\u00f6flichkeitslicht f\u00fcr Innen- und Au\u00dfenbereiche mit nach unten gerichteter Lichtstrahlung. Oberfl\u00e4chenmontage mit Schrauben. Universelle Spannung von 9-32V mit dimmbarer LED, die vor \u00dcberspannungen und Verpolung gesch\u00fctzt ist.<\/p>\n","protected":false},"excerpt":{"rendered":"<p>Edelstahl-LED-Begr\u00fc\u00dfungsleuchte Quick-Tab &#8211; IP68 12-24V 68 x 14 x H8mm Rot &#8211; 316 Edelstahl 0,5W IP66 LED-H\u00f6flichkeitslicht f\u00fcr Innen- und<\/p>\n","protected":false},"featured_media":5942606,"comment_status":"closed","ping_status":"closed","template":"","meta":[],"product_brand":[3280],"product_cat":[1452,1443],"product_tag":[],"class_list":{"0":"post-3424515","1":"product","2":"type-product","3":"status-publish","4":"has-post-thumbnail","6":"product_brand-quick-de","7":"product_cat-bootsbeleuchtung","8":"product_cat-bootshinweislichter","10":"first","11":"outofstock","12":"shipping-taxable","13":"purchasable","14":"product-type-simple"},"_links":{"self":[{"href":"https:\/\/stoic-curie.212-227-153-4.plesk.page\/de\/wp-json\/wp\/v2\/product\/3424515","targetHints":{"allow":["GET"]}}],"collection":[{"href":"https:\/\/stoic-curie.212-227-153-4.plesk.page\/de\/wp-json\/wp\/v2\/product"}],"about":[{"href":"https:\/\/stoic-curie.212-227-153-4.plesk.page\/de\/wp-json\/wp\/v2\/types\/product"}],"replies":[{"embeddable":true,"href":"https:\/\/stoic-curie.212-227-153-4.plesk.page\/de\/wp-json\/wp\/v2\/comments?post=3424515"}],"version-history":[{"count":0,"href":"https:\/\/stoic-curie.212-227-153-4.plesk.page\/de\/wp-json\/wp\/v2\/product\/3424515\/revisions"}],"wp:featuredmedia":[{"embeddable":true,"href":"https:\/\/stoic-curie.212-227-153-4.plesk.page\/de\/wp-json\/wp\/v2\/media\/5942606"}],"wp:attachment":[{"href":"https:\/\/stoic-curie.212-227-153-4.plesk.page\/de\/wp-json\/wp\/v2\/media?parent=3424515"}],"wp:term":[{"taxonomy":"product_brand","embeddable":true,"href":"https:\/\/stoic-curie.212-227-153-4.plesk.page\/de\/wp-json\/wp\/v2\/product_brand?post=3424515"},{"taxonomy":"product_cat","embeddable":true,"href":"https:\/\/stoic-curie.212-227-153-4.plesk.page\/de\/wp-json\/wp\/v2\/product_cat?post=3424515"},{"taxonomy":"product_tag","embeddable":true,"href":"https:\/\/stoic-curie.212-227-153-4.plesk.page\/de\/wp-json\/wp\/v2\/product_tag?post=3424515"}],"curies":[{"name":"wp","href":"https:\/\/api.w.org\/{rel}","templated":true}]}}