{"id":3424524,"date":"2025-10-09T22:52:20","date_gmt":"2025-10-10T02:52:20","guid":{"rendered":"https:\/\/stoic-curie.212-227-153-4.plesk.page\/product\/marine-grade-elektrokabel-2-x-6-146mm\/"},"modified":"2026-02-24T23:35:03","modified_gmt":"2026-02-24T23:35:03","slug":"marine-grade-elektrokabel-2-x-6-146mm","status":"publish","type":"product","link":"https:\/\/stoic-curie.212-227-153-4.plesk.page\/de\/product\/marine-grade-elektrokabel-2-x-6-146mm\/","title":{"rendered":"Marine Grade Elektrokabel 2 x 6 &#8211; 14,6mm"},"content":{"rendered":"<p>Marine Grade Elektrokabel 2 x 6 &#8211; 14,6mm &#8211; <\/p>\n<p>CE-zertifiziertes elektrisches Kabel in maritimer Qualit\u00e4t f\u00fcr Bootinstallationen. Klasse 5 IEC60228 verzinntes Kupferkabel f\u00fcr maximalen Schutz gegen Korrosion und Elektrolyse. \u00dcberlegene Flexibilit\u00e4t durch eine isolierte, abgeschirmte H\u00fclle aus einem speziellen, flammensch\u00fctzenden und \u00f6lresistenten PVC-Material.<\/p>\n","protected":false},"excerpt":{"rendered":"<p>Marine Grade Elektrokabel 2 x 6 &#8211; 14,6mm &#8211; CE-zertifiziertes elektrisches Kabel in maritimer Qualit\u00e4t f\u00fcr Bootinstallationen. Klasse 5 IEC60228<\/p>\n","protected":false},"featured_media":5942135,"comment_status":"closed","ping_status":"closed","template":"","meta":[],"product_brand":[2830],"product_cat":[1468,1463],"product_tag":[],"class_list":{"0":"post-3424524","1":"product","2":"type-product","3":"status-publish","4":"has-post-thumbnail","6":"product_brand-blue-sea-systems-de","7":"product_cat-elektrokabel","8":"product_cat-landstrom","10":"first","11":"instock","12":"shipping-taxable","13":"purchasable","14":"product-type-simple"},"_links":{"self":[{"href":"https:\/\/stoic-curie.212-227-153-4.plesk.page\/de\/wp-json\/wp\/v2\/product\/3424524","targetHints":{"allow":["GET"]}}],"collection":[{"href":"https:\/\/stoic-curie.212-227-153-4.plesk.page\/de\/wp-json\/wp\/v2\/product"}],"about":[{"href":"https:\/\/stoic-curie.212-227-153-4.plesk.page\/de\/wp-json\/wp\/v2\/types\/product"}],"replies":[{"embeddable":true,"href":"https:\/\/stoic-curie.212-227-153-4.plesk.page\/de\/wp-json\/wp\/v2\/comments?post=3424524"}],"version-history":[{"count":0,"href":"https:\/\/stoic-curie.212-227-153-4.plesk.page\/de\/wp-json\/wp\/v2\/product\/3424524\/revisions"}],"wp:featuredmedia":[{"embeddable":true,"href":"https:\/\/stoic-curie.212-227-153-4.plesk.page\/de\/wp-json\/wp\/v2\/media\/5942135"}],"wp:attachment":[{"href":"https:\/\/stoic-curie.212-227-153-4.plesk.page\/de\/wp-json\/wp\/v2\/media?parent=3424524"}],"wp:term":[{"taxonomy":"product_brand","embeddable":true,"href":"https:\/\/stoic-curie.212-227-153-4.plesk.page\/de\/wp-json\/wp\/v2\/product_brand?post=3424524"},{"taxonomy":"product_cat","embeddable":true,"href":"https:\/\/stoic-curie.212-227-153-4.plesk.page\/de\/wp-json\/wp\/v2\/product_cat?post=3424524"},{"taxonomy":"product_tag","embeddable":true,"href":"https:\/\/stoic-curie.212-227-153-4.plesk.page\/de\/wp-json\/wp\/v2\/product_tag?post=3424524"}],"curies":[{"name":"wp","href":"https:\/\/api.w.org\/{rel}","templated":true}]}}