{"id":3424590,"date":"2025-10-09T22:52:23","date_gmt":"2025-10-10T02:52:23","guid":{"rendered":"https:\/\/stoic-curie.212-227-153-4.plesk.page\/product\/flacher-grauer-fender-490x180x50mm\/"},"modified":"2026-02-24T23:35:03","modified_gmt":"2026-02-24T23:35:03","slug":"flacher-grauer-fender-490x180x50mm","status":"publish","type":"product","link":"https:\/\/stoic-curie.212-227-153-4.plesk.page\/de\/product\/flacher-grauer-fender-490x180x50mm\/","title":{"rendered":"Flacher grauer Fender 490x180x50mm"},"content":{"rendered":"<p>Flacher grauer Fender 490x180x50mm &#8211; <\/p>\n<p>Hochresistente E.V.A. geschlossene Zell weiche Schaumstoff flache modulare Fender. Dank der flachen Form einfach zu lagern, werden sie verwendet, wenn nicht gen\u00fcgend Platz zwischen zwei Booten vorhanden ist. Einfach zusammenzulegen, um eine Schutzbarriere zu schaffen. Mit 4 L\u00f6chern f\u00fcr Schnur und 2 L\u00f6chern f\u00fcr Gurt. 2,10 m Schnur inklusive.<\/p>\n","protected":false},"excerpt":{"rendered":"<p>Flacher grauer Fender 490x180x50mm &#8211; Hochresistente E.V.A. geschlossene Zell weiche Schaumstoff flache modulare Fender. Dank der flachen Form einfach zu<\/p>\n","protected":false},"featured_media":5943819,"comment_status":"closed","ping_status":"closed","template":"","meta":[],"product_brand":[3090],"product_cat":[1562,1561],"product_tag":[],"class_list":{"0":"post-3424590","1":"product","2":"type-product","3":"status-publish","4":"has-post-thumbnail","6":"product_brand-majoni-de","7":"product_cat-anlegestossdaempfer","8":"product_cat-fender","10":"first","11":"instock","12":"shipping-taxable","13":"purchasable","14":"product-type-simple"},"_links":{"self":[{"href":"https:\/\/stoic-curie.212-227-153-4.plesk.page\/de\/wp-json\/wp\/v2\/product\/3424590","targetHints":{"allow":["GET"]}}],"collection":[{"href":"https:\/\/stoic-curie.212-227-153-4.plesk.page\/de\/wp-json\/wp\/v2\/product"}],"about":[{"href":"https:\/\/stoic-curie.212-227-153-4.plesk.page\/de\/wp-json\/wp\/v2\/types\/product"}],"replies":[{"embeddable":true,"href":"https:\/\/stoic-curie.212-227-153-4.plesk.page\/de\/wp-json\/wp\/v2\/comments?post=3424590"}],"version-history":[{"count":0,"href":"https:\/\/stoic-curie.212-227-153-4.plesk.page\/de\/wp-json\/wp\/v2\/product\/3424590\/revisions"}],"wp:featuredmedia":[{"embeddable":true,"href":"https:\/\/stoic-curie.212-227-153-4.plesk.page\/de\/wp-json\/wp\/v2\/media\/5943819"}],"wp:attachment":[{"href":"https:\/\/stoic-curie.212-227-153-4.plesk.page\/de\/wp-json\/wp\/v2\/media?parent=3424590"}],"wp:term":[{"taxonomy":"product_brand","embeddable":true,"href":"https:\/\/stoic-curie.212-227-153-4.plesk.page\/de\/wp-json\/wp\/v2\/product_brand?post=3424590"},{"taxonomy":"product_cat","embeddable":true,"href":"https:\/\/stoic-curie.212-227-153-4.plesk.page\/de\/wp-json\/wp\/v2\/product_cat?post=3424590"},{"taxonomy":"product_tag","embeddable":true,"href":"https:\/\/stoic-curie.212-227-153-4.plesk.page\/de\/wp-json\/wp\/v2\/product_tag?post=3424590"}],"curies":[{"name":"wp","href":"https:\/\/api.w.org\/{rel}","templated":true}]}}