{"id":3424606,"date":"2025-10-09T22:52:23","date_gmt":"2025-10-10T02:52:23","guid":{"rendered":"https:\/\/stoic-curie.212-227-153-4.plesk.page\/product\/southco-novibra-panelverschluss-38x445mm-schwarzer-griff\/"},"modified":"2026-02-24T23:35:03","modified_gmt":"2026-02-24T23:35:03","slug":"southco-novibra-panelverschluss-38x445mm-schwarzer-griff","status":"publish","type":"product","link":"https:\/\/stoic-curie.212-227-153-4.plesk.page\/de\/product\/southco-novibra-panelverschluss-38x445mm-schwarzer-griff\/","title":{"rendered":"Southco Novibra Panelverschluss 38&#215;44,5mm Schwarzer Griff"},"content":{"rendered":"<p>Southco Novibra Panelverschluss 38&#215;44,5mm Schwarzer Griff &#8211; <\/p>\n<p>Novibra-Panellatch f\u00fcr T\u00fcren, Luken, Schubladen, Schr\u00e4nke und \u00e4hnliche Anwendungen. Schnelle und einfache Installation, die hilft, Ger\u00e4usche durch Motorvibrationen zu reduzieren. Wetterfeste Front, PC\/ABS-Korrosionsbest\u00e4ndiger, UV-resistenter K\u00f6rper.<\/p>\n","protected":false},"excerpt":{"rendered":"<p>Southco Novibra Panelverschluss 38&#215;44,5mm Schwarzer Griff &#8211; Novibra-Panellatch f\u00fcr T\u00fcren, Luken, Schubladen, Schr\u00e4nke und \u00e4hnliche Anwendungen. Schnelle und einfache Installation,<\/p>\n","protected":false},"featured_media":5943823,"comment_status":"closed","ping_status":"closed","template":"","meta":[],"product_brand":[3415],"product_cat":[1400,1423],"product_tag":[],"class_list":{"0":"post-3424606","1":"product","2":"type-product","3":"status-publish","4":"has-post-thumbnail","6":"product_brand-southco-mobella-de","7":"product_cat-bootsverschluesse","8":"product_cat-kabinenbeschlaege","10":"first","11":"instock","12":"shipping-taxable","13":"purchasable","14":"product-type-simple"},"_links":{"self":[{"href":"https:\/\/stoic-curie.212-227-153-4.plesk.page\/de\/wp-json\/wp\/v2\/product\/3424606","targetHints":{"allow":["GET"]}}],"collection":[{"href":"https:\/\/stoic-curie.212-227-153-4.plesk.page\/de\/wp-json\/wp\/v2\/product"}],"about":[{"href":"https:\/\/stoic-curie.212-227-153-4.plesk.page\/de\/wp-json\/wp\/v2\/types\/product"}],"replies":[{"embeddable":true,"href":"https:\/\/stoic-curie.212-227-153-4.plesk.page\/de\/wp-json\/wp\/v2\/comments?post=3424606"}],"version-history":[{"count":0,"href":"https:\/\/stoic-curie.212-227-153-4.plesk.page\/de\/wp-json\/wp\/v2\/product\/3424606\/revisions"}],"wp:featuredmedia":[{"embeddable":true,"href":"https:\/\/stoic-curie.212-227-153-4.plesk.page\/de\/wp-json\/wp\/v2\/media\/5943823"}],"wp:attachment":[{"href":"https:\/\/stoic-curie.212-227-153-4.plesk.page\/de\/wp-json\/wp\/v2\/media?parent=3424606"}],"wp:term":[{"taxonomy":"product_brand","embeddable":true,"href":"https:\/\/stoic-curie.212-227-153-4.plesk.page\/de\/wp-json\/wp\/v2\/product_brand?post=3424606"},{"taxonomy":"product_cat","embeddable":true,"href":"https:\/\/stoic-curie.212-227-153-4.plesk.page\/de\/wp-json\/wp\/v2\/product_cat?post=3424606"},{"taxonomy":"product_tag","embeddable":true,"href":"https:\/\/stoic-curie.212-227-153-4.plesk.page\/de\/wp-json\/wp\/v2\/product_tag?post=3424606"}],"curies":[{"name":"wp","href":"https:\/\/api.w.org\/{rel}","templated":true}]}}