{"id":3424614,"date":"2025-10-09T22:52:23","date_gmt":"2025-10-10T02:52:23","guid":{"rendered":"https:\/\/stoic-curie.212-227-153-4.plesk.page\/product\/weisse-kunststoff-luke-can-marine-315-x-440mm\/"},"modified":"2026-02-24T23:35:03","modified_gmt":"2026-02-24T23:35:03","slug":"weisse-kunststoff-luke-can-marine-315-x-440mm","status":"publish","type":"product","link":"https:\/\/stoic-curie.212-227-153-4.plesk.page\/de\/product\/weisse-kunststoff-luke-can-marine-315-x-440mm\/","title":{"rendered":"Wei\u00dfe Kunststoff Luke Can Marine 315 x 440mm"},"content":{"rendered":"<p>Wei\u00dfe Kunststoff Luke Can Marine 315 x 440mm &#8211; <\/p>\n<p>UV-best\u00e4ndiger ABS ASA Zugangsluke mit 180\u00b0 \u00d6ffnung, begehbar und wasserdicht. Luke mit doppeltem \u00d6ffnungssystem: klassisch und herausziehbar. Das herausziehbare System erm\u00f6glicht das \u00d6ffnen der Luke in engen R\u00e4umen. Geeignet f\u00fcr Deck- oder Schottmontage.<\/p>\n","protected":false},"excerpt":{"rendered":"<p>Wei\u00dfe Kunststoff Luke Can Marine 315 x 440mm &#8211; UV-best\u00e4ndiger ABS ASA Zugangsluke mit 180\u00b0 \u00d6ffnung, begehbar und wasserdicht. Luke<\/p>\n","protected":false},"featured_media":5943824,"comment_status":"closed","ping_status":"closed","template":"","meta":[],"product_brand":[2855],"product_cat":[1408],"product_tag":[],"class_list":{"0":"post-3424614","1":"product","2":"type-product","3":"status-publish","4":"has-post-thumbnail","6":"product_brand-can-marine-de","7":"product_cat-kunststoffluken","9":"first","10":"instock","11":"shipping-taxable","12":"purchasable","13":"product-type-simple"},"_links":{"self":[{"href":"https:\/\/stoic-curie.212-227-153-4.plesk.page\/de\/wp-json\/wp\/v2\/product\/3424614","targetHints":{"allow":["GET"]}}],"collection":[{"href":"https:\/\/stoic-curie.212-227-153-4.plesk.page\/de\/wp-json\/wp\/v2\/product"}],"about":[{"href":"https:\/\/stoic-curie.212-227-153-4.plesk.page\/de\/wp-json\/wp\/v2\/types\/product"}],"replies":[{"embeddable":true,"href":"https:\/\/stoic-curie.212-227-153-4.plesk.page\/de\/wp-json\/wp\/v2\/comments?post=3424614"}],"version-history":[{"count":0,"href":"https:\/\/stoic-curie.212-227-153-4.plesk.page\/de\/wp-json\/wp\/v2\/product\/3424614\/revisions"}],"wp:featuredmedia":[{"embeddable":true,"href":"https:\/\/stoic-curie.212-227-153-4.plesk.page\/de\/wp-json\/wp\/v2\/media\/5943824"}],"wp:attachment":[{"href":"https:\/\/stoic-curie.212-227-153-4.plesk.page\/de\/wp-json\/wp\/v2\/media?parent=3424614"}],"wp:term":[{"taxonomy":"product_brand","embeddable":true,"href":"https:\/\/stoic-curie.212-227-153-4.plesk.page\/de\/wp-json\/wp\/v2\/product_brand?post=3424614"},{"taxonomy":"product_cat","embeddable":true,"href":"https:\/\/stoic-curie.212-227-153-4.plesk.page\/de\/wp-json\/wp\/v2\/product_cat?post=3424614"},{"taxonomy":"product_tag","embeddable":true,"href":"https:\/\/stoic-curie.212-227-153-4.plesk.page\/de\/wp-json\/wp\/v2\/product_tag?post=3424614"}],"curies":[{"name":"wp","href":"https:\/\/api.w.org\/{rel}","templated":true}]}}