{"id":3424616,"date":"2025-10-09T22:52:24","date_gmt":"2025-10-10T02:52:24","guid":{"rendered":"https:\/\/stoic-curie.212-227-153-4.plesk.page\/product\/einfacher-block-master-29-mm-umlenkrolle-fuer-8-mm-leinen\/"},"modified":"2026-02-24T23:35:03","modified_gmt":"2026-02-24T23:35:03","slug":"einfacher-block-master-29-mm-umlenkrolle-fuer-8-mm-leinen","status":"publish","type":"product","link":"https:\/\/stoic-curie.212-227-153-4.plesk.page\/de\/product\/einfacher-block-master-29-mm-umlenkrolle-fuer-8-mm-leinen\/","title":{"rendered":"Einfacher Block Master 29 mm Umlenkrolle f\u00fcr 8 mm Leinen"},"content":{"rendered":"<p>Einfacher Block Master 29 mm Umlenkrolle f\u00fcr 8 mm Leinen &#8211; <\/p>\n<p>Die Master-Composite-Low-Friction-Kugelgelagerte Bl\u00f6cke sind f\u00fcr den Wettkampfsport im Segeln konzipiert. Die hochfesten Verbundmaterialseitenplatten sorgen f\u00fcr h\u00f6chste Leistung bei Arbeitslasten. Sch\u00f6nes Design und einfache Handhabung.<br \/>Gleitlager: selbstschmierende Acetalverbundstoffe<br \/>Riemenscheibendurchmesser 29 mm: selbstschmierende Acetalverbundstoffe<br \/>Backen: verst\u00e4rktes glasfaserverst\u00e4rktes Nylonverbund, UV-stabilisiert<br \/>Drehwirbel: geschmiedeter Edelstahl der Klasse 316<br \/>WL: Arbeitslast<br \/>BL: Bruchlast<\/p>\n","protected":false},"excerpt":{"rendered":"<p>Einfacher Block Master 29 mm Umlenkrolle f\u00fcr 8 mm Leinen &#8211; Die Master-Composite-Low-Friction-Kugelgelagerte Bl\u00f6cke sind f\u00fcr den Wettkampfsport im Segeln<\/p>\n","protected":false},"featured_media":5943825,"comment_status":"closed","ping_status":"closed","template":"","meta":[],"product_brand":[3130],"product_cat":[1483],"product_tag":[],"class_list":{"0":"post-3424616","1":"product","2":"type-product","3":"status-publish","4":"has-post-thumbnail","6":"product_brand-master-de","7":"product_cat-master-bloecke","9":"first","10":"instock","11":"shipping-taxable","12":"purchasable","13":"product-type-simple"},"_links":{"self":[{"href":"https:\/\/stoic-curie.212-227-153-4.plesk.page\/de\/wp-json\/wp\/v2\/product\/3424616","targetHints":{"allow":["GET"]}}],"collection":[{"href":"https:\/\/stoic-curie.212-227-153-4.plesk.page\/de\/wp-json\/wp\/v2\/product"}],"about":[{"href":"https:\/\/stoic-curie.212-227-153-4.plesk.page\/de\/wp-json\/wp\/v2\/types\/product"}],"replies":[{"embeddable":true,"href":"https:\/\/stoic-curie.212-227-153-4.plesk.page\/de\/wp-json\/wp\/v2\/comments?post=3424616"}],"version-history":[{"count":0,"href":"https:\/\/stoic-curie.212-227-153-4.plesk.page\/de\/wp-json\/wp\/v2\/product\/3424616\/revisions"}],"wp:featuredmedia":[{"embeddable":true,"href":"https:\/\/stoic-curie.212-227-153-4.plesk.page\/de\/wp-json\/wp\/v2\/media\/5943825"}],"wp:attachment":[{"href":"https:\/\/stoic-curie.212-227-153-4.plesk.page\/de\/wp-json\/wp\/v2\/media?parent=3424616"}],"wp:term":[{"taxonomy":"product_brand","embeddable":true,"href":"https:\/\/stoic-curie.212-227-153-4.plesk.page\/de\/wp-json\/wp\/v2\/product_brand?post=3424616"},{"taxonomy":"product_cat","embeddable":true,"href":"https:\/\/stoic-curie.212-227-153-4.plesk.page\/de\/wp-json\/wp\/v2\/product_cat?post=3424616"},{"taxonomy":"product_tag","embeddable":true,"href":"https:\/\/stoic-curie.212-227-153-4.plesk.page\/de\/wp-json\/wp\/v2\/product_tag?post=3424616"}],"curies":[{"name":"wp","href":"https:\/\/api.w.org\/{rel}","templated":true}]}}