{"id":3424631,"date":"2025-10-09T22:52:24","date_gmt":"2025-10-10T02:52:24","guid":{"rendered":"https:\/\/stoic-curie.212-227-153-4.plesk.page\/product\/umlenkrolle-doppel-mit-schaekel-master-windrider-28mm-fuer-leinen-bis-8mm\/"},"modified":"2026-02-24T23:35:03","modified_gmt":"2026-02-24T23:35:03","slug":"umlenkrolle-doppel-mit-schaekel-master-windrider-28mm-fuer-leinen-bis-8mm","status":"publish","type":"product","link":"https:\/\/stoic-curie.212-227-153-4.plesk.page\/de\/product\/umlenkrolle-doppel-mit-schaekel-master-windrider-28mm-fuer-leinen-bis-8mm\/","title":{"rendered":"Umlenkrolle Doppel mit Sch\u00e4kel Master Windrider 28mm f\u00fcr Leinen bis 8mm"},"content":{"rendered":"<p>Umlenkrolle Doppel mit Sch\u00e4kel Master Windrider 28mm f\u00fcr Leinen bis 8mm &#8211; <\/p>\n<p>Master-Komposit-Niedrigreibungskugellagerblocks sind f\u00fcr den Wettkampfsport konzipiert. Die seitlichen Platten aus hochfestem Kompositmaterial gew\u00e4hrleisten eine hervorragende Leistung bei Arbeitslasten. Sch\u00f6ne Gestaltung und einfache Handhabung.<br \/> Kugellager: selbstschmierend aus Acetalverbundwerkstoff<br \/> Scheibendurchmesser 29 mm: selbstschmierend aus Acetalverbundwerkstoff<br \/> Backen: verst\u00e4rkter Nylonverbundstoff mit Glasfaser, UV-stabilisiert<br \/> Drehbarer Karabiner: geschmiedeter Edelstahl der G\u00fcteklasse 316<br \/> WL: Arbeitslast<br \/> BL: Bruchlast<\/p>\n","protected":false},"excerpt":{"rendered":"<p>Umlenkrolle Doppel mit Sch\u00e4kel Master Windrider 28mm f\u00fcr Leinen bis 8mm &#8211; Master-Komposit-Niedrigreibungskugellagerblocks sind f\u00fcr den Wettkampfsport konzipiert. Die seitlichen<\/p>\n","protected":false},"featured_media":5943827,"comment_status":"closed","ping_status":"closed","template":"","meta":[],"product_brand":[3130],"product_cat":[1483],"product_tag":[],"class_list":{"0":"post-3424631","1":"product","2":"type-product","3":"status-publish","4":"has-post-thumbnail","6":"product_brand-master-de","7":"product_cat-master-bloecke","9":"first","10":"instock","11":"shipping-taxable","12":"purchasable","13":"product-type-simple"},"_links":{"self":[{"href":"https:\/\/stoic-curie.212-227-153-4.plesk.page\/de\/wp-json\/wp\/v2\/product\/3424631","targetHints":{"allow":["GET"]}}],"collection":[{"href":"https:\/\/stoic-curie.212-227-153-4.plesk.page\/de\/wp-json\/wp\/v2\/product"}],"about":[{"href":"https:\/\/stoic-curie.212-227-153-4.plesk.page\/de\/wp-json\/wp\/v2\/types\/product"}],"replies":[{"embeddable":true,"href":"https:\/\/stoic-curie.212-227-153-4.plesk.page\/de\/wp-json\/wp\/v2\/comments?post=3424631"}],"version-history":[{"count":0,"href":"https:\/\/stoic-curie.212-227-153-4.plesk.page\/de\/wp-json\/wp\/v2\/product\/3424631\/revisions"}],"wp:featuredmedia":[{"embeddable":true,"href":"https:\/\/stoic-curie.212-227-153-4.plesk.page\/de\/wp-json\/wp\/v2\/media\/5943827"}],"wp:attachment":[{"href":"https:\/\/stoic-curie.212-227-153-4.plesk.page\/de\/wp-json\/wp\/v2\/media?parent=3424631"}],"wp:term":[{"taxonomy":"product_brand","embeddable":true,"href":"https:\/\/stoic-curie.212-227-153-4.plesk.page\/de\/wp-json\/wp\/v2\/product_brand?post=3424631"},{"taxonomy":"product_cat","embeddable":true,"href":"https:\/\/stoic-curie.212-227-153-4.plesk.page\/de\/wp-json\/wp\/v2\/product_cat?post=3424631"},{"taxonomy":"product_tag","embeddable":true,"href":"https:\/\/stoic-curie.212-227-153-4.plesk.page\/de\/wp-json\/wp\/v2\/product_tag?post=3424631"}],"curies":[{"name":"wp","href":"https:\/\/api.w.org\/{rel}","templated":true}]}}