{"id":3424639,"date":"2025-10-09T22:52:24","date_gmt":"2025-10-10T02:52:24","guid":{"rendered":"https:\/\/stoic-curie.212-227-153-4.plesk.page\/product\/stehblockmeister-29mm-scheibe-fuer-8mm-leinen\/"},"modified":"2026-02-24T23:35:03","modified_gmt":"2026-02-24T23:35:03","slug":"stehblockmeister-29mm-scheibe-fuer-8mm-leinen","status":"publish","type":"product","link":"https:\/\/stoic-curie.212-227-153-4.plesk.page\/de\/product\/stehblockmeister-29mm-scheibe-fuer-8mm-leinen\/","title":{"rendered":"Stehblockmeister 29mm Scheibe f\u00fcr 8mm Leinen"},"content":{"rendered":"<p>Stehblockmeister 29mm Scheibe f\u00fcr 8mm Leinen &#8211; <\/p>\n<p>Die Master-Komposit-Low-Friction-Kugelgelagerte Bl\u00f6cke sind f\u00fcr den Wettbewerbssegeln konzipiert. Die hochfesten Komposit-Seitenplatten bieten optimale Leistung bei Arbeitslasten. Sch\u00f6nes Design und einfache Handhabung.<br \/>\nKugellager: selbstschmierend aus Acetal-Komposit<br \/>\nScheibendurchmesser 29 mm: selbstschmierend aus Acetal-Komposit<br \/>\nWangen: verst\u00e4rktes glasfaserverst\u00e4rktes Nylonkomposit, UV-stabilisiert<br \/>\nDrehgelenk: geschmiedeter Edelstahl der G\u00fcteklasse 316<br \/>\nWL: Arbeitslast<br \/>\nBL: Bruchlast<\/p>\n","protected":false},"excerpt":{"rendered":"<p>Stehblockmeister 29mm Scheibe f\u00fcr 8mm Leinen &#8211; Die Master-Komposit-Low-Friction-Kugelgelagerte Bl\u00f6cke sind f\u00fcr den Wettbewerbssegeln konzipiert. Die hochfesten Komposit-Seitenplatten bieten optimale<\/p>\n","protected":false},"featured_media":5943830,"comment_status":"closed","ping_status":"closed","template":"","meta":[],"product_brand":[3130],"product_cat":[1483],"product_tag":[],"class_list":{"0":"post-3424639","1":"product","2":"type-product","3":"status-publish","4":"has-post-thumbnail","6":"product_brand-master-de","7":"product_cat-master-bloecke","9":"first","10":"instock","11":"shipping-taxable","12":"purchasable","13":"product-type-simple"},"_links":{"self":[{"href":"https:\/\/stoic-curie.212-227-153-4.plesk.page\/de\/wp-json\/wp\/v2\/product\/3424639","targetHints":{"allow":["GET"]}}],"collection":[{"href":"https:\/\/stoic-curie.212-227-153-4.plesk.page\/de\/wp-json\/wp\/v2\/product"}],"about":[{"href":"https:\/\/stoic-curie.212-227-153-4.plesk.page\/de\/wp-json\/wp\/v2\/types\/product"}],"replies":[{"embeddable":true,"href":"https:\/\/stoic-curie.212-227-153-4.plesk.page\/de\/wp-json\/wp\/v2\/comments?post=3424639"}],"version-history":[{"count":0,"href":"https:\/\/stoic-curie.212-227-153-4.plesk.page\/de\/wp-json\/wp\/v2\/product\/3424639\/revisions"}],"wp:featuredmedia":[{"embeddable":true,"href":"https:\/\/stoic-curie.212-227-153-4.plesk.page\/de\/wp-json\/wp\/v2\/media\/5943830"}],"wp:attachment":[{"href":"https:\/\/stoic-curie.212-227-153-4.plesk.page\/de\/wp-json\/wp\/v2\/media?parent=3424639"}],"wp:term":[{"taxonomy":"product_brand","embeddable":true,"href":"https:\/\/stoic-curie.212-227-153-4.plesk.page\/de\/wp-json\/wp\/v2\/product_brand?post=3424639"},{"taxonomy":"product_cat","embeddable":true,"href":"https:\/\/stoic-curie.212-227-153-4.plesk.page\/de\/wp-json\/wp\/v2\/product_cat?post=3424639"},{"taxonomy":"product_tag","embeddable":true,"href":"https:\/\/stoic-curie.212-227-153-4.plesk.page\/de\/wp-json\/wp\/v2\/product_tag?post=3424639"}],"curies":[{"name":"wp","href":"https:\/\/api.w.org\/{rel}","templated":true}]}}