{"id":3424641,"date":"2025-10-09T22:52:25","date_gmt":"2025-10-10T02:52:25","guid":{"rendered":"https:\/\/stoic-curie.212-227-153-4.plesk.page\/product\/einfacher-block-master-windrider-40-mm-fuer-leinen-bis-10-mm\/"},"modified":"2026-02-24T23:35:03","modified_gmt":"2026-02-24T23:35:03","slug":"einfacher-block-master-windrider-40-mm-fuer-leinen-bis-10-mm","status":"publish","type":"product","link":"https:\/\/stoic-curie.212-227-153-4.plesk.page\/de\/product\/einfacher-block-master-windrider-40-mm-fuer-leinen-bis-10-mm\/","title":{"rendered":"Einfacher Block Master Windrider 40 mm f\u00fcr Leinen bis 10 mm"},"content":{"rendered":"<p>Einfacher Block Master Windrider 40 mm f\u00fcr Leinen bis 10 mm &#8211; <\/p>\n<p>Die Master-Komposit-Low-Friction-Kugelgel\u00e4nderbl\u00f6cke sind f\u00fcr den Wettkampfsport im Segeln konzipiert. Die hochfesten Komposit-Seitenplatten sorgen f\u00fcr eine hervorragende Leistung unter Arbeitslasten. Sch\u00f6nes Design und einfache Handhabung. Kugellager: selbstschmierende Acetal-Verbundstoffe. Riemenscheibendurchmesser 40 mm: selbstschmierende Acetal-Verbundstoffe. Wangen: verst\u00e4rktes glasfaserverst\u00e4rktes Nylon-Verbundmaterial, UV-stabilisiert. Drehbare Sch\u00e4keln: Geschmiedeter Edelstahl der G\u00fcteklasse 316. WL: Arbeitslast BL: Bruchlast. HINWEIS: Die Arbeits- \/ Bruchlast der Bl\u00f6cke mit Hebel basiert auf der Festigkeit des Hebels.<\/p>\n","protected":false},"excerpt":{"rendered":"<p>Einfacher Block Master Windrider 40 mm f\u00fcr Leinen bis 10 mm &#8211; Die Master-Komposit-Low-Friction-Kugelgel\u00e4nderbl\u00f6cke sind f\u00fcr den Wettkampfsport im Segeln<\/p>\n","protected":false},"featured_media":5943831,"comment_status":"closed","ping_status":"closed","template":"","meta":[],"product_brand":[3130],"product_cat":[1483],"product_tag":[],"class_list":{"0":"post-3424641","1":"product","2":"type-product","3":"status-publish","4":"has-post-thumbnail","6":"product_brand-master-de","7":"product_cat-master-bloecke","9":"first","10":"instock","11":"shipping-taxable","12":"purchasable","13":"product-type-simple"},"_links":{"self":[{"href":"https:\/\/stoic-curie.212-227-153-4.plesk.page\/de\/wp-json\/wp\/v2\/product\/3424641","targetHints":{"allow":["GET"]}}],"collection":[{"href":"https:\/\/stoic-curie.212-227-153-4.plesk.page\/de\/wp-json\/wp\/v2\/product"}],"about":[{"href":"https:\/\/stoic-curie.212-227-153-4.plesk.page\/de\/wp-json\/wp\/v2\/types\/product"}],"replies":[{"embeddable":true,"href":"https:\/\/stoic-curie.212-227-153-4.plesk.page\/de\/wp-json\/wp\/v2\/comments?post=3424641"}],"version-history":[{"count":0,"href":"https:\/\/stoic-curie.212-227-153-4.plesk.page\/de\/wp-json\/wp\/v2\/product\/3424641\/revisions"}],"wp:featuredmedia":[{"embeddable":true,"href":"https:\/\/stoic-curie.212-227-153-4.plesk.page\/de\/wp-json\/wp\/v2\/media\/5943831"}],"wp:attachment":[{"href":"https:\/\/stoic-curie.212-227-153-4.plesk.page\/de\/wp-json\/wp\/v2\/media?parent=3424641"}],"wp:term":[{"taxonomy":"product_brand","embeddable":true,"href":"https:\/\/stoic-curie.212-227-153-4.plesk.page\/de\/wp-json\/wp\/v2\/product_brand?post=3424641"},{"taxonomy":"product_cat","embeddable":true,"href":"https:\/\/stoic-curie.212-227-153-4.plesk.page\/de\/wp-json\/wp\/v2\/product_cat?post=3424641"},{"taxonomy":"product_tag","embeddable":true,"href":"https:\/\/stoic-curie.212-227-153-4.plesk.page\/de\/wp-json\/wp\/v2\/product_tag?post=3424641"}],"curies":[{"name":"wp","href":"https:\/\/api.w.org\/{rel}","templated":true}]}}