{"id":3424656,"date":"2025-10-09T22:52:25","date_gmt":"2025-10-10T02:52:25","guid":{"rendered":"https:\/\/stoic-curie.212-227-153-4.plesk.page\/product\/vertikale-umlenkrolle-master-windrider-40mm-fuer-leinen-bis-zu-10mm\/"},"modified":"2026-02-24T23:35:03","modified_gmt":"2026-02-24T23:35:03","slug":"vertikale-umlenkrolle-master-windrider-40mm-fuer-leinen-bis-zu-10mm","status":"publish","type":"product","link":"https:\/\/stoic-curie.212-227-153-4.plesk.page\/de\/product\/vertikale-umlenkrolle-master-windrider-40mm-fuer-leinen-bis-zu-10mm\/","title":{"rendered":"Vertikale Umlenkrolle Master Windrider 40mm f\u00fcr Leinen bis zu 10mm"},"content":{"rendered":"<p>Vertikale Umlenkrolle Master Windrider 40mm f\u00fcr Leinen bis zu 10mm &#8211; <\/p>\n<p>Die Master-Komposit-Kugellagerbl\u00f6cke mit niedrigem Reibungskoeffizienten sind f\u00fcr den Wettkampfsport im Segeln konzipiert. Die Seitenplatten aus hochfestem Kompositmaterial sorgen f\u00fcr eine optimale Leistung bei Arbeitlasten. Ihr sch\u00f6nes Design und die einfache Handhabung machen sie besonders attraktiv. Kugellager: selbstschmierenden Acetal-Komposit. Rollen-Durchmesser 40 mm: selbstschmierenden Acetal-Komposit. Backen: verst\u00e4rktes glasfaserverst\u00e4rktes Nylonkomposit, UV-stabilisiert. Drehbarer Sch\u00e4kels: Geschmiedeter Edelstahl der G\u00fcteklasse 316. WL: Arbeitslast. BL: Bruchlast. HINWEIS: Die Arbeits-\/Bruchlast der Bl\u00f6cke mit Klemme basiert auf der St\u00e4rke der Klemme.<\/p>\n","protected":false},"excerpt":{"rendered":"<p>Vertikale Umlenkrolle Master Windrider 40mm f\u00fcr Leinen bis zu 10mm &#8211; Die Master-Komposit-Kugellagerbl\u00f6cke mit niedrigem Reibungskoeffizienten sind f\u00fcr den Wettkampfsport<\/p>\n","protected":false},"featured_media":5943836,"comment_status":"closed","ping_status":"closed","template":"","meta":[],"product_brand":[3130],"product_cat":[1473,1483],"product_tag":[],"class_list":{"0":"post-3424656","1":"product","2":"type-product","3":"status-publish","4":"has-post-thumbnail","6":"product_brand-master-de","7":"product_cat-deck-organizer","8":"product_cat-master-bloecke","10":"first","11":"instock","12":"shipping-taxable","13":"purchasable","14":"product-type-simple"},"_links":{"self":[{"href":"https:\/\/stoic-curie.212-227-153-4.plesk.page\/de\/wp-json\/wp\/v2\/product\/3424656","targetHints":{"allow":["GET"]}}],"collection":[{"href":"https:\/\/stoic-curie.212-227-153-4.plesk.page\/de\/wp-json\/wp\/v2\/product"}],"about":[{"href":"https:\/\/stoic-curie.212-227-153-4.plesk.page\/de\/wp-json\/wp\/v2\/types\/product"}],"replies":[{"embeddable":true,"href":"https:\/\/stoic-curie.212-227-153-4.plesk.page\/de\/wp-json\/wp\/v2\/comments?post=3424656"}],"version-history":[{"count":0,"href":"https:\/\/stoic-curie.212-227-153-4.plesk.page\/de\/wp-json\/wp\/v2\/product\/3424656\/revisions"}],"wp:featuredmedia":[{"embeddable":true,"href":"https:\/\/stoic-curie.212-227-153-4.plesk.page\/de\/wp-json\/wp\/v2\/media\/5943836"}],"wp:attachment":[{"href":"https:\/\/stoic-curie.212-227-153-4.plesk.page\/de\/wp-json\/wp\/v2\/media?parent=3424656"}],"wp:term":[{"taxonomy":"product_brand","embeddable":true,"href":"https:\/\/stoic-curie.212-227-153-4.plesk.page\/de\/wp-json\/wp\/v2\/product_brand?post=3424656"},{"taxonomy":"product_cat","embeddable":true,"href":"https:\/\/stoic-curie.212-227-153-4.plesk.page\/de\/wp-json\/wp\/v2\/product_cat?post=3424656"},{"taxonomy":"product_tag","embeddable":true,"href":"https:\/\/stoic-curie.212-227-153-4.plesk.page\/de\/wp-json\/wp\/v2\/product_tag?post=3424656"}],"curies":[{"name":"wp","href":"https:\/\/api.w.org\/{rel}","templated":true}]}}