{"id":3424663,"date":"2025-10-09T22:52:25","date_gmt":"2025-10-10T02:52:25","guid":{"rendered":"https:\/\/stoic-curie.212-227-153-4.plesk.page\/product\/umlenkrolle-einzeln-master-windrider-57mm-fuer-leinen-bis-10mm\/"},"modified":"2026-02-24T23:35:03","modified_gmt":"2026-02-24T23:35:03","slug":"umlenkrolle-einzeln-master-windrider-57mm-fuer-leinen-bis-10mm","status":"publish","type":"product","link":"https:\/\/stoic-curie.212-227-153-4.plesk.page\/de\/product\/umlenkrolle-einzeln-master-windrider-57mm-fuer-leinen-bis-10mm\/","title":{"rendered":"Umlenkrolle Einzeln Master Windrider 57mm f\u00fcr Leinen bis 10mm"},"content":{"rendered":"<p>Umlenkrolle Einzeln Master Windrider 57mm f\u00fcr Leinen bis 10mm &#8211; <\/p>\n<p>Die Master Verbundniederreibungs-Wellenlagerbl\u00f6cke sind f\u00fcr den Wettkampfsport optimiert. Die hochfesten Verbundseitenplatten gew\u00e4hrleisten eine optimale Leistung unter Arbeitslasten. Sch\u00f6nes Design und einfache Handhabung. Kugellager: selbstschmierendes Acetal-Verbundmaterial. Scheibendurchmesser 57 mm: selbstschmierendes Acetal-Verbundmaterial. Backen: verst\u00e4rktes glasfaserverst\u00e4rktes Nylon-Verbundmaterial, UV-stabilisiert. Drehkran: geschmiedeter Edelstahl der Klasse 316. WL: Arbeitslast. BL: Bruchlast. HINWEIS: Die Arbeits-\/Bruchlast der Bl\u00f6cke mit Klinke basiert auf der Festigkeit der Klinke.<\/p>\n","protected":false},"excerpt":{"rendered":"<p>Umlenkrolle Einzeln Master Windrider 57mm f\u00fcr Leinen bis 10mm &#8211; Die Master Verbundniederreibungs-Wellenlagerbl\u00f6cke sind f\u00fcr den Wettkampfsport optimiert. Die hochfesten<\/p>\n","protected":false},"featured_media":5943841,"comment_status":"closed","ping_status":"closed","template":"","meta":[],"product_brand":[3130],"product_cat":[1483],"product_tag":[],"class_list":{"0":"post-3424663","1":"product","2":"type-product","3":"status-publish","4":"has-post-thumbnail","6":"product_brand-master-de","7":"product_cat-master-bloecke","9":"first","10":"instock","11":"shipping-taxable","12":"purchasable","13":"product-type-simple"},"_links":{"self":[{"href":"https:\/\/stoic-curie.212-227-153-4.plesk.page\/de\/wp-json\/wp\/v2\/product\/3424663","targetHints":{"allow":["GET"]}}],"collection":[{"href":"https:\/\/stoic-curie.212-227-153-4.plesk.page\/de\/wp-json\/wp\/v2\/product"}],"about":[{"href":"https:\/\/stoic-curie.212-227-153-4.plesk.page\/de\/wp-json\/wp\/v2\/types\/product"}],"replies":[{"embeddable":true,"href":"https:\/\/stoic-curie.212-227-153-4.plesk.page\/de\/wp-json\/wp\/v2\/comments?post=3424663"}],"version-history":[{"count":0,"href":"https:\/\/stoic-curie.212-227-153-4.plesk.page\/de\/wp-json\/wp\/v2\/product\/3424663\/revisions"}],"wp:featuredmedia":[{"embeddable":true,"href":"https:\/\/stoic-curie.212-227-153-4.plesk.page\/de\/wp-json\/wp\/v2\/media\/5943841"}],"wp:attachment":[{"href":"https:\/\/stoic-curie.212-227-153-4.plesk.page\/de\/wp-json\/wp\/v2\/media?parent=3424663"}],"wp:term":[{"taxonomy":"product_brand","embeddable":true,"href":"https:\/\/stoic-curie.212-227-153-4.plesk.page\/de\/wp-json\/wp\/v2\/product_brand?post=3424663"},{"taxonomy":"product_cat","embeddable":true,"href":"https:\/\/stoic-curie.212-227-153-4.plesk.page\/de\/wp-json\/wp\/v2\/product_cat?post=3424663"},{"taxonomy":"product_tag","embeddable":true,"href":"https:\/\/stoic-curie.212-227-153-4.plesk.page\/de\/wp-json\/wp\/v2\/product_tag?post=3424663"}],"curies":[{"name":"wp","href":"https:\/\/api.w.org\/{rel}","templated":true}]}}