{"id":3424664,"date":"2025-10-09T22:52:26","date_gmt":"2025-10-10T02:52:26","guid":{"rendered":"https:\/\/stoic-curie.212-227-153-4.plesk.page\/product\/umlenkrolle-einzeln-master-60mm-fuer-leinen-bis-12mm\/"},"modified":"2026-02-24T23:35:03","modified_gmt":"2026-02-24T23:35:03","slug":"umlenkrolle-einzeln-master-60mm-fuer-leinen-bis-12mm","status":"publish","type":"product","link":"https:\/\/stoic-curie.212-227-153-4.plesk.page\/de\/product\/umlenkrolle-einzeln-master-60mm-fuer-leinen-bis-12mm\/","title":{"rendered":"Umlenkrolle Einzeln Master 60mm f\u00fcr Leinen bis 12mm"},"content":{"rendered":"<p>Umlenkrolle Einzeln Master 60mm f\u00fcr Leinen bis 12mm &#8211; <\/p>\n<p>Master-Gleitlagerbl\u00f6cke, die f\u00fcr Leichtigkeit, St\u00e4rke und \u00fcberlegene Handhabung entwickelt wurden. Hergestellt aus glasfaserverst\u00e4rktem Nylon, um eine metall\u00e4hnliche St\u00e4rke zu bieten. Selbstschmierende Rolle verringert die Reibung und erh\u00f6ht die Effizienz. Das Gleitlager aus Edelstahl 316 erm\u00f6glicht eine sanfte Rotation, die den Seeleuten einen einfacheren Kraft\u00fcbergang und weniger Abnutzung des Seils erm\u00f6glicht. Gleitlager: Edelstahl 316 Rolle Durchmesser 60 mm: selbstschmierende Acetal-Verbundstoff Backen: verst\u00e4rkter glasfaserverst\u00e4rkter Nylon-Verbundstoff, UV-stabilisiert Drehgelenk: geschmiedeter Edelstahl der Klasse 316 WL: Arbeitslast BL: Bruchlast HINWEIS: Die Arbeits- und Bruchlast von Bl\u00f6cken mit einer Rollenmechanik basieren auf der St\u00e4rke der Rollenmechanik.<\/p>\n","protected":false},"excerpt":{"rendered":"<p>Umlenkrolle Einzeln Master 60mm f\u00fcr Leinen bis 12mm &#8211; Master-Gleitlagerbl\u00f6cke, die f\u00fcr Leichtigkeit, St\u00e4rke und \u00fcberlegene Handhabung entwickelt wurden. Hergestellt<\/p>\n","protected":false},"featured_media":5943854,"comment_status":"closed","ping_status":"closed","template":"","meta":[],"product_brand":[3130],"product_cat":[1483],"product_tag":[],"class_list":{"0":"post-3424664","1":"product","2":"type-product","3":"status-publish","4":"has-post-thumbnail","6":"product_brand-master-de","7":"product_cat-master-bloecke","9":"first","10":"instock","11":"shipping-taxable","12":"purchasable","13":"product-type-simple"},"_links":{"self":[{"href":"https:\/\/stoic-curie.212-227-153-4.plesk.page\/de\/wp-json\/wp\/v2\/product\/3424664","targetHints":{"allow":["GET"]}}],"collection":[{"href":"https:\/\/stoic-curie.212-227-153-4.plesk.page\/de\/wp-json\/wp\/v2\/product"}],"about":[{"href":"https:\/\/stoic-curie.212-227-153-4.plesk.page\/de\/wp-json\/wp\/v2\/types\/product"}],"replies":[{"embeddable":true,"href":"https:\/\/stoic-curie.212-227-153-4.plesk.page\/de\/wp-json\/wp\/v2\/comments?post=3424664"}],"version-history":[{"count":0,"href":"https:\/\/stoic-curie.212-227-153-4.plesk.page\/de\/wp-json\/wp\/v2\/product\/3424664\/revisions"}],"wp:featuredmedia":[{"embeddable":true,"href":"https:\/\/stoic-curie.212-227-153-4.plesk.page\/de\/wp-json\/wp\/v2\/media\/5943854"}],"wp:attachment":[{"href":"https:\/\/stoic-curie.212-227-153-4.plesk.page\/de\/wp-json\/wp\/v2\/media?parent=3424664"}],"wp:term":[{"taxonomy":"product_brand","embeddable":true,"href":"https:\/\/stoic-curie.212-227-153-4.plesk.page\/de\/wp-json\/wp\/v2\/product_brand?post=3424664"},{"taxonomy":"product_cat","embeddable":true,"href":"https:\/\/stoic-curie.212-227-153-4.plesk.page\/de\/wp-json\/wp\/v2\/product_cat?post=3424664"},{"taxonomy":"product_tag","embeddable":true,"href":"https:\/\/stoic-curie.212-227-153-4.plesk.page\/de\/wp-json\/wp\/v2\/product_tag?post=3424664"}],"curies":[{"name":"wp","href":"https:\/\/api.w.org\/{rel}","templated":true}]}}