{"id":3424673,"date":"2025-10-09T22:52:26","date_gmt":"2025-10-10T02:52:26","guid":{"rendered":"https:\/\/stoic-curie.212-227-153-4.plesk.page\/product\/einfacher-block-master-50-mm-umlenkrolle-mit-wirbel-fuer-10-mm-leinen\/"},"modified":"2026-02-24T23:35:03","modified_gmt":"2026-02-24T23:35:03","slug":"einfacher-block-master-50-mm-umlenkrolle-mit-wirbel-fuer-10-mm-leinen","status":"publish","type":"product","link":"https:\/\/stoic-curie.212-227-153-4.plesk.page\/de\/product\/einfacher-block-master-50-mm-umlenkrolle-mit-wirbel-fuer-10-mm-leinen\/","title":{"rendered":"Einfacher Block Master 50 mm Umlenkrolle mit Wirbel f\u00fcr 10 mm Leinen"},"content":{"rendered":"<p>Einfacher Block Master 50 mm Umlenkrolle mit Wirbel f\u00fcr 10 mm Leinen &#8211; <\/p>\n<p>Master-Gleitlagerbl\u00f6cke, die f\u00fcr geringes Gewicht, St\u00e4rke und \u00fcberlegene Handhabung entwickelt wurden. Hergestellt aus glasfaserverst\u00e4rktem Nylon, um eine metall\u00e4hnliche Festigkeit zu bieten. Selbstschmierende Rolle reduziert Reibung und erh\u00f6ht die Effizienz. Das Gleitlager aus 316-Edelstahl sorgt f\u00fcr eine sanfte Drehung, damit Segler die Kraft leichter \u00fcbertragen und die Abnutzung des Seils verringern k\u00f6nnen. Gleitlager: 316 Edelstahl Rolle Durchmesser 50 mm: selbstschmierend acetalversteckter Verbundwerkstoff Wangen: verst\u00e4rkter glasfaserverst\u00e4rkter Nylonverbundstoff, UV-stabilisiert Drehbarer Karabiner: geschmiedeter Edelstahl der G\u00fcteklasse 316 WL: Arbeitslast BL: Bruchlast HINWEIS: Die Arbeits-\/Bruchlast der Bl\u00f6cke mit Klemme basiert auf der Festigkeit der Klemme.<\/p>\n","protected":false},"excerpt":{"rendered":"<p>Einfacher Block Master 50 mm Umlenkrolle mit Wirbel f\u00fcr 10 mm Leinen &#8211; Master-Gleitlagerbl\u00f6cke, die f\u00fcr geringes Gewicht, St\u00e4rke und<\/p>\n","protected":false},"featured_media":5943856,"comment_status":"closed","ping_status":"closed","template":"","meta":[],"product_brand":[3130],"product_cat":[1483],"product_tag":[],"class_list":{"0":"post-3424673","1":"product","2":"type-product","3":"status-publish","4":"has-post-thumbnail","6":"product_brand-master-de","7":"product_cat-master-bloecke","9":"first","10":"instock","11":"shipping-taxable","12":"purchasable","13":"product-type-simple"},"_links":{"self":[{"href":"https:\/\/stoic-curie.212-227-153-4.plesk.page\/de\/wp-json\/wp\/v2\/product\/3424673","targetHints":{"allow":["GET"]}}],"collection":[{"href":"https:\/\/stoic-curie.212-227-153-4.plesk.page\/de\/wp-json\/wp\/v2\/product"}],"about":[{"href":"https:\/\/stoic-curie.212-227-153-4.plesk.page\/de\/wp-json\/wp\/v2\/types\/product"}],"replies":[{"embeddable":true,"href":"https:\/\/stoic-curie.212-227-153-4.plesk.page\/de\/wp-json\/wp\/v2\/comments?post=3424673"}],"version-history":[{"count":0,"href":"https:\/\/stoic-curie.212-227-153-4.plesk.page\/de\/wp-json\/wp\/v2\/product\/3424673\/revisions"}],"wp:featuredmedia":[{"embeddable":true,"href":"https:\/\/stoic-curie.212-227-153-4.plesk.page\/de\/wp-json\/wp\/v2\/media\/5943856"}],"wp:attachment":[{"href":"https:\/\/stoic-curie.212-227-153-4.plesk.page\/de\/wp-json\/wp\/v2\/media?parent=3424673"}],"wp:term":[{"taxonomy":"product_brand","embeddable":true,"href":"https:\/\/stoic-curie.212-227-153-4.plesk.page\/de\/wp-json\/wp\/v2\/product_brand?post=3424673"},{"taxonomy":"product_cat","embeddable":true,"href":"https:\/\/stoic-curie.212-227-153-4.plesk.page\/de\/wp-json\/wp\/v2\/product_cat?post=3424673"},{"taxonomy":"product_tag","embeddable":true,"href":"https:\/\/stoic-curie.212-227-153-4.plesk.page\/de\/wp-json\/wp\/v2\/product_tag?post=3424673"}],"curies":[{"name":"wp","href":"https:\/\/api.w.org\/{rel}","templated":true}]}}