{"id":3424682,"date":"2025-10-09T22:52:27","date_gmt":"2025-10-10T02:52:27","guid":{"rendered":"https:\/\/stoic-curie.212-227-153-4.plesk.page\/product\/umlenkrolle-fiddle-master-50mm-fuer-leinen-bis-10mm\/"},"modified":"2026-02-24T23:35:03","modified_gmt":"2026-02-24T23:35:03","slug":"umlenkrolle-fiddle-master-50mm-fuer-leinen-bis-10mm","status":"publish","type":"product","link":"https:\/\/stoic-curie.212-227-153-4.plesk.page\/de\/product\/umlenkrolle-fiddle-master-50mm-fuer-leinen-bis-10mm\/","title":{"rendered":"Umlenkrolle Fiddle Master 50mm f\u00fcr Leinen bis 10mm"},"content":{"rendered":"<p>Umlenkrolle Fiddle Master 50mm f\u00fcr Leinen bis 10mm &#8211; <\/p>\n<p> Meisterplattenlager-Bl\u00f6cke, die f\u00fcr Leichtigkeit, St\u00e4rke und hervorragende Handhabung konzipiert wurden. Hergestellt aus glasfaserverst\u00e4rktem Nylon, das metall\u00e4hnliche Festigkeit bietet. Selbstschmierende Scheibe reduziert die Reibung und erh\u00f6ht die Effizienz. Das Plain Bearing aus 316 Edelstahl sorgt f\u00fcr eine sanfte Rotation, was den Seglern eine leichtere Kraft\u00fcbertragung und weniger Abnutzung des Seils erm\u00f6glicht. Plain Bearing: 316 Edelstahl Scheibendurchmesser 50 mm: selbstschmierende Acetal-Verbundstoffe Wangen: verst\u00e4rkter glasfaserverst\u00e4rkter Nylon-Verbundstoff, UV-stabilisiert Drehsch\u00e4kel: Geschmiedeter Edelstahl Grad 316 WL: Arbeitslast BL: Bruchlast HINWEIS: Arbeits-\/Bruchlast der Bl\u00f6cke mit Kammer basiert auf der Festigkeit der Kammer.<\/p>\n","protected":false},"excerpt":{"rendered":"<p>Umlenkrolle Fiddle Master 50mm f\u00fcr Leinen bis 10mm &#8211; Meisterplattenlager-Bl\u00f6cke, die f\u00fcr Leichtigkeit, St\u00e4rke und hervorragende Handhabung konzipiert wurden. Hergestellt<\/p>\n","protected":false},"featured_media":5943863,"comment_status":"closed","ping_status":"closed","template":"","meta":[],"product_brand":[3130],"product_cat":[1483],"product_tag":[],"class_list":{"0":"post-3424682","1":"product","2":"type-product","3":"status-publish","4":"has-post-thumbnail","6":"product_brand-master-de","7":"product_cat-master-bloecke","9":"first","10":"instock","11":"shipping-taxable","12":"purchasable","13":"product-type-simple"},"_links":{"self":[{"href":"https:\/\/stoic-curie.212-227-153-4.plesk.page\/de\/wp-json\/wp\/v2\/product\/3424682","targetHints":{"allow":["GET"]}}],"collection":[{"href":"https:\/\/stoic-curie.212-227-153-4.plesk.page\/de\/wp-json\/wp\/v2\/product"}],"about":[{"href":"https:\/\/stoic-curie.212-227-153-4.plesk.page\/de\/wp-json\/wp\/v2\/types\/product"}],"replies":[{"embeddable":true,"href":"https:\/\/stoic-curie.212-227-153-4.plesk.page\/de\/wp-json\/wp\/v2\/comments?post=3424682"}],"version-history":[{"count":0,"href":"https:\/\/stoic-curie.212-227-153-4.plesk.page\/de\/wp-json\/wp\/v2\/product\/3424682\/revisions"}],"wp:featuredmedia":[{"embeddable":true,"href":"https:\/\/stoic-curie.212-227-153-4.plesk.page\/de\/wp-json\/wp\/v2\/media\/5943863"}],"wp:attachment":[{"href":"https:\/\/stoic-curie.212-227-153-4.plesk.page\/de\/wp-json\/wp\/v2\/media?parent=3424682"}],"wp:term":[{"taxonomy":"product_brand","embeddable":true,"href":"https:\/\/stoic-curie.212-227-153-4.plesk.page\/de\/wp-json\/wp\/v2\/product_brand?post=3424682"},{"taxonomy":"product_cat","embeddable":true,"href":"https:\/\/stoic-curie.212-227-153-4.plesk.page\/de\/wp-json\/wp\/v2\/product_cat?post=3424682"},{"taxonomy":"product_tag","embeddable":true,"href":"https:\/\/stoic-curie.212-227-153-4.plesk.page\/de\/wp-json\/wp\/v2\/product_tag?post=3424682"}],"curies":[{"name":"wp","href":"https:\/\/api.w.org\/{rel}","templated":true}]}}