{"id":3424690,"date":"2025-10-09T22:52:27","date_gmt":"2025-10-10T02:52:27","guid":{"rendered":"https:\/\/stoic-curie.212-227-153-4.plesk.page\/product\/umlenkrolle-fiddle-mit-schaekel-master-50mm-fuer-leinen-bis-10mm\/"},"modified":"2026-02-24T23:35:03","modified_gmt":"2026-02-24T23:35:03","slug":"umlenkrolle-fiddle-mit-schaekel-master-50mm-fuer-leinen-bis-10mm","status":"publish","type":"product","link":"https:\/\/stoic-curie.212-227-153-4.plesk.page\/de\/product\/umlenkrolle-fiddle-mit-schaekel-master-50mm-fuer-leinen-bis-10mm\/","title":{"rendered":"Umlenkrolle Fiddle mit Sch\u00e4kel Master 50mm f\u00fcr Leinen bis 10mm"},"content":{"rendered":"<p>Umlenkrolle Fiddle mit Sch\u00e4kel Master 50mm f\u00fcr Leinen bis 10mm &#8211; <\/p>\n<p>Meister-Plainlagerbl\u00f6cke, entwickelt f\u00fcr geringes Gewicht, hohe Festigkeit und erstklassige Handhabung. Hergestellt aus glasfaserverst\u00e4rktem Nylon, um eine metall\u00e4hnliche Festigkeit zu bieten. Selbstschmierende Scheibe reduziert die Reibung und erh\u00f6ht die Effizienz. Das Plainlager aus Edelstahl 316 sorgt f\u00fcr eine sanfte Rotation, damit Segler eine einfachere Kraft\u00fcbertragung und weniger Abnutzung des Seils erleben. Plainlager: 316 Edelstahl Scheibendurchmesser 50 mm: selbstschmierte Acetalverbundwerkstoffe Backen: verst\u00e4rktes glasfaserverst\u00e4rktes Nylon-Verbundmaterial UV-stabilisiert Drehwirbel: geschmiedeter Edelstahl der G\u00fcte 316 WL: Arbeitslast BL: Bruchlast HINWEIS: Die Arbeits-\/Bruchlast der Bl\u00f6cke mit Klemme basiert auf der Festigkeit der Klemme.<\/p>\n","protected":false},"excerpt":{"rendered":"<p>Umlenkrolle Fiddle mit Sch\u00e4kel Master 50mm f\u00fcr Leinen bis 10mm &#8211; Meister-Plainlagerbl\u00f6cke, entwickelt f\u00fcr geringes Gewicht, hohe Festigkeit und erstklassige<\/p>\n","protected":false},"featured_media":5943864,"comment_status":"closed","ping_status":"closed","template":"","meta":[],"product_brand":[3130],"product_cat":[1483],"product_tag":[],"class_list":{"0":"post-3424690","1":"product","2":"type-product","3":"status-publish","4":"has-post-thumbnail","6":"product_brand-master-de","7":"product_cat-master-bloecke","9":"first","10":"instock","11":"shipping-taxable","12":"purchasable","13":"product-type-simple"},"_links":{"self":[{"href":"https:\/\/stoic-curie.212-227-153-4.plesk.page\/de\/wp-json\/wp\/v2\/product\/3424690","targetHints":{"allow":["GET"]}}],"collection":[{"href":"https:\/\/stoic-curie.212-227-153-4.plesk.page\/de\/wp-json\/wp\/v2\/product"}],"about":[{"href":"https:\/\/stoic-curie.212-227-153-4.plesk.page\/de\/wp-json\/wp\/v2\/types\/product"}],"replies":[{"embeddable":true,"href":"https:\/\/stoic-curie.212-227-153-4.plesk.page\/de\/wp-json\/wp\/v2\/comments?post=3424690"}],"version-history":[{"count":0,"href":"https:\/\/stoic-curie.212-227-153-4.plesk.page\/de\/wp-json\/wp\/v2\/product\/3424690\/revisions"}],"wp:featuredmedia":[{"embeddable":true,"href":"https:\/\/stoic-curie.212-227-153-4.plesk.page\/de\/wp-json\/wp\/v2\/media\/5943864"}],"wp:attachment":[{"href":"https:\/\/stoic-curie.212-227-153-4.plesk.page\/de\/wp-json\/wp\/v2\/media?parent=3424690"}],"wp:term":[{"taxonomy":"product_brand","embeddable":true,"href":"https:\/\/stoic-curie.212-227-153-4.plesk.page\/de\/wp-json\/wp\/v2\/product_brand?post=3424690"},{"taxonomy":"product_cat","embeddable":true,"href":"https:\/\/stoic-curie.212-227-153-4.plesk.page\/de\/wp-json\/wp\/v2\/product_cat?post=3424690"},{"taxonomy":"product_tag","embeddable":true,"href":"https:\/\/stoic-curie.212-227-153-4.plesk.page\/de\/wp-json\/wp\/v2\/product_tag?post=3424690"}],"curies":[{"name":"wp","href":"https:\/\/api.w.org\/{rel}","templated":true}]}}