{"id":3424741,"date":"2025-10-09T22:52:29","date_gmt":"2025-10-10T02:52:29","guid":{"rendered":"https:\/\/stoic-curie.212-227-153-4.plesk.page\/product\/umlenkrolle-fiddle-master-windrider-40mm-fuer-leinen-bis-10mm\/"},"modified":"2026-02-24T23:35:04","modified_gmt":"2026-02-24T23:35:04","slug":"umlenkrolle-fiddle-master-windrider-40mm-fuer-leinen-bis-10mm","status":"publish","type":"product","link":"https:\/\/stoic-curie.212-227-153-4.plesk.page\/de\/product\/umlenkrolle-fiddle-master-windrider-40mm-fuer-leinen-bis-10mm\/","title":{"rendered":"Umlenkrolle Fiddle Master Windrider 40mm f\u00fcr Leinen bis 10mm"},"content":{"rendered":"<p>Umlenkrolle Fiddle Master Windrider 40mm f\u00fcr Leinen bis 10mm &#8211; <\/p>\n<p>Die Master-Komposit-Kugellagerbl\u00f6cke mit niedrigem Reibungskoeffizienten sind f\u00fcr den Wettbewerbssegeln konzipiert. Die Seitenplatten aus hochfestem Kompositmaterial bieten hervorragende Leistungen bei Arbeitslasten. Sch\u00f6ne Designs und einfache Handhabung. Kugellager: selbstschmierenden Acetalverbundstoff. Riemenscheibendurchmesser 40 mm: selbstschmierenden Acetalverbundstoff. Backen: Verst\u00e4rktes Nylon-Komposit aus Glasfaser, UV-stabilisiert. Drehgelenk: Geschmiedeter Edelstahl der G\u00fcteklasse 316. WL: Arbeitslast. BL: Bruchlast. HINWEIS: Die Arbeits-\/Bruchlast der Bl\u00f6cke mit einem Riegel basiert auf der St\u00e4rke des Riegels.<\/p>\n","protected":false},"excerpt":{"rendered":"<p>Umlenkrolle Fiddle Master Windrider 40mm f\u00fcr Leinen bis 10mm &#8211; Die Master-Komposit-Kugellagerbl\u00f6cke mit niedrigem Reibungskoeffizienten sind f\u00fcr den Wettbewerbssegeln konzipiert.<\/p>\n","protected":false},"featured_media":5943911,"comment_status":"closed","ping_status":"closed","template":"","meta":[],"product_brand":[3130],"product_cat":[1483],"product_tag":[],"class_list":{"0":"post-3424741","1":"product","2":"type-product","3":"status-publish","4":"has-post-thumbnail","6":"product_brand-master-de","7":"product_cat-master-bloecke","9":"first","10":"instock","11":"shipping-taxable","12":"purchasable","13":"product-type-simple"},"_links":{"self":[{"href":"https:\/\/stoic-curie.212-227-153-4.plesk.page\/de\/wp-json\/wp\/v2\/product\/3424741","targetHints":{"allow":["GET"]}}],"collection":[{"href":"https:\/\/stoic-curie.212-227-153-4.plesk.page\/de\/wp-json\/wp\/v2\/product"}],"about":[{"href":"https:\/\/stoic-curie.212-227-153-4.plesk.page\/de\/wp-json\/wp\/v2\/types\/product"}],"replies":[{"embeddable":true,"href":"https:\/\/stoic-curie.212-227-153-4.plesk.page\/de\/wp-json\/wp\/v2\/comments?post=3424741"}],"version-history":[{"count":0,"href":"https:\/\/stoic-curie.212-227-153-4.plesk.page\/de\/wp-json\/wp\/v2\/product\/3424741\/revisions"}],"wp:featuredmedia":[{"embeddable":true,"href":"https:\/\/stoic-curie.212-227-153-4.plesk.page\/de\/wp-json\/wp\/v2\/media\/5943911"}],"wp:attachment":[{"href":"https:\/\/stoic-curie.212-227-153-4.plesk.page\/de\/wp-json\/wp\/v2\/media?parent=3424741"}],"wp:term":[{"taxonomy":"product_brand","embeddable":true,"href":"https:\/\/stoic-curie.212-227-153-4.plesk.page\/de\/wp-json\/wp\/v2\/product_brand?post=3424741"},{"taxonomy":"product_cat","embeddable":true,"href":"https:\/\/stoic-curie.212-227-153-4.plesk.page\/de\/wp-json\/wp\/v2\/product_cat?post=3424741"},{"taxonomy":"product_tag","embeddable":true,"href":"https:\/\/stoic-curie.212-227-153-4.plesk.page\/de\/wp-json\/wp\/v2\/product_tag?post=3424741"}],"curies":[{"name":"wp","href":"https:\/\/api.w.org\/{rel}","templated":true}]}}