{"id":3424768,"date":"2025-10-09T22:52:30","date_gmt":"2025-10-10T02:52:30","guid":{"rendered":"https:\/\/stoic-curie.212-227-153-4.plesk.page\/product\/ziehstift-federverschluss-95x562mm-edelstahl\/"},"modified":"2026-02-24T23:35:04","modified_gmt":"2026-02-24T23:35:04","slug":"ziehstift-federverschluss-95x562mm-edelstahl","status":"publish","type":"product","link":"https:\/\/stoic-curie.212-227-153-4.plesk.page\/de\/product\/ziehstift-federverschluss-95x562mm-edelstahl\/","title":{"rendered":"Ziehstift-Federverschluss 9,5&#215;56,2mm Edelstahl"},"content":{"rendered":"<p>Ziehstift-Federverschluss 9,5&#215;56,2mm Edelstahl &#8211; <\/p>\n<p>Federbelasteter Druck-Zug-Verschlussriegel aus 316 Edelstahl f\u00fcr das Blockieren oder Schlie\u00dfen von Schr\u00e4nken und Boxen.<\/p>\n","protected":false},"excerpt":{"rendered":"<p>Ziehstift-Federverschluss 9,5&#215;56,2mm Edelstahl &#8211; Federbelasteter Druck-Zug-Verschlussriegel aus 316 Edelstahl f\u00fcr das Blockieren oder Schlie\u00dfen von Schr\u00e4nken und Boxen.<\/p>\n","protected":false},"featured_media":5943921,"comment_status":"closed","ping_status":"closed","template":"","meta":[],"product_brand":[3235],"product_cat":[1400,1423],"product_tag":[],"class_list":{"0":"post-3424768","1":"product","2":"type-product","3":"status-publish","4":"has-post-thumbnail","6":"product_brand-osculati-de","7":"product_cat-bootsverschluesse","8":"product_cat-kabinenbeschlaege","10":"first","11":"instock","12":"shipping-taxable","13":"purchasable","14":"product-type-simple"},"_links":{"self":[{"href":"https:\/\/stoic-curie.212-227-153-4.plesk.page\/de\/wp-json\/wp\/v2\/product\/3424768","targetHints":{"allow":["GET"]}}],"collection":[{"href":"https:\/\/stoic-curie.212-227-153-4.plesk.page\/de\/wp-json\/wp\/v2\/product"}],"about":[{"href":"https:\/\/stoic-curie.212-227-153-4.plesk.page\/de\/wp-json\/wp\/v2\/types\/product"}],"replies":[{"embeddable":true,"href":"https:\/\/stoic-curie.212-227-153-4.plesk.page\/de\/wp-json\/wp\/v2\/comments?post=3424768"}],"version-history":[{"count":0,"href":"https:\/\/stoic-curie.212-227-153-4.plesk.page\/de\/wp-json\/wp\/v2\/product\/3424768\/revisions"}],"wp:featuredmedia":[{"embeddable":true,"href":"https:\/\/stoic-curie.212-227-153-4.plesk.page\/de\/wp-json\/wp\/v2\/media\/5943921"}],"wp:attachment":[{"href":"https:\/\/stoic-curie.212-227-153-4.plesk.page\/de\/wp-json\/wp\/v2\/media?parent=3424768"}],"wp:term":[{"taxonomy":"product_brand","embeddable":true,"href":"https:\/\/stoic-curie.212-227-153-4.plesk.page\/de\/wp-json\/wp\/v2\/product_brand?post=3424768"},{"taxonomy":"product_cat","embeddable":true,"href":"https:\/\/stoic-curie.212-227-153-4.plesk.page\/de\/wp-json\/wp\/v2\/product_cat?post=3424768"},{"taxonomy":"product_tag","embeddable":true,"href":"https:\/\/stoic-curie.212-227-153-4.plesk.page\/de\/wp-json\/wp\/v2\/product_tag?post=3424768"}],"curies":[{"name":"wp","href":"https:\/\/api.w.org\/{rel}","templated":true}]}}