{"id":3424857,"date":"2025-10-09T22:52:34","date_gmt":"2025-10-10T02:52:34","guid":{"rendered":"https:\/\/stoic-curie.212-227-153-4.plesk.page\/product\/led-lampe-bay15d-12-24v-250-lumen-60-mm\/"},"modified":"2026-02-24T23:35:04","modified_gmt":"2026-02-24T23:35:04","slug":"led-lampe-bay15d-12-24v-250-lumen-60-mm","status":"publish","type":"product","link":"https:\/\/stoic-curie.212-227-153-4.plesk.page\/de\/product\/led-lampe-bay15d-12-24v-250-lumen-60-mm\/","title":{"rendered":"LED-Lampe Bay15d 12\/24V 250 Lumen 60 mm"},"content":{"rendered":"<p>LED-Lampe Bay15d 12\/24V 250 Lumen 60 mm &#8211; <\/p>\n<p>DHR Navigationslichter f\u00fcr Boote bis zu 50 Meter. Wasserdicht, nicht magnetisch, mit geladenem Polycarbonatgeh\u00e4use und Fresnel schockbest\u00e4ndigen Linsen. Muss mit BAY15D-Lampe erg\u00e4nzt werden. Bureau Veritas MED 2014\/90\/EU zertifiziert und konform mit COLREG\/IMO\/EN\/IEC.<\/p>\n","protected":false},"excerpt":{"rendered":"<p>LED-Lampe Bay15d 12\/24V 250 Lumen 60 mm &#8211; DHR Navigationslichter f\u00fcr Boote bis zu 50 Meter. Wasserdicht, nicht magnetisch, mit<\/p>\n","protected":false},"featured_media":5943940,"comment_status":"closed","ping_status":"closed","template":"","meta":[],"product_brand":[3220],"product_cat":[1452],"product_tag":[],"class_list":{"0":"post-3424857","1":"product","2":"type-product","3":"status-publish","4":"has-post-thumbnail","6":"product_brand-oceanled-de","7":"product_cat-bootsbeleuchtung","9":"first","10":"instock","11":"shipping-taxable","12":"purchasable","13":"product-type-simple"},"_links":{"self":[{"href":"https:\/\/stoic-curie.212-227-153-4.plesk.page\/de\/wp-json\/wp\/v2\/product\/3424857","targetHints":{"allow":["GET"]}}],"collection":[{"href":"https:\/\/stoic-curie.212-227-153-4.plesk.page\/de\/wp-json\/wp\/v2\/product"}],"about":[{"href":"https:\/\/stoic-curie.212-227-153-4.plesk.page\/de\/wp-json\/wp\/v2\/types\/product"}],"replies":[{"embeddable":true,"href":"https:\/\/stoic-curie.212-227-153-4.plesk.page\/de\/wp-json\/wp\/v2\/comments?post=3424857"}],"version-history":[{"count":0,"href":"https:\/\/stoic-curie.212-227-153-4.plesk.page\/de\/wp-json\/wp\/v2\/product\/3424857\/revisions"}],"wp:featuredmedia":[{"embeddable":true,"href":"https:\/\/stoic-curie.212-227-153-4.plesk.page\/de\/wp-json\/wp\/v2\/media\/5943940"}],"wp:attachment":[{"href":"https:\/\/stoic-curie.212-227-153-4.plesk.page\/de\/wp-json\/wp\/v2\/media?parent=3424857"}],"wp:term":[{"taxonomy":"product_brand","embeddable":true,"href":"https:\/\/stoic-curie.212-227-153-4.plesk.page\/de\/wp-json\/wp\/v2\/product_brand?post=3424857"},{"taxonomy":"product_cat","embeddable":true,"href":"https:\/\/stoic-curie.212-227-153-4.plesk.page\/de\/wp-json\/wp\/v2\/product_cat?post=3424857"},{"taxonomy":"product_tag","embeddable":true,"href":"https:\/\/stoic-curie.212-227-153-4.plesk.page\/de\/wp-json\/wp\/v2\/product_tag?post=3424857"}],"curies":[{"name":"wp","href":"https:\/\/api.w.org\/{rel}","templated":true}]}}