{"id":3424878,"date":"2025-10-09T22:52:35","date_gmt":"2025-10-10T02:52:35","guid":{"rendered":"https:\/\/stoic-curie.212-227-153-4.plesk.page\/product\/aufbewahrungstasche-navishell-blau-30-x-11-x-h18cm\/"},"modified":"2026-02-24T23:35:04","modified_gmt":"2026-02-24T23:35:04","slug":"aufbewahrungstasche-navishell-blau-30-x-11-x-h18cm","status":"publish","type":"product","link":"https:\/\/stoic-curie.212-227-153-4.plesk.page\/de\/product\/aufbewahrungstasche-navishell-blau-30-x-11-x-h18cm\/","title":{"rendered":"Aufbewahrungstasche Navishell Blau 30 x 11 x H18cm"},"content":{"rendered":"<p>Aufbewahrungstasche Navishell Blau 30 x 11 x H18cm &#8211; <\/p>\n<p>Gewebte Cockpit-Stauwg aus Acrylstoff. Wasserabweisend und UV-best\u00e4ndig. Mit abflie\u00dfendem Mesh-Boden.<br \/>Weite \u00d6ffnung mit verst\u00e4rktem Rand f\u00fcr ein bequemes und einfaches Laden.<br \/>Zum Aufbewahren von Tauen, Fallen, Winschhebeln, Handschuhen, Sonnencreme, Getr\u00e4nken usw.<br \/>Zwei optionale Befestigungssysteme sind enthalten: 1) Mit Saugn\u00e4pfen f\u00fcr eine einfache und starke Befestigung ohne Schrauben. 2) Mit Haken f\u00fcr eine einfache und starke Befestigung mit Schrauben.<\/p>\n","protected":false},"excerpt":{"rendered":"<p>Aufbewahrungstasche Navishell Blau 30 x 11 x H18cm &#8211; Gewebte Cockpit-Stauwg aus Acrylstoff. Wasserabweisend und UV-best\u00e4ndig. Mit abflie\u00dfendem Mesh-Boden.Weite \u00d6ffnung<\/p>\n","protected":false},"featured_media":5943943,"comment_status":"closed","ping_status":"closed","template":"","meta":[],"product_brand":[3175],"product_cat":[1479,1357],"product_tag":[],"class_list":{"0":"post-3424878","1":"product","2":"type-product","3":"status-publish","4":"has-post-thumbnail","6":"product_brand-navishell-de","7":"product_cat-abdeckungen-und-schutzhuellen","8":"product_cat-aufbewahrungszubehoer","10":"first","11":"instock","12":"shipping-taxable","13":"purchasable","14":"product-type-simple"},"_links":{"self":[{"href":"https:\/\/stoic-curie.212-227-153-4.plesk.page\/de\/wp-json\/wp\/v2\/product\/3424878","targetHints":{"allow":["GET"]}}],"collection":[{"href":"https:\/\/stoic-curie.212-227-153-4.plesk.page\/de\/wp-json\/wp\/v2\/product"}],"about":[{"href":"https:\/\/stoic-curie.212-227-153-4.plesk.page\/de\/wp-json\/wp\/v2\/types\/product"}],"replies":[{"embeddable":true,"href":"https:\/\/stoic-curie.212-227-153-4.plesk.page\/de\/wp-json\/wp\/v2\/comments?post=3424878"}],"version-history":[{"count":0,"href":"https:\/\/stoic-curie.212-227-153-4.plesk.page\/de\/wp-json\/wp\/v2\/product\/3424878\/revisions"}],"wp:featuredmedia":[{"embeddable":true,"href":"https:\/\/stoic-curie.212-227-153-4.plesk.page\/de\/wp-json\/wp\/v2\/media\/5943943"}],"wp:attachment":[{"href":"https:\/\/stoic-curie.212-227-153-4.plesk.page\/de\/wp-json\/wp\/v2\/media?parent=3424878"}],"wp:term":[{"taxonomy":"product_brand","embeddable":true,"href":"https:\/\/stoic-curie.212-227-153-4.plesk.page\/de\/wp-json\/wp\/v2\/product_brand?post=3424878"},{"taxonomy":"product_cat","embeddable":true,"href":"https:\/\/stoic-curie.212-227-153-4.plesk.page\/de\/wp-json\/wp\/v2\/product_cat?post=3424878"},{"taxonomy":"product_tag","embeddable":true,"href":"https:\/\/stoic-curie.212-227-153-4.plesk.page\/de\/wp-json\/wp\/v2\/product_tag?post=3424878"}],"curies":[{"name":"wp","href":"https:\/\/api.w.org\/{rel}","templated":true}]}}