{"id":3424892,"date":"2025-10-09T22:52:35","date_gmt":"2025-10-10T02:52:35","guid":{"rendered":"https:\/\/stoic-curie.212-227-153-4.plesk.page\/product\/aufbewahrungstasche-navishell-blau-30-x-25cm\/"},"modified":"2026-02-24T23:35:04","modified_gmt":"2026-02-24T23:35:04","slug":"aufbewahrungstasche-navishell-blau-30-x-25cm","status":"publish","type":"product","link":"https:\/\/stoic-curie.212-227-153-4.plesk.page\/de\/product\/aufbewahrungstasche-navishell-blau-30-x-25cm\/","title":{"rendered":"Aufbewahrungstasche Navishell Blau 30 x 25cm"},"content":{"rendered":"<p>Aufbewahrungstasche Navishell Blau 30 x 25cm &#8211; <\/p>\n<p>Wasserabweisende Acrylstofftasche. Best\u00e4ndig gegen UV-Strahlen. Die stabilen, wischfesten Farben bleiben mindestens 3 Jahre bei kontinuierlichem Gebrauch lebendig. Zwei optionale Befestigungssysteme sind enthalten: 1) Mit Saugn\u00e4pfen, die eine einfache und sichere Befestigung ohne Bohren garantieren. 2) Mit Haken, die eine einfache und sichere Befestigung durch Bohren erm\u00f6glichen. Ausgestattet mit einem n\u00fctzlichen Frontnetz zur Aufbewahrung kleiner Gegenst\u00e4nde.<\/p>\n","protected":false},"excerpt":{"rendered":"<p>Aufbewahrungstasche Navishell Blau 30 x 25cm &#8211; Wasserabweisende Acrylstofftasche. Best\u00e4ndig gegen UV-Strahlen. Die stabilen, wischfesten Farben bleiben mindestens 3 Jahre<\/p>\n","protected":false},"featured_media":5943951,"comment_status":"closed","ping_status":"closed","template":"","meta":[],"product_brand":[3175],"product_cat":[1479,1357],"product_tag":[],"class_list":{"0":"post-3424892","1":"product","2":"type-product","3":"status-publish","4":"has-post-thumbnail","6":"product_brand-navishell-de","7":"product_cat-abdeckungen-und-schutzhuellen","8":"product_cat-aufbewahrungszubehoer","10":"first","11":"instock","12":"shipping-taxable","13":"purchasable","14":"product-type-simple"},"_links":{"self":[{"href":"https:\/\/stoic-curie.212-227-153-4.plesk.page\/de\/wp-json\/wp\/v2\/product\/3424892","targetHints":{"allow":["GET"]}}],"collection":[{"href":"https:\/\/stoic-curie.212-227-153-4.plesk.page\/de\/wp-json\/wp\/v2\/product"}],"about":[{"href":"https:\/\/stoic-curie.212-227-153-4.plesk.page\/de\/wp-json\/wp\/v2\/types\/product"}],"replies":[{"embeddable":true,"href":"https:\/\/stoic-curie.212-227-153-4.plesk.page\/de\/wp-json\/wp\/v2\/comments?post=3424892"}],"version-history":[{"count":0,"href":"https:\/\/stoic-curie.212-227-153-4.plesk.page\/de\/wp-json\/wp\/v2\/product\/3424892\/revisions"}],"wp:featuredmedia":[{"embeddable":true,"href":"https:\/\/stoic-curie.212-227-153-4.plesk.page\/de\/wp-json\/wp\/v2\/media\/5943951"}],"wp:attachment":[{"href":"https:\/\/stoic-curie.212-227-153-4.plesk.page\/de\/wp-json\/wp\/v2\/media?parent=3424892"}],"wp:term":[{"taxonomy":"product_brand","embeddable":true,"href":"https:\/\/stoic-curie.212-227-153-4.plesk.page\/de\/wp-json\/wp\/v2\/product_brand?post=3424892"},{"taxonomy":"product_cat","embeddable":true,"href":"https:\/\/stoic-curie.212-227-153-4.plesk.page\/de\/wp-json\/wp\/v2\/product_cat?post=3424892"},{"taxonomy":"product_tag","embeddable":true,"href":"https:\/\/stoic-curie.212-227-153-4.plesk.page\/de\/wp-json\/wp\/v2\/product_tag?post=3424892"}],"curies":[{"name":"wp","href":"https:\/\/api.w.org\/{rel}","templated":true}]}}