{"id":3424909,"date":"2025-10-09T22:52:36","date_gmt":"2025-10-10T02:52:36","guid":{"rendered":"https:\/\/stoic-curie.212-227-153-4.plesk.page\/product\/kabelschutzschlauch-navishell-blau-l50cm\/"},"modified":"2026-02-24T23:35:04","modified_gmt":"2026-02-24T23:35:04","slug":"kabelschutzschlauch-navishell-blau-l50cm","status":"publish","type":"product","link":"https:\/\/stoic-curie.212-227-153-4.plesk.page\/de\/product\/kabelschutzschlauch-navishell-blau-l50cm\/","title":{"rendered":"Kabelschutzschlauch Navishell Blau L50cm"},"content":{"rendered":"<p>Kabelschutzschlauch Navishell Blau L50cm &#8211; <\/p>\n<p>Wasserabweisender und UV-best\u00e4ndiger Acrylstoff f\u00fcr den Navishell-Schutzgel\u00e4nderbezug. Die stabilisierte, unverg\u00e4ngliche Farbe verblasst nicht und bleibt selbst nach 3 Jahren kontinuierlicher Nutzung intensiv. Ausgestattet mit einem robusten Rei\u00dfverschluss f\u00fcr eine einfache und sichere Montage.<\/p>\n","protected":false},"excerpt":{"rendered":"<p>Kabelschutzschlauch Navishell Blau L50cm &#8211; Wasserabweisender und UV-best\u00e4ndiger Acrylstoff f\u00fcr den Navishell-Schutzgel\u00e4nderbezug. Die stabilisierte, unverg\u00e4ngliche Farbe verblasst nicht und bleibt<\/p>\n","protected":false},"featured_media":5943957,"comment_status":"closed","ping_status":"closed","template":"","meta":[],"product_brand":[3175],"product_cat":[1479,1471],"product_tag":[],"class_list":{"0":"post-3424909","1":"product","2":"type-product","3":"status-publish","4":"has-post-thumbnail","6":"product_brand-navishell-de","7":"product_cat-abdeckungen-und-schutzhuellen","8":"product_cat-stuetzen","10":"first","11":"instock","12":"shipping-taxable","13":"purchasable","14":"product-type-simple"},"_links":{"self":[{"href":"https:\/\/stoic-curie.212-227-153-4.plesk.page\/de\/wp-json\/wp\/v2\/product\/3424909","targetHints":{"allow":["GET"]}}],"collection":[{"href":"https:\/\/stoic-curie.212-227-153-4.plesk.page\/de\/wp-json\/wp\/v2\/product"}],"about":[{"href":"https:\/\/stoic-curie.212-227-153-4.plesk.page\/de\/wp-json\/wp\/v2\/types\/product"}],"replies":[{"embeddable":true,"href":"https:\/\/stoic-curie.212-227-153-4.plesk.page\/de\/wp-json\/wp\/v2\/comments?post=3424909"}],"version-history":[{"count":0,"href":"https:\/\/stoic-curie.212-227-153-4.plesk.page\/de\/wp-json\/wp\/v2\/product\/3424909\/revisions"}],"wp:featuredmedia":[{"embeddable":true,"href":"https:\/\/stoic-curie.212-227-153-4.plesk.page\/de\/wp-json\/wp\/v2\/media\/5943957"}],"wp:attachment":[{"href":"https:\/\/stoic-curie.212-227-153-4.plesk.page\/de\/wp-json\/wp\/v2\/media?parent=3424909"}],"wp:term":[{"taxonomy":"product_brand","embeddable":true,"href":"https:\/\/stoic-curie.212-227-153-4.plesk.page\/de\/wp-json\/wp\/v2\/product_brand?post=3424909"},{"taxonomy":"product_cat","embeddable":true,"href":"https:\/\/stoic-curie.212-227-153-4.plesk.page\/de\/wp-json\/wp\/v2\/product_cat?post=3424909"},{"taxonomy":"product_tag","embeddable":true,"href":"https:\/\/stoic-curie.212-227-153-4.plesk.page\/de\/wp-json\/wp\/v2\/product_tag?post=3424909"}],"curies":[{"name":"wp","href":"https:\/\/api.w.org\/{rel}","templated":true}]}}