{"id":3424987,"date":"2025-10-09T22:52:39","date_gmt":"2025-10-10T02:52:39","guid":{"rendered":"https:\/\/stoic-curie.212-227-153-4.plesk.page\/product\/wasserdichte-tasche-fuer-nautische-karten-60-x-42cm\/"},"modified":"2026-02-24T23:35:04","modified_gmt":"2026-02-24T23:35:04","slug":"wasserdichte-tasche-fuer-nautische-karten-60-x-42cm","status":"publish","type":"product","link":"https:\/\/stoic-curie.212-227-153-4.plesk.page\/de\/product\/wasserdichte-tasche-fuer-nautische-karten-60-x-42cm\/","title":{"rendered":"Wasserdichte Tasche f\u00fcr Nautische Karten 60 x 42cm"},"content":{"rendered":"<p>Wasserdichte Tasche f\u00fcr Nautische Karten 60 x 42cm &#8211; <\/p>\n<p>Wasserabweisende Dokumententasche aus Acrylstoff. UV-Strahlenbest\u00e4ndig. Die stabilen, unverg\u00e4nglichen Farben bleiben mindestens 3 Jahre lang bei kontinuierlicher Nutzung lebendig.<\/p>\n","protected":false},"excerpt":{"rendered":"<p>Wasserdichte Tasche f\u00fcr Nautische Karten 60 x 42cm &#8211; Wasserabweisende Dokumententasche aus Acrylstoff. UV-Strahlenbest\u00e4ndig. Die stabilen, unverg\u00e4nglichen Farben bleiben mindestens<\/p>\n","protected":false},"featured_media":5943970,"comment_status":"closed","ping_status":"closed","template":"","meta":[],"product_brand":[2795],"product_cat":[1487,1568],"product_tag":[],"class_list":{"0":"post-3424987","1":"product","2":"type-product","3":"status-publish","4":"has-post-thumbnail","6":"product_brand-aquapac-de","7":"product_cat-navigationstafeln-und-instrumente","8":"product_cat-trockensaecke","10":"first","11":"instock","12":"shipping-taxable","13":"purchasable","14":"product-type-simple"},"_links":{"self":[{"href":"https:\/\/stoic-curie.212-227-153-4.plesk.page\/de\/wp-json\/wp\/v2\/product\/3424987","targetHints":{"allow":["GET"]}}],"collection":[{"href":"https:\/\/stoic-curie.212-227-153-4.plesk.page\/de\/wp-json\/wp\/v2\/product"}],"about":[{"href":"https:\/\/stoic-curie.212-227-153-4.plesk.page\/de\/wp-json\/wp\/v2\/types\/product"}],"replies":[{"embeddable":true,"href":"https:\/\/stoic-curie.212-227-153-4.plesk.page\/de\/wp-json\/wp\/v2\/comments?post=3424987"}],"version-history":[{"count":0,"href":"https:\/\/stoic-curie.212-227-153-4.plesk.page\/de\/wp-json\/wp\/v2\/product\/3424987\/revisions"}],"wp:featuredmedia":[{"embeddable":true,"href":"https:\/\/stoic-curie.212-227-153-4.plesk.page\/de\/wp-json\/wp\/v2\/media\/5943970"}],"wp:attachment":[{"href":"https:\/\/stoic-curie.212-227-153-4.plesk.page\/de\/wp-json\/wp\/v2\/media?parent=3424987"}],"wp:term":[{"taxonomy":"product_brand","embeddable":true,"href":"https:\/\/stoic-curie.212-227-153-4.plesk.page\/de\/wp-json\/wp\/v2\/product_brand?post=3424987"},{"taxonomy":"product_cat","embeddable":true,"href":"https:\/\/stoic-curie.212-227-153-4.plesk.page\/de\/wp-json\/wp\/v2\/product_cat?post=3424987"},{"taxonomy":"product_tag","embeddable":true,"href":"https:\/\/stoic-curie.212-227-153-4.plesk.page\/de\/wp-json\/wp\/v2\/product_tag?post=3424987"}],"curies":[{"name":"wp","href":"https:\/\/api.w.org\/{rel}","templated":true}]}}