{"id":3425049,"date":"2025-10-09T22:52:42","date_gmt":"2025-10-10T02:52:42","guid":{"rendered":"https:\/\/stoic-curie.212-227-153-4.plesk.page\/product\/universelle-wasserdichte-tasche-aquapac-265-x-138mm\/"},"modified":"2026-02-24T23:35:04","modified_gmt":"2026-02-24T23:35:04","slug":"universelle-wasserdichte-tasche-aquapac-265-x-138mm","status":"publish","type":"product","link":"https:\/\/stoic-curie.212-227-153-4.plesk.page\/de\/product\/universelle-wasserdichte-tasche-aquapac-265-x-138mm\/","title":{"rendered":"Universelle Wasserdichte Tasche Aquapac 265 x 138mm"},"content":{"rendered":"<p>Universelle Wasserdichte Tasche Aquapac 265 x 138mm &#8211; <\/p>\n<p>Wasserdichte Unterwasserh\u00fclle bis zu 10 m, um kleine Wertsachen wie Schl\u00fcssel, Kreditkarten und Bargeld aufzubewahren. Komplett mit Umh\u00e4ngeband.<\/p>\n","protected":false},"excerpt":{"rendered":"<p>Universelle Wasserdichte Tasche Aquapac 265 x 138mm &#8211; Wasserdichte Unterwasserh\u00fclle bis zu 10 m, um kleine Wertsachen wie Schl\u00fcssel, Kreditkarten<\/p>\n","protected":false},"featured_media":5943986,"comment_status":"closed","ping_status":"closed","template":"","meta":[],"product_brand":[2795],"product_cat":[1568],"product_tag":[],"class_list":{"0":"post-3425049","1":"product","2":"type-product","3":"status-publish","4":"has-post-thumbnail","6":"product_brand-aquapac-de","7":"product_cat-trockensaecke","9":"first","10":"instock","11":"shipping-taxable","12":"purchasable","13":"product-type-simple"},"_links":{"self":[{"href":"https:\/\/stoic-curie.212-227-153-4.plesk.page\/de\/wp-json\/wp\/v2\/product\/3425049","targetHints":{"allow":["GET"]}}],"collection":[{"href":"https:\/\/stoic-curie.212-227-153-4.plesk.page\/de\/wp-json\/wp\/v2\/product"}],"about":[{"href":"https:\/\/stoic-curie.212-227-153-4.plesk.page\/de\/wp-json\/wp\/v2\/types\/product"}],"replies":[{"embeddable":true,"href":"https:\/\/stoic-curie.212-227-153-4.plesk.page\/de\/wp-json\/wp\/v2\/comments?post=3425049"}],"version-history":[{"count":0,"href":"https:\/\/stoic-curie.212-227-153-4.plesk.page\/de\/wp-json\/wp\/v2\/product\/3425049\/revisions"}],"wp:featuredmedia":[{"embeddable":true,"href":"https:\/\/stoic-curie.212-227-153-4.plesk.page\/de\/wp-json\/wp\/v2\/media\/5943986"}],"wp:attachment":[{"href":"https:\/\/stoic-curie.212-227-153-4.plesk.page\/de\/wp-json\/wp\/v2\/media?parent=3425049"}],"wp:term":[{"taxonomy":"product_brand","embeddable":true,"href":"https:\/\/stoic-curie.212-227-153-4.plesk.page\/de\/wp-json\/wp\/v2\/product_brand?post=3425049"},{"taxonomy":"product_cat","embeddable":true,"href":"https:\/\/stoic-curie.212-227-153-4.plesk.page\/de\/wp-json\/wp\/v2\/product_cat?post=3425049"},{"taxonomy":"product_tag","embeddable":true,"href":"https:\/\/stoic-curie.212-227-153-4.plesk.page\/de\/wp-json\/wp\/v2\/product_tag?post=3425049"}],"curies":[{"name":"wp","href":"https:\/\/api.w.org\/{rel}","templated":true}]}}