{"id":3425090,"date":"2025-10-09T22:52:44","date_gmt":"2025-10-10T02:52:44","guid":{"rendered":"https:\/\/stoic-curie.212-227-153-4.plesk.page\/product\/windengriff-tasche-navishell-grau-25-x-12-x-8cm\/"},"modified":"2026-02-24T23:35:04","modified_gmt":"2026-02-24T23:35:04","slug":"windengriff-tasche-navishell-grau-25-x-12-x-8cm","status":"publish","type":"product","link":"https:\/\/stoic-curie.212-227-153-4.plesk.page\/de\/product\/windengriff-tasche-navishell-grau-25-x-12-x-8cm\/","title":{"rendered":"Windengriff Tasche Navishell grau 25 x 12 x 8cm"},"content":{"rendered":"<p>Windengriff Tasche Navishell grau 25 x 12 x 8cm &#8211; <\/p>\n<p>Wasserabweisendes, UV-best\u00e4ndiges Acrylmaterial &#8211; Navishell Winschgriff-Tasche. Zwei optionale Befestigungssysteme inklusive: 1) Saugn\u00e4pfe f\u00fcr eine einfache und starke Befestigung ohne Schrauben 2) Haken f\u00fcr eine einfache und noch st\u00e4rkere Befestigung mit Schrauben.<\/p>\n","protected":false},"excerpt":{"rendered":"<p>Windengriff Tasche Navishell grau 25 x 12 x 8cm &#8211; Wasserabweisendes, UV-best\u00e4ndiges Acrylmaterial &#8211; Navishell Winschgriff-Tasche. Zwei optionale Befestigungssysteme inklusive:<\/p>\n","protected":false},"featured_media":5944006,"comment_status":"closed","ping_status":"closed","template":"","meta":[],"product_brand":[3175],"product_cat":[1479,1486,1357],"product_tag":[],"class_list":{"0":"post-3425090","1":"product","2":"type-product","3":"status-publish","4":"has-post-thumbnail","6":"product_brand-navishell-de","7":"product_cat-abdeckungen-und-schutzhuellen","8":"product_cat-antal-winden","9":"product_cat-aufbewahrungszubehoer","11":"first","12":"instock","13":"shipping-taxable","14":"purchasable","15":"product-type-simple"},"_links":{"self":[{"href":"https:\/\/stoic-curie.212-227-153-4.plesk.page\/de\/wp-json\/wp\/v2\/product\/3425090","targetHints":{"allow":["GET"]}}],"collection":[{"href":"https:\/\/stoic-curie.212-227-153-4.plesk.page\/de\/wp-json\/wp\/v2\/product"}],"about":[{"href":"https:\/\/stoic-curie.212-227-153-4.plesk.page\/de\/wp-json\/wp\/v2\/types\/product"}],"replies":[{"embeddable":true,"href":"https:\/\/stoic-curie.212-227-153-4.plesk.page\/de\/wp-json\/wp\/v2\/comments?post=3425090"}],"version-history":[{"count":0,"href":"https:\/\/stoic-curie.212-227-153-4.plesk.page\/de\/wp-json\/wp\/v2\/product\/3425090\/revisions"}],"wp:featuredmedia":[{"embeddable":true,"href":"https:\/\/stoic-curie.212-227-153-4.plesk.page\/de\/wp-json\/wp\/v2\/media\/5944006"}],"wp:attachment":[{"href":"https:\/\/stoic-curie.212-227-153-4.plesk.page\/de\/wp-json\/wp\/v2\/media?parent=3425090"}],"wp:term":[{"taxonomy":"product_brand","embeddable":true,"href":"https:\/\/stoic-curie.212-227-153-4.plesk.page\/de\/wp-json\/wp\/v2\/product_brand?post=3425090"},{"taxonomy":"product_cat","embeddable":true,"href":"https:\/\/stoic-curie.212-227-153-4.plesk.page\/de\/wp-json\/wp\/v2\/product_cat?post=3425090"},{"taxonomy":"product_tag","embeddable":true,"href":"https:\/\/stoic-curie.212-227-153-4.plesk.page\/de\/wp-json\/wp\/v2\/product_tag?post=3425090"}],"curies":[{"name":"wp","href":"https:\/\/api.w.org\/{rel}","templated":true}]}}