{"id":3425139,"date":"2025-10-09T22:52:46","date_gmt":"2025-10-10T02:52:46","guid":{"rendered":"https:\/\/stoic-curie.212-227-153-4.plesk.page\/product\/abdeckung-fuer-spannschloesser-von-segelbooten-navishell-grau-61-cm\/"},"modified":"2026-02-24T23:35:04","modified_gmt":"2026-02-24T23:35:04","slug":"abdeckung-fuer-spannschloesser-von-segelbooten-navishell-grau-61-cm","status":"publish","type":"product","link":"https:\/\/stoic-curie.212-227-153-4.plesk.page\/de\/product\/abdeckung-fuer-spannschloesser-von-segelbooten-navishell-grau-61-cm\/","title":{"rendered":"Abdeckung f\u00fcr Spannschl\u00f6sser von Segelbooten Navishell Grau 61 cm"},"content":{"rendered":"<p>Abdeckung f\u00fcr Spannschl\u00f6sser von Segelbooten Navishell Grau 61 cm &#8211; <\/p>\n<p>Wasserabweisende, UV-Strahlen-best\u00e4ndige Acrylstoff Navishell Turnbuckle-H\u00fclle. Die stabilisierte, unverwischbare Farbe verblasst nicht und bleibt selbst nach 3 Jahren intensiver Nutzung lebendig. Ausgestattet mit Klettverschluss f\u00fcr eine einfache und sichere Montage.<\/p>\n","protected":false},"excerpt":{"rendered":"<p>Abdeckung f\u00fcr Spannschl\u00f6sser von Segelbooten Navishell Grau 61 cm &#8211; Wasserabweisende, UV-Strahlen-best\u00e4ndige Acrylstoff Navishell Turnbuckle-H\u00fclle. Die stabilisierte, unverwischbare Farbe verblasst<\/p>\n","protected":false},"featured_media":5944008,"comment_status":"closed","ping_status":"closed","template":"","meta":[],"product_brand":[3175],"product_cat":[1479,1470],"product_tag":[],"class_list":{"0":"post-3425139","1":"product","2":"type-product","3":"status-publish","4":"has-post-thumbnail","6":"product_brand-navishell-de","7":"product_cat-abdeckungen-und-schutzhuellen","8":"product_cat-stellbolzen-und-stageneinsteller","10":"first","11":"outofstock","12":"shipping-taxable","13":"purchasable","14":"product-type-simple"},"_links":{"self":[{"href":"https:\/\/stoic-curie.212-227-153-4.plesk.page\/de\/wp-json\/wp\/v2\/product\/3425139","targetHints":{"allow":["GET"]}}],"collection":[{"href":"https:\/\/stoic-curie.212-227-153-4.plesk.page\/de\/wp-json\/wp\/v2\/product"}],"about":[{"href":"https:\/\/stoic-curie.212-227-153-4.plesk.page\/de\/wp-json\/wp\/v2\/types\/product"}],"replies":[{"embeddable":true,"href":"https:\/\/stoic-curie.212-227-153-4.plesk.page\/de\/wp-json\/wp\/v2\/comments?post=3425139"}],"version-history":[{"count":0,"href":"https:\/\/stoic-curie.212-227-153-4.plesk.page\/de\/wp-json\/wp\/v2\/product\/3425139\/revisions"}],"wp:featuredmedia":[{"embeddable":true,"href":"https:\/\/stoic-curie.212-227-153-4.plesk.page\/de\/wp-json\/wp\/v2\/media\/5944008"}],"wp:attachment":[{"href":"https:\/\/stoic-curie.212-227-153-4.plesk.page\/de\/wp-json\/wp\/v2\/media?parent=3425139"}],"wp:term":[{"taxonomy":"product_brand","embeddable":true,"href":"https:\/\/stoic-curie.212-227-153-4.plesk.page\/de\/wp-json\/wp\/v2\/product_brand?post=3425139"},{"taxonomy":"product_cat","embeddable":true,"href":"https:\/\/stoic-curie.212-227-153-4.plesk.page\/de\/wp-json\/wp\/v2\/product_cat?post=3425139"},{"taxonomy":"product_tag","embeddable":true,"href":"https:\/\/stoic-curie.212-227-153-4.plesk.page\/de\/wp-json\/wp\/v2\/product_tag?post=3425139"}],"curies":[{"name":"wp","href":"https:\/\/api.w.org\/{rel}","templated":true}]}}