{"id":3425193,"date":"2025-10-09T22:52:48","date_gmt":"2025-10-10T02:52:48","guid":{"rendered":"https:\/\/stoic-curie.212-227-153-4.plesk.page\/product\/acryl-getraenkehalter-grau-mit-saugnaepfen\/"},"modified":"2026-02-24T23:35:04","modified_gmt":"2026-02-24T23:35:04","slug":"acryl-getraenkehalter-grau-mit-saugnaepfen","status":"publish","type":"product","link":"https:\/\/stoic-curie.212-227-153-4.plesk.page\/de\/product\/acryl-getraenkehalter-grau-mit-saugnaepfen\/","title":{"rendered":"Acryl-Getr\u00e4nkehalter Grau mit Saugn\u00e4pfen"},"content":{"rendered":"<p>Acryl-Getr\u00e4nkehalter Grau mit Saugn\u00e4pfen &#8211; <\/p>\n<p>Doppel-Trinkhalter. Wasserabweisend und UV-Strahlungsbest\u00e4ndig. Die stabilen, unverg\u00e4nglichen Farben bleiben mindestens 3 Jahre bei kontinuierlicher Verwendung lebendig. Zwei optionale Befestigungssysteme enthalten: 1) Mit Saugn\u00e4pfen, die eine einfache und starke Befestigung ohne Bohren gew\u00e4hrleisten 2) Mit Haken, die eine einfache und starke Befestigung durch Bohren gew\u00e4hrleisten<\/p>\n","protected":false},"excerpt":{"rendered":"<p>Acryl-Getr\u00e4nkehalter Grau mit Saugn\u00e4pfen &#8211; Doppel-Trinkhalter. Wasserabweisend und UV-Strahlungsbest\u00e4ndig. Die stabilen, unverg\u00e4nglichen Farben bleiben mindestens 3 Jahre bei kontinuierlicher Verwendung<\/p>\n","protected":false},"featured_media":5944012,"comment_status":"closed","ping_status":"closed","template":"","meta":[],"product_brand":[3175],"product_cat":[1357],"product_tag":[],"class_list":{"0":"post-3425193","1":"product","2":"type-product","3":"status-publish","4":"has-post-thumbnail","6":"product_brand-navishell-de","7":"product_cat-aufbewahrungszubehoer","9":"first","10":"instock","11":"shipping-taxable","12":"purchasable","13":"product-type-simple"},"_links":{"self":[{"href":"https:\/\/stoic-curie.212-227-153-4.plesk.page\/de\/wp-json\/wp\/v2\/product\/3425193","targetHints":{"allow":["GET"]}}],"collection":[{"href":"https:\/\/stoic-curie.212-227-153-4.plesk.page\/de\/wp-json\/wp\/v2\/product"}],"about":[{"href":"https:\/\/stoic-curie.212-227-153-4.plesk.page\/de\/wp-json\/wp\/v2\/types\/product"}],"replies":[{"embeddable":true,"href":"https:\/\/stoic-curie.212-227-153-4.plesk.page\/de\/wp-json\/wp\/v2\/comments?post=3425193"}],"version-history":[{"count":0,"href":"https:\/\/stoic-curie.212-227-153-4.plesk.page\/de\/wp-json\/wp\/v2\/product\/3425193\/revisions"}],"wp:featuredmedia":[{"embeddable":true,"href":"https:\/\/stoic-curie.212-227-153-4.plesk.page\/de\/wp-json\/wp\/v2\/media\/5944012"}],"wp:attachment":[{"href":"https:\/\/stoic-curie.212-227-153-4.plesk.page\/de\/wp-json\/wp\/v2\/media?parent=3425193"}],"wp:term":[{"taxonomy":"product_brand","embeddable":true,"href":"https:\/\/stoic-curie.212-227-153-4.plesk.page\/de\/wp-json\/wp\/v2\/product_brand?post=3425193"},{"taxonomy":"product_cat","embeddable":true,"href":"https:\/\/stoic-curie.212-227-153-4.plesk.page\/de\/wp-json\/wp\/v2\/product_cat?post=3425193"},{"taxonomy":"product_tag","embeddable":true,"href":"https:\/\/stoic-curie.212-227-153-4.plesk.page\/de\/wp-json\/wp\/v2\/product_tag?post=3425193"}],"curies":[{"name":"wp","href":"https:\/\/api.w.org\/{rel}","templated":true}]}}