{"id":3425200,"date":"2025-10-09T22:52:49","date_gmt":"2025-10-10T02:52:49","guid":{"rendered":"https:\/\/stoic-curie.212-227-153-4.plesk.page\/product\/navishell-seilabdeckung-grau-50cm\/"},"modified":"2026-02-24T23:35:04","modified_gmt":"2026-02-24T23:35:04","slug":"navishell-seilabdeckung-grau-50cm","status":"publish","type":"product","link":"https:\/\/stoic-curie.212-227-153-4.plesk.page\/de\/product\/navishell-seilabdeckung-grau-50cm\/","title":{"rendered":"Navishell Seilabdeckung Grau 50cm"},"content":{"rendered":"<p>Navishell Seilabdeckung Grau 50cm &#8211; <\/p>\n<p>Webstoff aus Acryl-Gewebe f\u00fcr den Schutz von Festmacherleinen. Wasserabweisend und UV-best\u00e4ndig, garantiert dieses Material eine hohe Farbbest\u00e4ndigkeit und kommt mit einer 3-j\u00e4hrigen Nicht-Verblassgarantie. Sch\u00fctzen Sie die Seile vor Abrieb und Witterungseinfl\u00fcssen. Robuste Klettverschluss\u00f6ffnung, die einfach zu montieren ist.<\/p>\n","protected":false},"excerpt":{"rendered":"<p>Navishell Seilabdeckung Grau 50cm &#8211; Webstoff aus Acryl-Gewebe f\u00fcr den Schutz von Festmacherleinen. Wasserabweisend und UV-best\u00e4ndig, garantiert dieses Material eine<\/p>\n","protected":false},"featured_media":5943972,"comment_status":"closed","ping_status":"closed","template":"","meta":[],"product_brand":[3175],"product_cat":[1479,1326],"product_tag":[],"class_list":{"0":"post-3425200","1":"product","2":"type-product","3":"status-publish","4":"has-post-thumbnail","6":"product_brand-navishell-de","7":"product_cat-abdeckungen-und-schutzhuellen","8":"product_cat-splicing-werkzeuge","10":"first","11":"instock","12":"shipping-taxable","13":"purchasable","14":"product-type-simple"},"_links":{"self":[{"href":"https:\/\/stoic-curie.212-227-153-4.plesk.page\/de\/wp-json\/wp\/v2\/product\/3425200","targetHints":{"allow":["GET"]}}],"collection":[{"href":"https:\/\/stoic-curie.212-227-153-4.plesk.page\/de\/wp-json\/wp\/v2\/product"}],"about":[{"href":"https:\/\/stoic-curie.212-227-153-4.plesk.page\/de\/wp-json\/wp\/v2\/types\/product"}],"replies":[{"embeddable":true,"href":"https:\/\/stoic-curie.212-227-153-4.plesk.page\/de\/wp-json\/wp\/v2\/comments?post=3425200"}],"version-history":[{"count":0,"href":"https:\/\/stoic-curie.212-227-153-4.plesk.page\/de\/wp-json\/wp\/v2\/product\/3425200\/revisions"}],"wp:featuredmedia":[{"embeddable":true,"href":"https:\/\/stoic-curie.212-227-153-4.plesk.page\/de\/wp-json\/wp\/v2\/media\/5943972"}],"wp:attachment":[{"href":"https:\/\/stoic-curie.212-227-153-4.plesk.page\/de\/wp-json\/wp\/v2\/media?parent=3425200"}],"wp:term":[{"taxonomy":"product_brand","embeddable":true,"href":"https:\/\/stoic-curie.212-227-153-4.plesk.page\/de\/wp-json\/wp\/v2\/product_brand?post=3425200"},{"taxonomy":"product_cat","embeddable":true,"href":"https:\/\/stoic-curie.212-227-153-4.plesk.page\/de\/wp-json\/wp\/v2\/product_cat?post=3425200"},{"taxonomy":"product_tag","embeddable":true,"href":"https:\/\/stoic-curie.212-227-153-4.plesk.page\/de\/wp-json\/wp\/v2\/product_tag?post=3425200"}],"curies":[{"name":"wp","href":"https:\/\/api.w.org\/{rel}","templated":true}]}}