{"id":3425224,"date":"2025-10-09T22:52:49","date_gmt":"2025-10-10T02:52:49","guid":{"rendered":"https:\/\/stoic-curie.212-227-153-4.plesk.page\/product\/blaue-abdeckung-uv-bestaendig-fuer-drahtseil-columbus-60-cm\/"},"modified":"2026-02-24T23:35:04","modified_gmt":"2026-02-24T23:35:04","slug":"blaue-abdeckung-uv-bestaendig-fuer-drahtseil-columbus-60-cm","status":"publish","type":"product","link":"https:\/\/stoic-curie.212-227-153-4.plesk.page\/de\/product\/blaue-abdeckung-uv-bestaendig-fuer-drahtseil-columbus-60-cm\/","title":{"rendered":"Blaue Abdeckung UV-best\u00e4ndig f\u00fcr Drahtseil Columbus 60 cm"},"content":{"rendered":"<p>Blaue Abdeckung UV-best\u00e4ndig f\u00fcr Drahtseil Columbus 60 cm &#8211; <\/p>\n<p>UV-best\u00e4ndiger 600 DEN Stoff Columbus Guard Rail Cover mit Schaumstoff-Innenlage. Doppelte Velcro-Verschluss: eine innen zur Abdeckung des Gel\u00e4nders und eine au\u00dfen zur Befestigung der Abdeckung.<\/p>\n","protected":false},"excerpt":{"rendered":"<p>Blaue Abdeckung UV-best\u00e4ndig f\u00fcr Drahtseil Columbus 60 cm &#8211; UV-best\u00e4ndiger 600 DEN Stoff Columbus Guard Rail Cover mit Schaumstoff-Innenlage. Doppelte<\/p>\n","protected":false},"featured_media":5944014,"comment_status":"closed","ping_status":"closed","template":"","meta":[],"product_brand":[3175],"product_cat":[1479,1471],"product_tag":[],"class_list":{"0":"post-3425224","1":"product","2":"type-product","3":"status-publish","4":"has-post-thumbnail","6":"product_brand-navishell-de","7":"product_cat-abdeckungen-und-schutzhuellen","8":"product_cat-stuetzen","10":"first","11":"instock","12":"shipping-taxable","13":"purchasable","14":"product-type-simple"},"_links":{"self":[{"href":"https:\/\/stoic-curie.212-227-153-4.plesk.page\/de\/wp-json\/wp\/v2\/product\/3425224","targetHints":{"allow":["GET"]}}],"collection":[{"href":"https:\/\/stoic-curie.212-227-153-4.plesk.page\/de\/wp-json\/wp\/v2\/product"}],"about":[{"href":"https:\/\/stoic-curie.212-227-153-4.plesk.page\/de\/wp-json\/wp\/v2\/types\/product"}],"replies":[{"embeddable":true,"href":"https:\/\/stoic-curie.212-227-153-4.plesk.page\/de\/wp-json\/wp\/v2\/comments?post=3425224"}],"version-history":[{"count":0,"href":"https:\/\/stoic-curie.212-227-153-4.plesk.page\/de\/wp-json\/wp\/v2\/product\/3425224\/revisions"}],"wp:featuredmedia":[{"embeddable":true,"href":"https:\/\/stoic-curie.212-227-153-4.plesk.page\/de\/wp-json\/wp\/v2\/media\/5944014"}],"wp:attachment":[{"href":"https:\/\/stoic-curie.212-227-153-4.plesk.page\/de\/wp-json\/wp\/v2\/media?parent=3425224"}],"wp:term":[{"taxonomy":"product_brand","embeddable":true,"href":"https:\/\/stoic-curie.212-227-153-4.plesk.page\/de\/wp-json\/wp\/v2\/product_brand?post=3425224"},{"taxonomy":"product_cat","embeddable":true,"href":"https:\/\/stoic-curie.212-227-153-4.plesk.page\/de\/wp-json\/wp\/v2\/product_cat?post=3425224"},{"taxonomy":"product_tag","embeddable":true,"href":"https:\/\/stoic-curie.212-227-153-4.plesk.page\/de\/wp-json\/wp\/v2\/product_tag?post=3425224"}],"curies":[{"name":"wp","href":"https:\/\/api.w.org\/{rel}","templated":true}]}}