{"id":3425275,"date":"2025-10-09T22:52:52","date_gmt":"2025-10-10T02:52:52","guid":{"rendered":"https:\/\/stoic-curie.212-227-153-4.plesk.page\/product\/moskitonetz-bullaugen-groesse-gross-30x70cm\/"},"modified":"2026-02-24T23:35:04","modified_gmt":"2026-02-24T23:35:04","slug":"moskitonetz-bullaugen-groesse-gross-30x70cm","status":"publish","type":"product","link":"https:\/\/stoic-curie.212-227-153-4.plesk.page\/de\/product\/moskitonetz-bullaugen-groesse-gross-30x70cm\/","title":{"rendered":"Moskitonetz Bullaugen Gr\u00f6\u00dfe Gro\u00df 30x70cm"},"content":{"rendered":"<p>Moskitonetz Bullaugen Gr\u00f6\u00dfe Gro\u00df 30x70cm &#8211; <\/p>\n<p>Erm\u00f6glichen Sie die Bel\u00fcftung des Bootes, ohne Insekten und M\u00fccken hereinzulassen.<\/p>\n","protected":false},"excerpt":{"rendered":"<p>Moskitonetz Bullaugen Gr\u00f6\u00dfe Gro\u00df 30x70cm &#8211; Erm\u00f6glichen Sie die Bel\u00fcftung des Bootes, ohne Insekten und M\u00fccken hereinzulassen.<\/p>\n","protected":false},"featured_media":5944027,"comment_status":"closed","ping_status":"closed","template":"","meta":[],"product_brand":[3165],"product_cat":[1415],"product_tag":[],"class_list":{"0":"post-3425275","1":"product","2":"type-product","3":"status-publish","4":"has-post-thumbnail","6":"product_brand-nautica-f4-de","7":"product_cat-bootsluken","9":"first","10":"instock","11":"shipping-taxable","12":"purchasable","13":"product-type-simple"},"_links":{"self":[{"href":"https:\/\/stoic-curie.212-227-153-4.plesk.page\/de\/wp-json\/wp\/v2\/product\/3425275","targetHints":{"allow":["GET"]}}],"collection":[{"href":"https:\/\/stoic-curie.212-227-153-4.plesk.page\/de\/wp-json\/wp\/v2\/product"}],"about":[{"href":"https:\/\/stoic-curie.212-227-153-4.plesk.page\/de\/wp-json\/wp\/v2\/types\/product"}],"replies":[{"embeddable":true,"href":"https:\/\/stoic-curie.212-227-153-4.plesk.page\/de\/wp-json\/wp\/v2\/comments?post=3425275"}],"version-history":[{"count":0,"href":"https:\/\/stoic-curie.212-227-153-4.plesk.page\/de\/wp-json\/wp\/v2\/product\/3425275\/revisions"}],"wp:featuredmedia":[{"embeddable":true,"href":"https:\/\/stoic-curie.212-227-153-4.plesk.page\/de\/wp-json\/wp\/v2\/media\/5944027"}],"wp:attachment":[{"href":"https:\/\/stoic-curie.212-227-153-4.plesk.page\/de\/wp-json\/wp\/v2\/media?parent=3425275"}],"wp:term":[{"taxonomy":"product_brand","embeddable":true,"href":"https:\/\/stoic-curie.212-227-153-4.plesk.page\/de\/wp-json\/wp\/v2\/product_brand?post=3425275"},{"taxonomy":"product_cat","embeddable":true,"href":"https:\/\/stoic-curie.212-227-153-4.plesk.page\/de\/wp-json\/wp\/v2\/product_cat?post=3425275"},{"taxonomy":"product_tag","embeddable":true,"href":"https:\/\/stoic-curie.212-227-153-4.plesk.page\/de\/wp-json\/wp\/v2\/product_tag?post=3425275"}],"curies":[{"name":"wp","href":"https:\/\/api.w.org\/{rel}","templated":true}]}}