{"id":3425291,"date":"2025-10-09T22:52:52","date_gmt":"2025-10-10T02:52:52","guid":{"rendered":"https:\/\/stoic-curie.212-227-153-4.plesk.page\/product\/blindnetzluken-groesse-regulaer-60x60cm\/"},"modified":"2026-02-24T23:35:04","modified_gmt":"2026-02-24T23:35:04","slug":"blindnetzluken-groesse-regulaer-60x60cm","status":"publish","type":"product","link":"https:\/\/stoic-curie.212-227-153-4.plesk.page\/de\/product\/blindnetzluken-groesse-regulaer-60x60cm\/","title":{"rendered":"Blindnetzluken Gr\u00f6\u00dfe Regul\u00e4r 60x60cm"},"content":{"rendered":"<p>Blindnetzluken Gr\u00f6\u00dfe Regul\u00e4r 60x60cm &#8211; <\/p>\n<p>Jalousien f\u00fcr Luken sind in drei Gr\u00f6\u00dfen erh\u00e4ltlich und wurden entwickelt, um es in Booten dunkel zu machen, damit Sie gut schlafen k\u00f6nnen. Sie bel\u00fcften das Boot, ohne M\u00fccken oder andere Insekten hereinzulassen. Kann mit einer Saugnapf oder einem Magneten von innen montiert werden.<\/p>\n","protected":false},"excerpt":{"rendered":"<p>Blindnetzluken Gr\u00f6\u00dfe Regul\u00e4r 60x60cm &#8211; Jalousien f\u00fcr Luken sind in drei Gr\u00f6\u00dfen erh\u00e4ltlich und wurden entwickelt, um es in Booten<\/p>\n","protected":false},"featured_media":5944035,"comment_status":"closed","ping_status":"closed","template":"","meta":[],"product_brand":[3175],"product_cat":[1415],"product_tag":[],"class_list":{"0":"post-3425291","1":"product","2":"type-product","3":"status-publish","4":"has-post-thumbnail","6":"product_brand-navishell-de","7":"product_cat-bootsluken","9":"first","10":"instock","11":"shipping-taxable","12":"purchasable","13":"product-type-simple"},"_links":{"self":[{"href":"https:\/\/stoic-curie.212-227-153-4.plesk.page\/de\/wp-json\/wp\/v2\/product\/3425291","targetHints":{"allow":["GET"]}}],"collection":[{"href":"https:\/\/stoic-curie.212-227-153-4.plesk.page\/de\/wp-json\/wp\/v2\/product"}],"about":[{"href":"https:\/\/stoic-curie.212-227-153-4.plesk.page\/de\/wp-json\/wp\/v2\/types\/product"}],"replies":[{"embeddable":true,"href":"https:\/\/stoic-curie.212-227-153-4.plesk.page\/de\/wp-json\/wp\/v2\/comments?post=3425291"}],"version-history":[{"count":0,"href":"https:\/\/stoic-curie.212-227-153-4.plesk.page\/de\/wp-json\/wp\/v2\/product\/3425291\/revisions"}],"wp:featuredmedia":[{"embeddable":true,"href":"https:\/\/stoic-curie.212-227-153-4.plesk.page\/de\/wp-json\/wp\/v2\/media\/5944035"}],"wp:attachment":[{"href":"https:\/\/stoic-curie.212-227-153-4.plesk.page\/de\/wp-json\/wp\/v2\/media?parent=3425291"}],"wp:term":[{"taxonomy":"product_brand","embeddable":true,"href":"https:\/\/stoic-curie.212-227-153-4.plesk.page\/de\/wp-json\/wp\/v2\/product_brand?post=3425291"},{"taxonomy":"product_cat","embeddable":true,"href":"https:\/\/stoic-curie.212-227-153-4.plesk.page\/de\/wp-json\/wp\/v2\/product_cat?post=3425291"},{"taxonomy":"product_tag","embeddable":true,"href":"https:\/\/stoic-curie.212-227-153-4.plesk.page\/de\/wp-json\/wp\/v2\/product_tag?post=3425291"}],"curies":[{"name":"wp","href":"https:\/\/api.w.org\/{rel}","templated":true}]}}