{"id":3425313,"date":"2025-10-09T22:52:53","date_gmt":"2025-10-10T02:52:53","guid":{"rendered":"https:\/\/stoic-curie.212-227-153-4.plesk.page\/product\/blinden-netz-bullaugen-groesse-klein-23x49cm\/"},"modified":"2026-02-24T23:35:04","modified_gmt":"2026-02-24T23:35:04","slug":"blinden-netz-bullaugen-groesse-klein-23x49cm","status":"publish","type":"product","link":"https:\/\/stoic-curie.212-227-153-4.plesk.page\/de\/product\/blinden-netz-bullaugen-groesse-klein-23x49cm\/","title":{"rendered":"Blinden Netz Bullaugen Gr\u00f6\u00dfe Klein 23x49cm"},"content":{"rendered":"<p>Blinden Netz Bullaugen Gr\u00f6\u00dfe Klein 23x49cm &#8211; <\/p>\n<p>Rollos f\u00fcr Bullaugen sind in zwei Gr\u00f6\u00dfen erh\u00e4ltlich, die daf\u00fcr konzipiert sind, es in Booten dunkel zu machen, damit Sie gut schlafen k\u00f6nnen, w\u00e4hrend sie gleichzeitig das Boot bel\u00fcften, ohne M\u00fccken oder andere Insekten hereinzulassen. Sie k\u00f6nnen von innen mit einem Saugnapf oder einem Magneten montiert werden. 3272557 wird im Paar verkauft.<\/p>\n","protected":false},"excerpt":{"rendered":"<p>Blinden Netz Bullaugen Gr\u00f6\u00dfe Klein 23x49cm &#8211; Rollos f\u00fcr Bullaugen sind in zwei Gr\u00f6\u00dfen erh\u00e4ltlich, die daf\u00fcr konzipiert sind, es<\/p>\n","protected":false},"featured_media":5944040,"comment_status":"closed","ping_status":"closed","template":"","meta":[],"product_brand":[3175],"product_cat":[1415],"product_tag":[],"class_list":{"0":"post-3425313","1":"product","2":"type-product","3":"status-publish","4":"has-post-thumbnail","6":"product_brand-navishell-de","7":"product_cat-bootsluken","9":"first","10":"instock","11":"shipping-taxable","12":"purchasable","13":"product-type-simple"},"_links":{"self":[{"href":"https:\/\/stoic-curie.212-227-153-4.plesk.page\/de\/wp-json\/wp\/v2\/product\/3425313","targetHints":{"allow":["GET"]}}],"collection":[{"href":"https:\/\/stoic-curie.212-227-153-4.plesk.page\/de\/wp-json\/wp\/v2\/product"}],"about":[{"href":"https:\/\/stoic-curie.212-227-153-4.plesk.page\/de\/wp-json\/wp\/v2\/types\/product"}],"replies":[{"embeddable":true,"href":"https:\/\/stoic-curie.212-227-153-4.plesk.page\/de\/wp-json\/wp\/v2\/comments?post=3425313"}],"version-history":[{"count":0,"href":"https:\/\/stoic-curie.212-227-153-4.plesk.page\/de\/wp-json\/wp\/v2\/product\/3425313\/revisions"}],"wp:featuredmedia":[{"embeddable":true,"href":"https:\/\/stoic-curie.212-227-153-4.plesk.page\/de\/wp-json\/wp\/v2\/media\/5944040"}],"wp:attachment":[{"href":"https:\/\/stoic-curie.212-227-153-4.plesk.page\/de\/wp-json\/wp\/v2\/media?parent=3425313"}],"wp:term":[{"taxonomy":"product_brand","embeddable":true,"href":"https:\/\/stoic-curie.212-227-153-4.plesk.page\/de\/wp-json\/wp\/v2\/product_brand?post=3425313"},{"taxonomy":"product_cat","embeddable":true,"href":"https:\/\/stoic-curie.212-227-153-4.plesk.page\/de\/wp-json\/wp\/v2\/product_cat?post=3425313"},{"taxonomy":"product_tag","embeddable":true,"href":"https:\/\/stoic-curie.212-227-153-4.plesk.page\/de\/wp-json\/wp\/v2\/product_tag?post=3425313"}],"curies":[{"name":"wp","href":"https:\/\/api.w.org\/{rel}","templated":true}]}}